{"id":6526,"date":"2024-08-19T13:39:56","date_gmt":"2024-08-19T11:39:56","guid":{"rendered":"https:\/\/alpenbrevet.ch\/services\/anreise\/"},"modified":"2026-02-20T08:38:43","modified_gmt":"2026-02-20T07:38:43","slug":"getting-there","status":"publish","type":"page","link":"https:\/\/alpenbrevet.ch\/en\/services\/getting-there\/","title":{"rendered":"Getting there"},"content":{"rendered":"<link data-name=\"until-s\" rel=\"preload\" as=\"style\" href=\"https:\/\/alpenbrevet.ch\/wp-content\/uploads\/Alpenbrevet-Anreise-540x960.jpg\" media=\"(max-width: 539px) and (max-height: 303.75px) and (max-resolution: 1.999dppx)\">\n<link data-name=\"until-s@2x\" rel=\"preload\" as=\"style\" href=\"https:\/\/alpenbrevet.ch\/wp-content\/uploads\/Alpenbrevet-Anreise-1080x1920.jpg\" media=\"(max-width: 539px) and (max-height: 303.75px) and (min-resolution: 2dppx)\">\n<link data-name=\"until-sm\" rel=\"preload\" as=\"style\" href=\"https:\/\/alpenbrevet.ch\/wp-content\/uploads\/Alpenbrevet-Anreise-768x1365.jpg\" media=\"(max-width: 767px) and (max-height: 432px) and (max-resolution: 1.999dppx)\">\n<link data-name=\"until-sm@2x\" rel=\"preload\" as=\"style\" href=\"https:\/\/alpenbrevet.ch\/wp-content\/uploads\/Alpenbrevet-Anreise-1536x2730.jpg\" media=\"(max-width: 767px) and (max-height: 432px) and (min-resolution: 2dppx)\">\n<link data-name=\"until-md\" rel=\"preload\" as=\"style\" href=\"https:\/\/alpenbrevet.ch\/wp-content\/uploads\/Alpenbrevet-Anreise-992x558.jpg\" media=\"(max-width: 991px) and (max-height: 558px) and (max-resolution: 1.999dppx)\">\n<link data-name=\"until-md@2x\" rel=\"preload\" as=\"style\" href=\"https:\/\/alpenbrevet.ch\/wp-content\/uploads\/Alpenbrevet-Anreise-1984x1116.jpg\" media=\"(max-width: 991px) and (max-height: 558px) and (min-resolution: 2dppx)\">\n<link data-name=\"until-lg\" rel=\"preload\" as=\"style\" href=\"https:\/\/alpenbrevet.ch\/wp-content\/uploads\/Alpenbrevet-Anreise-1200x675.jpg\" media=\"(max-width: 1199px) and (max-height: 675px) and (max-resolution: 1.999dppx)\">\n<link data-name=\"until-lg@2x\" rel=\"preload\" as=\"style\" href=\"https:\/\/alpenbrevet.ch\/wp-content\/uploads\/Alpenbrevet-Anreise-2400x1350.jpg\" media=\"(max-width: 1199px) and (max-height: 675px) and (min-resolution: 2dppx)\">\n<link data-name=\"until-xl\" rel=\"preload\" as=\"style\" href=\"https:\/\/alpenbrevet.ch\/wp-content\/uploads\/Alpenbrevet-Anreise-1425x802.jpg\" media=\"(max-width: 1424px) and (max-height: 801.5625px) and (max-resolution: 1.999dppx)\">\n<link data-name=\"until-xl@2x\" rel=\"preload\" as=\"style\" href=\"https:\/\/alpenbrevet.ch\/wp-content\/uploads\/Alpenbrevet-Anreise-2850x1604.jpg\" media=\"(max-width: 1424px) and (max-height: 801.5625px) and (min-resolution: 2dppx)\">\n<link data-name=\"full\" rel=\"preload\" as=\"style\" href=\"https:\/\/alpenbrevet.ch\/wp-content\/uploads\/Alpenbrevet-Anreise.jpg\" media=\"(min-width: 1425px)\">\n<div class=\"hero-section hero-is-image hero-align-end hero-size-narrow\" style=\"--hero-image-full: url('https:\/\/alpenbrevet.ch\/wp-content\/uploads\/Alpenbrevet-Anreise.jpg'); --hero-image-aspect-ratio: 1.5005861664713; --hero-image-until-s: url('https:\/\/alpenbrevet.ch\/wp-content\/uploads\/Alpenbrevet-Anreise-540x960.jpg'); --hero-image-until-s-2x: url('https:\/\/alpenbrevet.ch\/wp-content\/uploads\/Alpenbrevet-Anreise-1080x1920.jpg'); --hero-image-until-sm: url('https:\/\/alpenbrevet.ch\/wp-content\/uploads\/Alpenbrevet-Anreise-768x1365.jpg'); --hero-image-until-sm-2x: url('https:\/\/alpenbrevet.ch\/wp-content\/uploads\/Alpenbrevet-Anreise-1536x2730.jpg'); --hero-image-until-md: url('https:\/\/alpenbrevet.ch\/wp-content\/uploads\/Alpenbrevet-Anreise-992x558.jpg'); --hero-image-until-md-2x: url('https:\/\/alpenbrevet.ch\/wp-content\/uploads\/Alpenbrevet-Anreise-1984x1116.jpg'); --hero-image-until-lg: url('https:\/\/alpenbrevet.ch\/wp-content\/uploads\/Alpenbrevet-Anreise-1200x675.jpg'); --hero-image-until-lg-2x: url('https:\/\/alpenbrevet.ch\/wp-content\/uploads\/Alpenbrevet-Anreise-2400x1350.jpg'); --hero-image-until-xl: url('https:\/\/alpenbrevet.ch\/wp-content\/uploads\/Alpenbrevet-Anreise-1425x802.jpg'); --hero-image-until-xl-2x: url('https:\/\/alpenbrevet.ch\/wp-content\/uploads\/Alpenbrevet-Anreise-2850x1604.jpg'); --hero-image-position: 50% 50%\"\n>\n\t<div class=\"hero-media\">\n\t\t<div class=\"hero-media-overlay\"><\/div>\n\t\t<div class=\"hero-content-wrapper\">\n\t\t\t<div class=\"hero-content\">\n\t\t\t\t<h1>Getting there<\/h1>\n\n\t\t\t<\/div>\n\t\t<\/div>\n\t<\/div>\n<\/div><nav class=\"breadcrumb\" aria-label=\"Breadcrumb\">\n\t<ol>\n\t\t<li>\n\t\t\t<a href=\"https:\/\/alpenbrevet.ch\/en\/\" class=\"breadcrumb-link\">Startseite<\/a>\n\t\t<\/li>\n\t\t<li>\n\t\t\t<a href=\"https:\/\/alpenbrevet.ch\/en\/services\/\" class=\"breadcrumb-link\">Services<\/a>\n\t\t<\/li>\n\t\t<li>\n\t\t\t<a href=\"https:\/\/alpenbrevet.ch\/en\/services\/getting-there\/\" class=\"breadcrumb-link\" aria-current=\"page\">Getting there<\/a>\n\t\t<\/li>\n\t<\/ol>\n<\/nav><div  class=\"page-section style-default layout-default align-default\">\n\t<div class=\"section-grid grid-layout container\"><div  style=\"--grid-layout-index: 1\" class=\"section-item layout-default layout-margin-default\"><p>For a smooth journey to the Swiss Cycling Alpenbrevet, we offer numerous options to easily reach Andermatt and Ulrichen. Whether by public transport or car, we have compiled all the details for a stress-free arrival. Take advantage of our special train connections or find the best route by car, including parking options.<\/p>\n\n<div class=\"accordion-wrapper\">\n\t<div class=\"accordion-group\">\n\n\n\n\n<div class=\"wpce-accordion accordion\" id=\"by-public-transport-to-andermatt\">\n\t<div class=\"accordion-heading-wrapper\" role=\"heading\" aria-level=\"3\">\n\t\t<button\n\t\t\ttype=\"button\"\n\t\t\tclass=\"accordion-heading\"\n\t\t\tid=\"accordion-header-5a840d43-a9c3-4856-876f-28a5635a0cf1\"\n\t\t\taria-controls=\"accordion-content-5a840d43-a9c3-4856-876f-28a5635a0cf1\"\n\t\t>\n\t\t\tBy public transport to Andermatt\n\n\t\t\t<div class=\"accordion-icon-wrapper toggle-wrapper\">\n\t\t\t\t<svg class=\"toggle-icon\" width=\"22\" height=\"22\" viewBox=\"0 0 22 22\" xmlns=\"http:\/\/www.w3.org\/2000\/svg\">\n\t\t\t\t\t<g fill=\"currentColor\" fill-rule=\"evenodd\">\n\t\t\t\t\t\t<rect y=\"10\" width=\"22\" height=\"2\"><\/rect>\n\t\t\t\t\t\t<polygon class=\"toggle-icon-vertical\" points=\"12 0 12 22 10 22 10 0\"><\/polygon>\n\t\t\t\t\t<\/g>\n\t\t\t\t<\/svg>\n\t\t\t<\/div>\n\t\t<\/button>\n\t<\/div>\n\t<div\n\t\tclass=\"accordion-inner\"\n\t\tid=\"accordion-content-5a840d43-a9c3-4856-876f-28a5635a0cf1\"\n\t\trole=\"region\"\n\t\taria-labelledby=\"accordion-header-5a840d43-a9c3-4856-876f-28a5635a0cf1\"\n\t>\n<p>On Friday, <strong>4 September 2026<\/strong>, two trains operated by S\u00fcdostbahn will depart from Zurich main station with additional capacity specifically for Alpenbrevet participants. We kindly request that all those arriving by train on Friday use these connections:<\/p>\n<p><strong>1st connection: 12:05 p.m. (Zurich main station) \u2013 12:54 p.m. (Arth-Goldau) \u2013 2:06 p.m. (Andermatt)<\/strong><\/p>\n<p><strong>2nd connection: 4:05 p.m. (Zurich main station) \u2013 4:54 p.m. (Arth-Goldau) \u2013 6:06 p.m. (Andermatt)<\/strong><\/p>\n<p>Please follow the instructions of the train staff on site. You will also need a regular ticket for yourself and your bike for these connections.<\/p>\n<p><em>Travelling by public transport on Saturday morning is not possible due to the early start times.<\/em><\/p>\n\t<\/div>\n<\/div>\n\n\n\n\n<div class=\"wpce-accordion accordion\" id=\"extratrain\">\n\t<div class=\"accordion-heading-wrapper\" role=\"heading\" aria-level=\"3\">\n\t\t<button\n\t\t\ttype=\"button\"\n\t\t\tclass=\"accordion-heading\"\n\t\t\tid=\"accordion-header-0d9f9b29-a631-4794-8b74-336793f466ca\"\n\t\t\taria-controls=\"accordion-content-0d9f9b29-a631-4794-8b74-336793f466ca\"\n\t\t>\n\t\t\tExtra train fiesch-andermatt\n\n\t\t\t<div class=\"accordion-icon-wrapper toggle-wrapper\">\n\t\t\t\t<svg class=\"toggle-icon\" width=\"22\" height=\"22\" viewBox=\"0 0 22 22\" xmlns=\"http:\/\/www.w3.org\/2000\/svg\">\n\t\t\t\t\t<g fill=\"currentColor\" fill-rule=\"evenodd\">\n\t\t\t\t\t\t<rect y=\"10\" width=\"22\" height=\"2\"><\/rect>\n\t\t\t\t\t\t<polygon class=\"toggle-icon-vertical\" points=\"12 0 12 22 10 22 10 0\"><\/polygon>\n\t\t\t\t\t<\/g>\n\t\t\t\t<\/svg>\n\t\t\t<\/div>\n\t\t<\/button>\n\t<\/div>\n\t<div\n\t\tclass=\"accordion-inner\"\n\t\tid=\"accordion-content-0d9f9b29-a631-4794-8b74-336793f466ca\"\n\t\trole=\"region\"\n\t\taria-labelledby=\"accordion-header-0d9f9b29-a631-4794-8b74-336793f466ca\"\n\t>\n<p>Together with Obergoms Tourism and the Matterhorn Gotthard Bahn, we are offering a special train on Saturday early morning from Fiesch to Andermatt. The Obergoms region provides plenty of accommodation options, so there is no need for a long journey on the day of the event. The special train departs from Fiesch at 4:00 a.m. and arrives in Andermatt at 5:02 a.m. This ensures you arrive in time for the start of all tours in Andermatt.<\/p>\n<p><strong>The ticket costs CHF 29.\u2013 for one person and one bicycle. The ticket must be purchased in advance and cannot be bought on the day of travel. Please note that the capacity of the special train is limited to 120 people.<\/strong><\/p>\n\n\n<div class=\"buttons\">\n\t<div class=\"button-group\">\n\n\t\t\t<a\n\t\t\t\thref=\"https:\/\/trackmaxx.ch\/registration\/?race=AB26U&amp;pl=rt&amp;contest=21&amp;l=en\" target=\"_blank\" rel=\"noopener\" class=\"button style-default with-arrow\"\n\t\t\t>\n\t\t\t\tBuy a ticket\n\t\t\t<\/a>\n\t<\/div>\n<\/div>\n<p>Timetable Saturday, September 5, 2026 (subject to change):<\/p>\n\n\n<div class=\"table-container\">\n\t<table class=\"table\">\n\t\t<tbody>\n\t\t\t<tr>\n\t\t\t\t\t<td><p><strong>Departure time<\/strong><\/p><\/td>\n\t\t\t\t\t<td><p><strong>Location<\/strong><\/p><\/td>\n\t\t\t<\/tr>\n\t\t\t<tr>\n\t\t\t\t\t<td><p>04:00<\/p><\/td>\n\t\t\t\t\t<td><p>Fiesch<\/p><\/td>\n\t\t\t<\/tr>\n\t\t\t<tr>\n\t\t\t\t\t<td><p>04:05<\/p><\/td>\n\t\t\t\t\t<td><p>F\u00fcrgangen-Bellwald<\/p><\/td>\n\t\t\t<\/tr>\n\t\t\t<tr>\n\t\t\t\t\t<td><p>04:10<\/p><\/td>\n\t\t\t\t\t<td><p>Niederwald<\/p><\/td>\n\t\t\t<\/tr>\n\t\t\t<tr>\n\t\t\t\t\t<td><p>04:12<\/p><\/td>\n\t\t\t\t\t<td><p>Blitzingen<\/p><\/td>\n\t\t\t<\/tr>\n\t\t\t<tr>\n\t\t\t\t\t<td><p>04:14<\/p><\/td>\n\t\t\t\t\t<td><p>Biel (Goms)<\/p><\/td>\n\t\t\t<\/tr>\n\t\t\t<tr>\n\t\t\t\t\t<td><p>04:16<\/p><\/td>\n\t\t\t\t\t<td><p>Gluringen<\/p><\/td>\n\t\t\t<\/tr>\n\t\t\t<tr>\n\t\t\t\t\t<td><p>04:18<\/p><\/td>\n\t\t\t\t\t<td><p>Reckingen VS<\/p><\/td>\n\t\t\t<\/tr>\n\t\t\t<tr>\n\t\t\t\t\t<td><p>04:21<\/p><\/td>\n\t\t\t\t\t<td><p>M\u00fcnster VS<\/p><\/td>\n\t\t\t<\/tr>\n\t\t\t<tr>\n\t\t\t\t\t<td><p>04:23<\/p><\/td>\n\t\t\t\t\t<td><p>Geschinen<\/p><\/td>\n\t\t\t<\/tr>\n\t\t\t<tr>\n\t\t\t\t\t<td><p>04:26<\/p><\/td>\n\t\t\t\t\t<td><p>Ulrichen<\/p><\/td>\n\t\t\t<\/tr>\n\t\t\t<tr>\n\t\t\t\t\t<td><p>04:28<\/p><\/td>\n\t\t\t\t\t<td><p>Obergesteln<\/p><\/td>\n\t\t\t<\/tr>\n\t\t\t<tr>\n\t\t\t\t\t<td><p>04:35<\/p><\/td>\n\t\t\t\t\t<td><p>Oberwald<\/p><\/td>\n\t\t\t<\/tr>\n\t\t\t<tr>\n\t\t\t\t\t<td><p>04:50<\/p><\/td>\n\t\t\t\t\t<td><p>Realp<\/p><\/td>\n\t\t\t<\/tr>\n\t\t\t<tr>\n\t\t\t\t\t<td><p>04:57<\/p><\/td>\n\t\t\t\t\t<td><p>Hospental<\/p><\/td>\n\t\t\t<\/tr>\n\t\t\t<tr>\n\t\t\t\t\t<td><p>05:02<\/p><\/td>\n\t\t\t\t\t<td><p>Andermatt<\/p><\/td>\n\t\t\t<\/tr>\n\t\t<\/tbody>\n\t<\/table>\n<\/div>\t<\/div>\n<\/div>\n\n\n\n\n<div class=\"wpce-accordion accordion\" id=\"extrazug\">\n\t<div class=\"accordion-heading-wrapper\" role=\"heading\" aria-level=\"3\">\n\t\t<button\n\t\t\ttype=\"button\"\n\t\t\tclass=\"accordion-heading\"\n\t\t\tid=\"accordion-header-659aaecb-051b-44bb-b9be-4d2c70dfc706\"\n\t\t\taria-controls=\"accordion-content-659aaecb-051b-44bb-b9be-4d2c70dfc706\"\n\t\t>\n\t\t\tSpecial Train Andermatt \u2013 Ulrichen\n\n\t\t\t<div class=\"accordion-icon-wrapper toggle-wrapper\">\n\t\t\t\t<svg class=\"toggle-icon\" width=\"22\" height=\"22\" viewBox=\"0 0 22 22\" xmlns=\"http:\/\/www.w3.org\/2000\/svg\">\n\t\t\t\t\t<g fill=\"currentColor\" fill-rule=\"evenodd\">\n\t\t\t\t\t\t<rect y=\"10\" width=\"22\" height=\"2\"><\/rect>\n\t\t\t\t\t\t<polygon class=\"toggle-icon-vertical\" points=\"12 0 12 22 10 22 10 0\"><\/polygon>\n\t\t\t\t\t<\/g>\n\t\t\t\t<\/svg>\n\t\t\t<\/div>\n\t\t<\/button>\n\t<\/div>\n\t<div\n\t\tclass=\"accordion-inner\"\n\t\tid=\"accordion-content-659aaecb-051b-44bb-b9be-4d2c70dfc706\"\n\t\trole=\"region\"\n\t\taria-labelledby=\"accordion-header-659aaecb-051b-44bb-b9be-4d2c70dfc706\"\n\t>\n<p>Together with our partners, we are offering a special train on Saturday morning from Andermatt to Ulrichen. This allows you to travel comfortably to Obergoms and start your tour without any additional organization.<\/p>\n<p>The special train departs on Saturday, 05 September at 06:52 a.m. from Andermatt.<\/p>\n<p><strong>The ticket costs CHF 19.\u2013 per person including bicycle. The ticket must be purchased in advance and cannot be bought on the day of travel. Capacity is limited to a maximum of 120 people.<\/strong><\/p>\n\n\n<div class=\"buttons\">\n\t<div class=\"button-group\">\n\n\t\t\t<a\n\t\t\t\thref=\"https:\/\/trackmaxx.ch\/registration\/?race=AB26U&amp;pl=rt&amp;contest=22&amp;l=en\" target=\"_blank\" rel=\"noopener\" class=\"button style-default with-arrow\"\n\t\t\t>\n\t\t\t\tBuy ticket\n\t\t\t<\/a>\n\t<\/div>\n<\/div>\n<p>Timetable Saturday, 5 September 2026 (subject to change):<\/p>\n\n\n<div class=\"table-container\">\n\t<table class=\"table\">\n\t\t<tbody>\n\t\t\t<tr>\n\t\t\t\t\t<td><p><strong>Departure time<\/strong><\/p>\n<\/td>\n\t\t\t\t\t<td><p><strong>Location<\/strong><\/p><\/td>\n\t\t\t<\/tr>\n\t\t\t<tr>\n\t\t\t\t\t<td><p>06:52<\/p>\n<\/td>\n\t\t\t\t\t<td><p>Andermatt<\/p>\n<\/td>\n\t\t\t<\/tr>\n\t\t\t<tr>\n\t\t\t\t\t<td><p>06:56<\/p>\n<\/td>\n\t\t\t\t\t<td><p>Hospental<\/p>\n<\/td>\n\t\t\t<\/tr>\n\t\t\t<tr>\n\t\t\t\t\t<td><p>07:10<\/p>\n<\/td>\n\t\t\t\t\t<td><p>Realp<\/p>\n<\/td>\n\t\t\t<\/tr>\n\t\t\t<tr>\n\t\t\t\t\t<td><p>07:38<\/p>\n<\/td>\n\t\t\t\t\t<td><p>Oberwald<\/p>\n<\/td>\n\t\t\t<\/tr>\n\t\t\t<tr>\n\t\t\t\t\t<td><p>07:41<\/p>\n<\/td>\n\t\t\t\t\t<td><p>Obergesteln<\/p>\n<\/td>\n\t\t\t<\/tr>\n\t\t\t<tr>\n\t\t\t\t\t<td><p>07:44<\/p>\n<\/td>\n\t\t\t\t\t<td><p>Ulrichen<\/p>\n<\/td>\n\t\t\t<\/tr>\n\t\t<\/tbody>\n\t<\/table>\n<\/div>\t<\/div>\n<\/div>\n\n\n\n\n<div class=\"wpce-accordion accordion\" id=\"travelling-by-car-to-andermatt\">\n\t<div class=\"accordion-heading-wrapper\" role=\"heading\" aria-level=\"3\">\n\t\t<button\n\t\t\ttype=\"button\"\n\t\t\tclass=\"accordion-heading\"\n\t\t\tid=\"accordion-header-16985cf8-6115-4d27-9d0b-a67298662578\"\n\t\t\taria-controls=\"accordion-content-16985cf8-6115-4d27-9d0b-a67298662578\"\n\t\t>\n\t\t\tTravelling by car to Andermatt\n\n\t\t\t<div class=\"accordion-icon-wrapper toggle-wrapper\">\n\t\t\t\t<svg class=\"toggle-icon\" width=\"22\" height=\"22\" viewBox=\"0 0 22 22\" xmlns=\"http:\/\/www.w3.org\/2000\/svg\">\n\t\t\t\t\t<g fill=\"currentColor\" fill-rule=\"evenodd\">\n\t\t\t\t\t\t<rect y=\"10\" width=\"22\" height=\"2\"><\/rect>\n\t\t\t\t\t\t<polygon class=\"toggle-icon-vertical\" points=\"12 0 12 22 10 22 10 0\"><\/polygon>\n\t\t\t\t\t<\/g>\n\t\t\t\t<\/svg>\n\t\t\t<\/div>\n\t\t<\/button>\n\t<\/div>\n\t<div\n\t\tclass=\"accordion-inner\"\n\t\tid=\"accordion-content-16985cf8-6115-4d27-9d0b-a67298662578\"\n\t\trole=\"region\"\n\t\taria-labelledby=\"accordion-header-16985cf8-6115-4d27-9d0b-a67298662578\"\n\t>\n<p>On the highway A2 to G\u00f6schenen and from there you can reach Andermatt via country road.<\/p>\n<h3><strong>Paid parking in Andermatt:<\/strong><\/h3>\n<p>Around 800 parking spaces are available to participants in the Alpenbrevet at the event in the\u00a0P1 and B\u00e4z\u00a0parking lots\u00a0(parking spaces marked in red in the following plan). At any time, these are subject to a charge. The parking ticket must be purchased on site via the\u00a0<strong>Parkingpay or Twint<\/strong>\u00a0app.<\/p>\n\n\n<div class=\"buttons\">\n\t<div class=\"button-group\">\n\n\t\t\t<a\n\t\t\t\thref=\"https:\/\/play.google.com\/store\/apps\/details?id=ch.parkingcard.customer\" class=\"button style-default with-arrow\"\n\t\t\t>\n\t\t\t\tGoogle Play Store\n\t\t\t<\/a>\n\n\t\t\t<a\n\t\t\t\thref=\"https:\/\/apps.apple.com\/ch\/app\/parkingpay\/id1104202443\" class=\"button style-default with-arrow\"\n\t\t\t>\n\t\t\t\tApple Store\n\t\t\t<\/a>\n\t<\/div>\n<\/div>\n\n\t\t<img loading=\"lazy\" decoding=\"async\" width=\"900\" height=\"342\" src=\"https:\/\/alpenbrevet.ch\/wp-content\/uploads\/Parkplatztarife.png\" class=\"wpce-image\" alt=\"\" data-css-locator=\"\" srcset=\"https:\/\/alpenbrevet.ch\/wp-content\/uploads\/Parkplatztarife.png 900w, https:\/\/alpenbrevet.ch\/wp-content\/uploads\/Parkplatztarife-300x114.png 300w, https:\/\/alpenbrevet.ch\/wp-content\/uploads\/Parkplatztarife-768x292.png 768w\" sizes=\"auto, (max-width: 900px) 100vw, 900px\" \/>\n\n\n\t\t<img loading=\"lazy\" decoding=\"async\" width=\"724\" height=\"1024\" src=\"https:\/\/alpenbrevet.ch\/wp-content\/uploads\/Alpenbrevet-2025-Car-Bike-Parking-724x1024.jpg\" class=\"wpce-image\" alt=\"\" data-css-locator=\"\" srcset=\"https:\/\/alpenbrevet.ch\/wp-content\/uploads\/Alpenbrevet-2025-Car-Bike-Parking-724x1024.jpg 724w, https:\/\/alpenbrevet.ch\/wp-content\/uploads\/Alpenbrevet-2025-Car-Bike-Parking-212x300.jpg 212w, https:\/\/alpenbrevet.ch\/wp-content\/uploads\/Alpenbrevet-2025-Car-Bike-Parking-768x1086.jpg 768w, https:\/\/alpenbrevet.ch\/wp-content\/uploads\/Alpenbrevet-2025-Car-Bike-Parking.jpg 794w\" sizes=\"auto, (max-width: 724px) 100vw, 724px\" \/>\n\t<\/div>\n<\/div>\n\n\n\n\n<div class=\"wpce-accordion accordion\" id=\"journey-to-ulrichen\">\n\t<div class=\"accordion-heading-wrapper\" role=\"heading\" aria-level=\"3\">\n\t\t<button\n\t\t\ttype=\"button\"\n\t\t\tclass=\"accordion-heading\"\n\t\t\tid=\"accordion-header-f108ac8a-197a-4012-852d-b7917792e52c\"\n\t\t\taria-controls=\"accordion-content-f108ac8a-197a-4012-852d-b7917792e52c\"\n\t\t>\n\t\t\tJourney to Ulrichen\n\n\t\t\t<div class=\"accordion-icon-wrapper toggle-wrapper\">\n\t\t\t\t<svg class=\"toggle-icon\" width=\"22\" height=\"22\" viewBox=\"0 0 22 22\" xmlns=\"http:\/\/www.w3.org\/2000\/svg\">\n\t\t\t\t\t<g fill=\"currentColor\" fill-rule=\"evenodd\">\n\t\t\t\t\t\t<rect y=\"10\" width=\"22\" height=\"2\"><\/rect>\n\t\t\t\t\t\t<polygon class=\"toggle-icon-vertical\" points=\"12 0 12 22 10 22 10 0\"><\/polygon>\n\t\t\t\t\t<\/g>\n\t\t\t\t<\/svg>\n\t\t\t<\/div>\n\t\t<\/button>\n\t<\/div>\n\t<div\n\t\tclass=\"accordion-inner\"\n\t\tid=\"accordion-content-f108ac8a-197a-4012-852d-b7917792e52c\"\n\t\trole=\"region\"\n\t\taria-labelledby=\"accordion-header-f108ac8a-197a-4012-852d-b7917792e52c\"\n\t>\n<h3>Mit den \u00d6V Nach Ulrichen<\/h3>\n<p>Mit dem Zug nach Visp und von dort mit der Matterhorn Gotthard Bahn nach Ulrichen oder via Furkatunnel von Andermatt Richtung Ulrichen.<\/p>\n<h3>Mit dem Auto nach Ulrichen<\/h3>\n<p>Via Grimsel-, Furka oder Nufenenpass erreichst du direkt das Goms. Oder von Visp der Hauptstrasse entlang via Fiesch bis nach Ulrichen.<\/p>\n<p>In Ulrichen stehen auf dem Flugplatz (rot markierte Parkpl\u00e4tze im folgenden Plan) ab Samstagmorgen kostenlose Parkpl\u00e4tze f\u00fcr die Teilnehmenden des Alpenbrevet zur Verf\u00fcgung.<\/p>\n\n\n\t\t<img loading=\"lazy\" decoding=\"async\" width=\"1024\" height=\"724\" src=\"https:\/\/alpenbrevet.ch\/wp-content\/uploads\/Alpenbrevet-2025-Parking-Ulrichen-1024x724.jpg\" class=\"wpce-image\" alt=\"\" data-css-locator=\"\" srcset=\"https:\/\/alpenbrevet.ch\/wp-content\/uploads\/Alpenbrevet-2025-Parking-Ulrichen-1024x724.jpg 1024w, https:\/\/alpenbrevet.ch\/wp-content\/uploads\/Alpenbrevet-2025-Parking-Ulrichen-300x212.jpg 300w, https:\/\/alpenbrevet.ch\/wp-content\/uploads\/Alpenbrevet-2025-Parking-Ulrichen-768x543.jpg 768w, https:\/\/alpenbrevet.ch\/wp-content\/uploads\/Alpenbrevet-2025-Parking-Ulrichen.jpg 1123w\" sizes=\"auto, (max-width: 1024px) 100vw, 1024px\" \/>\n\t<\/div>\n<\/div>\t<\/div>\n<\/div>\n<\/div><\/div>\n<\/div>","protected":false},"excerpt":{"rendered":"<p>Getting there Startseite Services Getting there For a smooth journey to the Swiss Cycling Alpenbrevet, we offer numerous options to easily reach Andermatt and Ulrichen. Whether by public transport or car, we have compiled all the details for a stress-free arrival. Take advantage of our special train connections or find the best route by car, [&hellip;]<\/p>\n","protected":false},"author":2,"featured_media":0,"parent":6517,"menu_order":0,"comment_status":"closed","ping_status":"closed","template":"","meta":{"_acf_changed":false,"inline_featured_image":false,"footnotes":""},"class_list":["post-6526","page","type-page","status-publish","hentry"],"acf":[],"_links":{"self":[{"href":"https:\/\/alpenbrevet.ch\/en\/wp-json\/wp\/v2\/pages\/6526","targetHints":{"allow":["GET"]}}],"collection":[{"href":"https:\/\/alpenbrevet.ch\/en\/wp-json\/wp\/v2\/pages"}],"about":[{"href":"https:\/\/alpenbrevet.ch\/en\/wp-json\/wp\/v2\/types\/page"}],"author":[{"embeddable":true,"href":"https:\/\/alpenbrevet.ch\/en\/wp-json\/wp\/v2\/users\/2"}],"replies":[{"embeddable":true,"href":"https:\/\/alpenbrevet.ch\/en\/wp-json\/wp\/v2\/comments?post=6526"}],"version-history":[{"count":10,"href":"https:\/\/alpenbrevet.ch\/en\/wp-json\/wp\/v2\/pages\/6526\/revisions"}],"predecessor-version":[{"id":10526,"href":"https:\/\/alpenbrevet.ch\/en\/wp-json\/wp\/v2\/pages\/6526\/revisions\/10526"}],"up":[{"embeddable":true,"href":"https:\/\/alpenbrevet.ch\/en\/wp-json\/wp\/v2\/pages\/6517"}],"wp:attachment":[{"href":"https:\/\/alpenbrevet.ch\/en\/wp-json\/wp\/v2\/media?parent=6526"}],"curies":[{"name":"wp","href":"https:\/\/api.w.org\/{rel}","templated":true}]}}