{"id":6493,"date":"2024-08-19T14:50:50","date_gmt":"2024-08-19T12:50:50","guid":{"rendered":"https:\/\/alpenbrevet.ch\/alle-touren\/"},"modified":"2025-09-08T08:34:06","modified_gmt":"2025-09-08T06:34:06","slug":"toutes-les-tours","status":"publish","type":"page","link":"https:\/\/alpenbrevet.ch\/fr\/toutes-les-tours\/","title":{"rendered":"Toutes les tours"},"content":{"rendered":"<link data-name=\"until-s\" rel=\"preload\" as=\"style\" href=\"https:\/\/alpenbrevet.ch\/wp-content\/uploads\/Alpenbrevet-Alle-Touren-540x960.jpg\" media=\"(max-width: 539px) and (max-height: 303.75px) and (max-resolution: 1.999dppx)\">\n<link data-name=\"until-s@2x\" rel=\"preload\" as=\"style\" href=\"https:\/\/alpenbrevet.ch\/wp-content\/uploads\/Alpenbrevet-Alle-Touren-1080x1920.jpg\" media=\"(max-width: 539px) and (max-height: 303.75px) and (min-resolution: 2dppx)\">\n<link data-name=\"until-sm\" rel=\"preload\" as=\"style\" href=\"https:\/\/alpenbrevet.ch\/wp-content\/uploads\/Alpenbrevet-Alle-Touren-768x1365.jpg\" media=\"(max-width: 767px) and (max-height: 432px) and (max-resolution: 1.999dppx)\">\n<link data-name=\"until-sm@2x\" rel=\"preload\" as=\"style\" href=\"https:\/\/alpenbrevet.ch\/wp-content\/uploads\/Alpenbrevet-Alle-Touren-1536x2730.jpg\" media=\"(max-width: 767px) and (max-height: 432px) and (min-resolution: 2dppx)\">\n<link data-name=\"until-md\" rel=\"preload\" as=\"style\" href=\"https:\/\/alpenbrevet.ch\/wp-content\/uploads\/Alpenbrevet-Alle-Touren-992x558.jpg\" media=\"(max-width: 991px) and (max-height: 558px) and (max-resolution: 1.999dppx)\">\n<link data-name=\"until-md@2x\" rel=\"preload\" as=\"style\" href=\"https:\/\/alpenbrevet.ch\/wp-content\/uploads\/Alpenbrevet-Alle-Touren-1984x1116.jpg\" media=\"(max-width: 991px) and (max-height: 558px) and (min-resolution: 2dppx)\">\n<link data-name=\"until-lg\" rel=\"preload\" as=\"style\" href=\"https:\/\/alpenbrevet.ch\/wp-content\/uploads\/Alpenbrevet-Alle-Touren-1200x675.jpg\" media=\"(max-width: 1199px) and (max-height: 675px) and (max-resolution: 1.999dppx)\">\n<link data-name=\"until-lg@2x\" rel=\"preload\" as=\"style\" href=\"https:\/\/alpenbrevet.ch\/wp-content\/uploads\/Alpenbrevet-Alle-Touren-2400x1350.jpg\" media=\"(max-width: 1199px) and (max-height: 675px) and (min-resolution: 2dppx)\">\n<link data-name=\"until-xl\" rel=\"preload\" as=\"style\" href=\"https:\/\/alpenbrevet.ch\/wp-content\/uploads\/Alpenbrevet-Alle-Touren-1425x802.jpg\" media=\"(max-width: 1424px) and (max-height: 801.5625px) and (max-resolution: 1.999dppx)\">\n<link data-name=\"until-xl@2x\" rel=\"preload\" as=\"style\" href=\"https:\/\/alpenbrevet.ch\/wp-content\/uploads\/Alpenbrevet-Alle-Touren-2850x1604.jpg\" media=\"(max-width: 1424px) and (max-height: 801.5625px) and (min-resolution: 2dppx)\">\n<link data-name=\"full\" rel=\"preload\" as=\"style\" href=\"https:\/\/alpenbrevet.ch\/wp-content\/uploads\/Alpenbrevet-Alle-Touren.jpg\" media=\"(min-width: 1425px)\">\n<div class=\"hero-section hero-is-image hero-align-end hero-size-narrow\" style=\"--hero-image-full: url('https:\/\/alpenbrevet.ch\/wp-content\/uploads\/Alpenbrevet-Alle-Touren.jpg'); --hero-image-aspect-ratio: 1.5005861664713; --hero-image-until-s: url('https:\/\/alpenbrevet.ch\/wp-content\/uploads\/Alpenbrevet-Alle-Touren-540x960.jpg'); --hero-image-until-s-2x: url('https:\/\/alpenbrevet.ch\/wp-content\/uploads\/Alpenbrevet-Alle-Touren-1080x1920.jpg'); --hero-image-until-sm: url('https:\/\/alpenbrevet.ch\/wp-content\/uploads\/Alpenbrevet-Alle-Touren-768x1365.jpg'); --hero-image-until-sm-2x: url('https:\/\/alpenbrevet.ch\/wp-content\/uploads\/Alpenbrevet-Alle-Touren-1536x2730.jpg'); --hero-image-until-md: url('https:\/\/alpenbrevet.ch\/wp-content\/uploads\/Alpenbrevet-Alle-Touren-992x558.jpg'); --hero-image-until-md-2x: url('https:\/\/alpenbrevet.ch\/wp-content\/uploads\/Alpenbrevet-Alle-Touren-1984x1116.jpg'); --hero-image-until-lg: url('https:\/\/alpenbrevet.ch\/wp-content\/uploads\/Alpenbrevet-Alle-Touren-1200x675.jpg'); --hero-image-until-lg-2x: url('https:\/\/alpenbrevet.ch\/wp-content\/uploads\/Alpenbrevet-Alle-Touren-2400x1350.jpg'); --hero-image-until-xl: url('https:\/\/alpenbrevet.ch\/wp-content\/uploads\/Alpenbrevet-Alle-Touren-1425x802.jpg'); --hero-image-until-xl-2x: url('https:\/\/alpenbrevet.ch\/wp-content\/uploads\/Alpenbrevet-Alle-Touren-2850x1604.jpg'); --hero-image-position: 50% 50%\"\n>\n\t<div class=\"hero-media\">\n\t\t<div class=\"hero-media-overlay\"><\/div>\n\t\t<div class=\"hero-content-wrapper\">\n\t\t\t<div class=\"hero-content\">\n\t\t\t\t<h1>Toutes les tours<\/h1>\n\n\t\t\t<\/div>\n\t\t<\/div>\n\t<\/div>\n<\/div><nav class=\"breadcrumb\" aria-label=\"Navigation en fil d&apos;Ariane\">\n\t<ol>\n\t\t<li>\n\t\t\t<a href=\"https:\/\/alpenbrevet.ch\/fr\/\" class=\"breadcrumb-link\">Startseite<\/a>\n\t\t<\/li>\n\t\t<li>\n\t\t\t<a href=\"https:\/\/alpenbrevet.ch\/fr\/toutes-les-tours\/\" class=\"breadcrumb-link\" aria-current=\"page\">Toutes les tours<\/a>\n\t\t<\/li>\n\t<\/ol>\n<\/nav><div  class=\"page-section style-default layout-default align-default\">\n\t<div class=\"section-grid grid-layout container\"><div  style=\"--grid-layout-index: 1\" class=\"section-item layout-default layout-margin-default\"><p>Nulle part ailleurs vous ne pouvez conqu\u00e9rir autant de cols et de d\u00e9nivel\u00e9s en une seule journ\u00e9e qu&#8217;\u00e0 l&#8217;Alpenbrevet Swiss Cycling. Le Platintour propose les cols \u00e9piques de Susten, Grimsel, Nufenen, Lukmanier et Oberalp et est strictement limit\u00e9 \u00e0 500 participants. Pour ceux qui souhaitent s&#8217;initier au Platintour, le Goldtour couvre quatre cols et le Silbertour en couvre trois. Les deux tours d\u00e9butent \u00e0 Andermatt, tout comme le Platintour, et offrent des panoramas alpins \u00e0 couper le souffle. De plus, le Bronzetour, qui commence \u00e0 Ulrichen, m\u00e8ne les cyclistes \u00e0 travers deux cols. Un moment fort pour tous les participants du Bronzetour est l&#8217;ascension l\u00e9gendaire de la Tremola jusqu&#8217;au col du Gothard.<\/p>\n\n\n<div class=\"table-container\">\n\t<table class=\"table\">\n\t\t<tbody>\n\t\t\t<tr>\n\t\t\t\t\t<td><h3>Tableau des prix 2026<\/h3><\/td>\n\t\t\t\t\t<td><p>Platintour<\/p><\/td>\n\t\t\t\t\t<td><p>Goldtour<\/p><\/td>\n\t\t\t\t\t<td><p>Silbertour<\/p><\/td>\n\t\t\t\t\t<td><p>Bronzetour<\/p><\/td>\n\t\t\t<\/tr>\n\t\t\t<tr>\n\t\t\t\t\t<td><p>13. &#8211; 14.9 (48h)\u00a0<\/p><\/td>\n\t\t\t\t\t<td><p>135 CHF<\/p><\/td>\n\t\t\t\t\t<td><p>115 CHF<\/p><\/td>\n\t\t\t\t\t<td><p>115 CHF<\/p><\/td>\n\t\t\t\t\t<td><p>90 CHF<\/p><\/td>\n\t\t\t<\/tr>\n\t\t\t<tr>\n\t\t\t\t\t<td><p>15.9 &#8211; 30.9<\/p><\/td>\n\t\t\t\t\t<td><p>155 CHF<\/p><\/td>\n\t\t\t\t\t<td><p>135 CHF<\/p><\/td>\n\t\t\t\t\t<td><p>135 CHF<\/p><\/td>\n\t\t\t\t\t<td><p>100 CHF<\/p><\/td>\n\t\t\t<\/tr>\n\t\t\t<tr>\n\t\t\t\t\t<td><p>1.10 &#8211; compet<\/p><\/td>\n\t\t\t\t\t<td><p>165 CHF<\/p><\/td>\n\t\t\t\t\t<td><p>145 CHF<\/p><\/td>\n\t\t\t\t\t<td><p>145 CHF<\/p><\/td>\n\t\t\t\t\t<td><p>110 CHF<\/p><\/td>\n\t\t\t<\/tr>\n\t\t<\/tbody>\n\t<\/table>\n<\/div>\n<p>Ces prix incluent les frais de transaction et excluent le d\u00e9p\u00f4t de CHF 10.00 pour les dossards.<\/p>\n\n<h3>\nParcours 2026 (provisoirement)\n<\/h3>\n<!--START INTEGRATION-->\n<script src=\"https:\/\/trackmaxx.ch\/maps\/loadjs.ashx\"><\/script>\n<div id=\"map\" style=\"width:100%;height:500px;min-height:500px\"><\/div>\n<script>\n     var m = new map();\n     m.mapoid = \"b402e71c-24d7-425a-b52a-15c2647781e1\";\n     m.style = \"swisstopo\";\n     m.legend = \"full\";\n     m.filtertracks = \"2,3,1,4\";\n     m.init();\n<\/script>\n<!--ENDE INTEGRATION--><\/div><\/div>\n<\/div>\n<div class=\"background style-light\">\n<div  class=\"page-section style-default layout-default align-default\">\n\t<div class=\"section-grid grid-layout container\"><div  style=\"--grid-layout-index: 1\" class=\"section-item layout-default layout-margin-default\">\n<div class=\"stages\">\n\n\t\t<div class=\"stage\">\n\t\t\t<div>\n\t\t\t\t<div class=\"stage-head\">\n\t<span class=\"stage-number\" data-stage=\"01\">01<\/span>\n\n\t\t\t\t<\/div>\n\n\t\t\t\t\t<div class=\"stage-date\">Samedi, 05.09.2026<\/div>\n<div class=\"stage-title\">\n\n\t\tPlatintour\n<\/div>\n\n\n\t<div class=\"stage-badges badges\">\n\t\t<span class=\"badge stage-route-length\" title=\"Longueur\" x-data x-tooltip>\n\t\t\t<span class=\"badge-icon\"><\/span>\n\t\t\t<span class=\"sr-only\">Longueur:<\/span>\n\t\t\t<span class=\"badge-label\">267.0 km<\/span>\n\t\t<\/span>\n\t\t<span class=\"badge stage-elevation\" title=\"Altitude\" x-data x-tooltip>\n\t\t\t<span class=\"badge-icon\"><\/span>\n\t\t\t<span class=\"sr-only\">Altitude:<\/span>\n\t\t\t<span class=\"badge-label\">6&#8217;800 D+<\/span>\n\t\t<\/span>\n\t\t<span class=\"badge stage-difficulty\" title=\"Difficult\u00e9\" x-data x-tooltip style=\"--difficulty: 5\">\n\t\t\t<span class=\"stars\"><\/span>\n\t\t\t<span class=\"sr-only\">Difficult\u00e9: 5\/5<\/span>\n\t\t<\/span>\n\t<\/div>\n\n\t\t\t\t<a href=\"https:\/\/alpenbrevet.ch\/fr\/stage\/platintour\/\" class=\"stage-link button style-text with-arrow\">Voir le tour<\/a>\n\t\t\t<\/div>\n\n<img loading=\"lazy\" decoding=\"async\" width=\"496\" height=\"272\" src=\"https:\/\/alpenbrevet.ch\/wp-content\/uploads\/Platintour-Alpenbrevet-Radmarathon-496x272.jpg\" class=\"stage-image wp-post-image\" alt=\"\" srcset=\"https:\/\/alpenbrevet.ch\/wp-content\/uploads\/Platintour-Alpenbrevet-Radmarathon-496x272.jpg 496w, https:\/\/alpenbrevet.ch\/wp-content\/uploads\/Platintour-Alpenbrevet-Radmarathon-992x544.jpg 992w\" sizes=\"auto, (max-width: 496px) 100vw, 496px\" \/>\t\t<\/div>\n\n\t\t<div class=\"stage\">\n\t\t\t<div>\n\t\t\t\t<div class=\"stage-head\">\n\t<span class=\"stage-number\" data-stage=\"02\">02<\/span>\n\n\t\t\t\t<\/div>\n\n\t\t\t\t\t<div class=\"stage-date\">Samedi, 05.09.2026<\/div>\n<div class=\"stage-title\">\n\n\t\tGoldtour\n<\/div>\n\n\n\t<div class=\"stage-badges badges\">\n\t\t<span class=\"badge stage-route-length\" title=\"Longueur\" x-data x-tooltip>\n\t\t\t<span class=\"badge-icon\"><\/span>\n\t\t\t<span class=\"sr-only\">Longueur:<\/span>\n\t\t\t<span class=\"badge-label\">212.0 km<\/span>\n\t\t<\/span>\n\t\t<span class=\"badge stage-elevation\" title=\"Altitude\" x-data x-tooltip>\n\t\t\t<span class=\"badge-icon\"><\/span>\n\t\t\t<span class=\"sr-only\">Altitude:<\/span>\n\t\t\t<span class=\"badge-label\">5&#8217;000 D+<\/span>\n\t\t<\/span>\n\t\t<span class=\"badge stage-difficulty\" title=\"Difficult\u00e9\" x-data x-tooltip style=\"--difficulty: 4\">\n\t\t\t<span class=\"stars\"><\/span>\n\t\t\t<span class=\"sr-only\">Difficult\u00e9: 4\/5<\/span>\n\t\t<\/span>\n\t<\/div>\n\n\t\t\t\t<a href=\"https:\/\/alpenbrevet.ch\/fr\/stage\/goldtour\/\" class=\"stage-link button style-text with-arrow\">Voir le tour<\/a>\n\t\t\t<\/div>\n\n<img loading=\"lazy\" decoding=\"async\" width=\"496\" height=\"272\" src=\"https:\/\/alpenbrevet.ch\/wp-content\/uploads\/Goldtour-Alpenbrevet-Radmarathon-496x272.jpg\" class=\"stage-image wp-post-image\" alt=\"\" srcset=\"https:\/\/alpenbrevet.ch\/wp-content\/uploads\/Goldtour-Alpenbrevet-Radmarathon-496x272.jpg 496w, https:\/\/alpenbrevet.ch\/wp-content\/uploads\/Goldtour-Alpenbrevet-Radmarathon-992x544.jpg 992w\" sizes=\"auto, (max-width: 496px) 100vw, 496px\" \/>\t\t<\/div>\n\n\t\t<div class=\"stage\">\n\t\t\t<div>\n\t\t\t\t<div class=\"stage-head\">\n\t<span class=\"stage-number\" data-stage=\"03\">03<\/span>\n\n\t\t\t\t<\/div>\n\n\t\t\t\t\t<div class=\"stage-date\">Samedi, 05.09.2026<\/div>\n<div class=\"stage-title\">\n\n\t\tSilbertour\n<\/div>\n\n\n\t<div class=\"stage-badges badges\">\n\t\t<span class=\"badge stage-route-length\" title=\"Longueur\" x-data x-tooltip>\n\t\t\t<span class=\"badge-icon\"><\/span>\n\t\t\t<span class=\"sr-only\">Longueur:<\/span>\n\t\t\t<span class=\"badge-label\">108.0 km<\/span>\n\t\t<\/span>\n\t\t<span class=\"badge stage-elevation\" title=\"Altitude\" x-data x-tooltip>\n\t\t\t<span class=\"badge-icon\"><\/span>\n\t\t\t<span class=\"sr-only\">Altitude:<\/span>\n\t\t\t<span class=\"badge-label\">3&#8217;100 D+<\/span>\n\t\t<\/span>\n\t\t<span class=\"badge stage-difficulty\" title=\"Difficult\u00e9\" x-data x-tooltip style=\"--difficulty: 3\">\n\t\t\t<span class=\"stars\"><\/span>\n\t\t\t<span class=\"sr-only\">Difficult\u00e9: 3\/5<\/span>\n\t\t<\/span>\n\t<\/div>\n\n\t\t\t\t<a href=\"https:\/\/alpenbrevet.ch\/fr\/stage\/silbertour\/\" class=\"stage-link button style-text with-arrow\">Voir le tour<\/a>\n\t\t\t<\/div>\n\n<img loading=\"lazy\" decoding=\"async\" width=\"496\" height=\"272\" src=\"https:\/\/alpenbrevet.ch\/wp-content\/uploads\/Silbertour-2-496x272.jpg\" class=\"stage-image wp-post-image\" alt=\"\" srcset=\"https:\/\/alpenbrevet.ch\/wp-content\/uploads\/Silbertour-2-496x272.jpg 496w, https:\/\/alpenbrevet.ch\/wp-content\/uploads\/Silbertour-2-992x544.jpg 992w\" sizes=\"auto, (max-width: 496px) 100vw, 496px\" \/>\t\t<\/div>\n\n\t\t<div class=\"stage\">\n\t\t\t<div>\n\t\t\t\t<div class=\"stage-head\">\n\t<span class=\"stage-number\" data-stage=\"04\">04<\/span>\n\n\t\t\t\t<\/div>\n\n\t\t\t\t\t<div class=\"stage-date\">Samedi, 05.09.2026<\/div>\n<div class=\"stage-title\">\n\n\t\tBronzetour\n<\/div>\n\n\n\t<div class=\"stage-badges badges\">\n\t\t<span class=\"badge stage-route-length\" title=\"Longueur\" x-data x-tooltip>\n\t\t\t<span class=\"badge-icon\"><\/span>\n\t\t\t<span class=\"sr-only\">Longueur:<\/span>\n\t\t\t<span class=\"badge-label\">68.0 km<\/span>\n\t\t<\/span>\n\t\t<span class=\"badge stage-elevation\" title=\"Altitude\" x-data x-tooltip>\n\t\t\t<span class=\"badge-icon\"><\/span>\n\t\t\t<span class=\"sr-only\">Altitude:<\/span>\n\t\t\t<span class=\"badge-label\">2&#8217;100 D+<\/span>\n\t\t<\/span>\n\t\t<span class=\"badge stage-difficulty\" title=\"Difficult\u00e9\" x-data x-tooltip style=\"--difficulty: 2\">\n\t\t\t<span class=\"stars\"><\/span>\n\t\t\t<span class=\"sr-only\">Difficult\u00e9: 2\/5<\/span>\n\t\t<\/span>\n\t<\/div>\n\n\t\t\t\t<a href=\"https:\/\/alpenbrevet.ch\/fr\/stage\/bronzetour\/\" class=\"stage-link button style-text with-arrow\">Voir le tour<\/a>\n\t\t\t<\/div>\n\n<img loading=\"lazy\" decoding=\"async\" width=\"496\" height=\"272\" src=\"https:\/\/alpenbrevet.ch\/wp-content\/uploads\/Bronzetour-Alpenbrevet-496x272.jpg\" class=\"stage-image wp-post-image\" alt=\"\" srcset=\"https:\/\/alpenbrevet.ch\/wp-content\/uploads\/Bronzetour-Alpenbrevet-496x272.jpg 496w, https:\/\/alpenbrevet.ch\/wp-content\/uploads\/Bronzetour-Alpenbrevet-992x544.jpg 992w\" sizes=\"auto, (max-width: 496px) 100vw, 496px\" \/>\t\t<\/div>\n<\/div>\n<\/div><\/div>\n<\/div><\/div>","protected":false},"excerpt":{"rendered":"<p>Toutes les tours Startseite Toutes les tours Nulle part ailleurs vous ne pouvez conqu\u00e9rir autant de cols et de d\u00e9nivel\u00e9s en une seule journ\u00e9e qu&#8217;\u00e0 l&#8217;Alpenbrevet Swiss Cycling. Le Platintour propose les cols \u00e9piques de Susten, Grimsel, Nufenen, Lukmanier et Oberalp et est strictement limit\u00e9 \u00e0 500 participants. Pour ceux qui souhaitent s&#8217;initier au Platintour, [&hellip;]<\/p>\n","protected":false},"author":2,"featured_media":0,"parent":0,"menu_order":0,"comment_status":"closed","ping_status":"closed","template":"","meta":{"_acf_changed":false,"inline_featured_image":false,"footnotes":""},"class_list":["post-6493","page","type-page","status-publish","hentry"],"acf":[],"_links":{"self":[{"href":"https:\/\/alpenbrevet.ch\/fr\/wp-json\/wp\/v2\/pages\/6493","targetHints":{"allow":["GET"]}}],"collection":[{"href":"https:\/\/alpenbrevet.ch\/fr\/wp-json\/wp\/v2\/pages"}],"about":[{"href":"https:\/\/alpenbrevet.ch\/fr\/wp-json\/wp\/v2\/types\/page"}],"author":[{"embeddable":true,"href":"https:\/\/alpenbrevet.ch\/fr\/wp-json\/wp\/v2\/users\/2"}],"replies":[{"embeddable":true,"href":"https:\/\/alpenbrevet.ch\/fr\/wp-json\/wp\/v2\/comments?post=6493"}],"version-history":[{"count":6,"href":"https:\/\/alpenbrevet.ch\/fr\/wp-json\/wp\/v2\/pages\/6493\/revisions"}],"predecessor-version":[{"id":9818,"href":"https:\/\/alpenbrevet.ch\/fr\/wp-json\/wp\/v2\/pages\/6493\/revisions\/9818"}],"wp:attachment":[{"href":"https:\/\/alpenbrevet.ch\/fr\/wp-json\/wp\/v2\/media?parent=6493"}],"curies":[{"name":"wp","href":"https:\/\/api.w.org\/{rel}","templated":true}]}}