{"id":6498,"date":"2024-08-19T15:46:16","date_gmt":"2024-08-19T13:46:16","guid":{"rendered":"https:\/\/alpenbrevet.ch\/bekleidung\/"},"modified":"2026-01-23T08:34:45","modified_gmt":"2026-01-23T07:34:45","slug":"vetements","status":"publish","type":"page","link":"https:\/\/alpenbrevet.ch\/fr\/vetements\/","title":{"rendered":"V\u00eatements"},"content":{"rendered":"<link data-name=\"until-s\" rel=\"preload\" as=\"style\" href=\"https:\/\/alpenbrevet.ch\/wp-content\/uploads\/AB-Kollektion-540x960.jpg\" media=\"(max-width: 539px) and (max-height: 303.75px) and (max-resolution: 1.999dppx)\">\n<link data-name=\"until-s@2x\" rel=\"preload\" as=\"style\" href=\"https:\/\/alpenbrevet.ch\/wp-content\/uploads\/AB-Kollektion-1080x1920.jpg\" media=\"(max-width: 539px) and (max-height: 303.75px) and (min-resolution: 2dppx)\">\n<link data-name=\"until-sm\" rel=\"preload\" as=\"style\" href=\"https:\/\/alpenbrevet.ch\/wp-content\/uploads\/AB-Kollektion.jpg\" media=\"(max-width: 767px) and (max-height: 432px) and (max-resolution: 1.999dppx)\">\n<link data-name=\"until-sm@2x\" rel=\"preload\" as=\"style\" href=\"https:\/\/alpenbrevet.ch\/wp-content\/uploads\/AB-Kollektion.jpg\" media=\"(max-width: 767px) and (max-height: 432px) and (min-resolution: 2dppx)\">\n<link data-name=\"until-md\" rel=\"preload\" as=\"style\" href=\"https:\/\/alpenbrevet.ch\/wp-content\/uploads\/AB-Kollektion-992x558.jpg\" media=\"(max-width: 991px) and (max-height: 558px) and (max-resolution: 1.999dppx)\">\n<link data-name=\"until-md@2x\" rel=\"preload\" as=\"style\" href=\"https:\/\/alpenbrevet.ch\/wp-content\/uploads\/AB-Kollektion-1984x1116.jpg\" media=\"(max-width: 991px) and (max-height: 558px) and (min-resolution: 2dppx)\">\n<link data-name=\"until-lg\" rel=\"preload\" as=\"style\" href=\"https:\/\/alpenbrevet.ch\/wp-content\/uploads\/AB-Kollektion-1200x675.jpg\" media=\"(max-width: 1199px) and (max-height: 675px) and (max-resolution: 1.999dppx)\">\n<link data-name=\"until-lg@2x\" rel=\"preload\" as=\"style\" href=\"https:\/\/alpenbrevet.ch\/wp-content\/uploads\/AB-Kollektion-2400x1350.jpg\" media=\"(max-width: 1199px) and (max-height: 675px) and (min-resolution: 2dppx)\">\n<link data-name=\"until-xl\" rel=\"preload\" as=\"style\" href=\"https:\/\/alpenbrevet.ch\/wp-content\/uploads\/AB-Kollektion-1425x802.jpg\" media=\"(max-width: 1424px) and (max-height: 801.5625px) and (max-resolution: 1.999dppx)\">\n<link data-name=\"until-xl@2x\" rel=\"preload\" as=\"style\" href=\"https:\/\/alpenbrevet.ch\/wp-content\/uploads\/AB-Kollektion-2850x1604.jpg\" media=\"(max-width: 1424px) and (max-height: 801.5625px) and (min-resolution: 2dppx)\">\n<link data-name=\"full\" rel=\"preload\" as=\"style\" href=\"https:\/\/alpenbrevet.ch\/wp-content\/uploads\/AB-Kollektion.jpg\" media=\"(min-width: 1425px)\">\n<div class=\"hero-section hero-is-image hero-align-end hero-size-narrow\" style=\"--hero-image-full: url('https:\/\/alpenbrevet.ch\/wp-content\/uploads\/AB-Kollektion.jpg'); --hero-image-aspect-ratio: 1.7921146953405; --hero-image-until-s: url('https:\/\/alpenbrevet.ch\/wp-content\/uploads\/AB-Kollektion-540x960.jpg'); --hero-image-until-s-2x: url('https:\/\/alpenbrevet.ch\/wp-content\/uploads\/AB-Kollektion-1080x1920.jpg'); --hero-image-until-sm: url('https:\/\/alpenbrevet.ch\/wp-content\/uploads\/AB-Kollektion.jpg'); --hero-image-until-sm-2x: url('https:\/\/alpenbrevet.ch\/wp-content\/uploads\/AB-Kollektion.jpg'); --hero-image-until-md: url('https:\/\/alpenbrevet.ch\/wp-content\/uploads\/AB-Kollektion-992x558.jpg'); --hero-image-until-md-2x: url('https:\/\/alpenbrevet.ch\/wp-content\/uploads\/AB-Kollektion-1984x1116.jpg'); --hero-image-until-lg: url('https:\/\/alpenbrevet.ch\/wp-content\/uploads\/AB-Kollektion-1200x675.jpg'); --hero-image-until-lg-2x: url('https:\/\/alpenbrevet.ch\/wp-content\/uploads\/AB-Kollektion-2400x1350.jpg'); --hero-image-until-xl: url('https:\/\/alpenbrevet.ch\/wp-content\/uploads\/AB-Kollektion-1425x802.jpg'); --hero-image-until-xl-2x: url('https:\/\/alpenbrevet.ch\/wp-content\/uploads\/AB-Kollektion-2850x1604.jpg'); --hero-image-position: 58.2531280077% 44.137931034483%\"\n>\n\t<div class=\"hero-media\">\n\t\t<div class=\"hero-media-overlay\"><\/div>\n\t\t<div class=\"hero-content-wrapper\">\n\t\t\t<div class=\"hero-content\">\n\t\t\t\t<h1>V\u00eatements<\/h1>\n\n\t\t\t<\/div>\n\t\t<\/div>\n\t<\/div>\n<\/div><nav class=\"breadcrumb\" aria-label=\"Navigation en fil d&apos;Ariane\">\n\t<ol>\n\t\t<li>\n\t\t\t<a href=\"https:\/\/alpenbrevet.ch\/fr\/\" class=\"breadcrumb-link\">Startseite<\/a>\n\t\t<\/li>\n\t\t<li>\n\t\t\t<a href=\"https:\/\/alpenbrevet.ch\/fr\/vetements\/\" class=\"breadcrumb-link\" aria-current=\"page\">V\u00eatements<\/a>\n\t\t<\/li>\n\t<\/ol>\n<\/nav><div  class=\"page-section style-default layout-default align-default\">\n\t<div class=\"section-grid grid-layout container\"><div  style=\"--grid-layout-index: 1\" class=\"section-item layout-default layout-margin-default\"><h2>Ligne de v\u00eatements Swiss Cycling Alpenbrevet<\/h2>\n<p>Nous sommes tr\u00e8s heureux de pr\u00e9senter, en collaboration avec notre partenaire vestimentaire GIORDANA, la nouvelle ligne de v\u00eatements Swiss Cycling Alpenbrevet. La collection de l&#8217;ann\u00e9e 2026 est \u00e0 nouveau plac\u00e9e sous le signe des magnifiques coulisses de la montagne \u00e0 Andermatt et des randonn\u00e9es Alpenbrevet.<\/p>\n<p>Les v\u00eatements Giordana sont disponibles en qualit\u00e9 premium \u00ab Made in Italy \u00bb \u00e0 des prix absolument imbattables. Tu trouveras tous les produits de la collection avec les prix ci-dessous.<\/p>\n\n\n<div class=\"buttons\">\n\t<div class=\"button-group\">\n\n\t\t\t<a\n\t\t\t\thref=\"https:\/\/shop.giordana.ch\/pages\/alpenbrevet\" target=\"_blank\" rel=\"noopener\" class=\"button style-default with-arrow\"\n\t\t\t>\n\t\t\t\tVers le shop\n\t\t\t<\/a>\n\n\t\t\t<a\n\t\t\t\thref=\"https:\/\/alpenbrevet.ch\/wp-content\/uploads\/Groessentabelle.pdf\" target=\"_blank\" rel=\"noopener\" class=\"button style-text with-arrow\"\n\t\t\t>\n\t\t\t\tTable de Taille\n\t\t\t<\/a>\n\n\t\t\t<a\n\t\t\t\thref=\"https:\/\/alpenbrevet.ch\/wp-content\/uploads\/Bestellbedingungen-2026-Alpenbrevet-Kollektion_EN-1.pdf\" target=\"_blank\" rel=\"noopener\" class=\"button style-text with-arrow\"\n\t\t\t>\n\t\t\t\tConditions de Commande\n\t\t\t<\/a>\n\t<\/div>\n<\/div><\/div><\/div>\n<\/div><div  class=\"page-section style-default layout-default align-default\">\n\t<div class=\"section-grid grid-layout container\"><div  style=\"--grid-layout-index: 1\" class=\"section-item section-item-grid\"><div class=\"container grid grid-layout\" style=\"--cols-xs: 6; --cols-sm: 6; --cols-md: 3; --cols-lg: 3; --cols-xl: 3\">\n\t\n\n\n<div class=\"box-wrapper\">\n\t<div class=\"box content-box highlight-box\"\n\t>\n\t\t<div class=\"box-inner\">\n\n\t\t<div class=\"highlight-box-layout\">\n\t\t\t<div class=\"highlight-box-icon\" style=\"--icon: url(&quot;https:\/\/alpenbrevet.ch\/wp-content\/uploads\/Trikot.png&quot;); --width: 2560; --height: 2560\"><\/div>\n\t\t\t<div class=\"highlight-box-content\">\n\n\t\t<img loading=\"lazy\" decoding=\"async\" width=\"768\" height=\"768\" src=\"https:\/\/alpenbrevet.ch\/wp-content\/uploads\/Alpenbrevet-Men-2026-Jersey-new_Default-Colorway_3-768x768.jpg\" class=\"wpce-image\" alt=\"\" data-css-locator=\"\" srcset=\"https:\/\/alpenbrevet.ch\/wp-content\/uploads\/Alpenbrevet-Men-2026-Jersey-new_Default-Colorway_3-768x768.jpg 768w, https:\/\/alpenbrevet.ch\/wp-content\/uploads\/Alpenbrevet-Men-2026-Jersey-new_Default-Colorway_3-300x300.jpg 300w, https:\/\/alpenbrevet.ch\/wp-content\/uploads\/Alpenbrevet-Men-2026-Jersey-new_Default-Colorway_3-1024x1024.jpg 1024w, https:\/\/alpenbrevet.ch\/wp-content\/uploads\/Alpenbrevet-Men-2026-Jersey-new_Default-Colorway_3-150x150.jpg 150w, https:\/\/alpenbrevet.ch\/wp-content\/uploads\/Alpenbrevet-Men-2026-Jersey-new_Default-Colorway_3-1536x1536.jpg 1536w, https:\/\/alpenbrevet.ch\/wp-content\/uploads\/Alpenbrevet-Men-2026-Jersey-new_Default-Colorway_3.jpg 1920w\" sizes=\"auto, (max-width: 768px) 100vw, 768px\" \/>\n\n<h3>maillot<\/h3>\n<p>CHF 72.00<\/p>\n\n\n<div class=\"buttons\">\n\t<div class=\"button-group\">\n\n\t\t\t<a\n\t\t\t\thref=\"https:\/\/shop.giordana.ch\/pages\/alpenbrevet\" class=\"button style-text with-arrow\"\n\t\t\t>\n\t\t\t\tAcheter\n\t\t\t<\/a>\n\t<\/div>\n<\/div>\t\t\t<\/div>\n\t\t<\/div>\n\t\t<\/div>\n\t<\/div>\n<\/div>\n\n\n\n\n<div class=\"box-wrapper\">\n\t<div class=\"box content-box highlight-box\"\n\t>\n\t\t<div class=\"box-inner\">\n\n\t\t<div class=\"highlight-box-layout\">\n\t\t\t<div class=\"highlight-box-icon\" style=\"--icon: url(&quot;https:\/\/alpenbrevet.ch\/wp-content\/uploads\/Trikot.png&quot;); --width: 2560; --height: 2560\"><\/div>\n\t\t\t<div class=\"highlight-box-content\">\n\n\t\t<img loading=\"lazy\" decoding=\"async\" width=\"768\" height=\"768\" src=\"https:\/\/alpenbrevet.ch\/wp-content\/uploads\/Alpenbrevet-Men-2026-Bib_Default-Colorway_2-768x768.jpg\" class=\"wpce-image\" alt=\"\" data-css-locator=\"\" srcset=\"https:\/\/alpenbrevet.ch\/wp-content\/uploads\/Alpenbrevet-Men-2026-Bib_Default-Colorway_2-768x768.jpg 768w, https:\/\/alpenbrevet.ch\/wp-content\/uploads\/Alpenbrevet-Men-2026-Bib_Default-Colorway_2-300x300.jpg 300w, https:\/\/alpenbrevet.ch\/wp-content\/uploads\/Alpenbrevet-Men-2026-Bib_Default-Colorway_2-1024x1024.jpg 1024w, https:\/\/alpenbrevet.ch\/wp-content\/uploads\/Alpenbrevet-Men-2026-Bib_Default-Colorway_2-150x150.jpg 150w, https:\/\/alpenbrevet.ch\/wp-content\/uploads\/Alpenbrevet-Men-2026-Bib_Default-Colorway_2-1536x1536.jpg 1536w, https:\/\/alpenbrevet.ch\/wp-content\/uploads\/Alpenbrevet-Men-2026-Bib_Default-Colorway_2.jpg 1920w\" sizes=\"auto, (max-width: 768px) 100vw, 768px\" \/>\n\n<h3>Pantalons de v\u00e9lo<\/h3>\n<p>CHF 102.00<\/p>\n\n\n<div class=\"buttons\">\n\t<div class=\"button-group\">\n\n\t\t\t<a\n\t\t\t\thref=\"https:\/\/shop.giordana.ch\/pages\/alpenbrevet\" class=\"button style-text with-arrow\"\n\t\t\t>\n\t\t\t\tAcheter\n\t\t\t<\/a>\n\t<\/div>\n<\/div>\t\t\t<\/div>\n\t\t<\/div>\n\t\t<\/div>\n\t<\/div>\n<\/div>\n\n\n\n\n<div class=\"box-wrapper\">\n\t<div class=\"box content-box highlight-box\"\n\t>\n\t\t<div class=\"box-inner\">\n\n\t\t<div class=\"highlight-box-layout\">\n\t\t\t<div class=\"highlight-box-icon\" style=\"--icon: url(&quot;https:\/\/alpenbrevet.ch\/wp-content\/uploads\/Trikot.png&quot;); --width: 2560; --height: 2560\"><\/div>\n\t\t\t<div class=\"highlight-box-content\">\n\n\t\t<img loading=\"lazy\" decoding=\"async\" width=\"768\" height=\"768\" src=\"https:\/\/alpenbrevet.ch\/wp-content\/uploads\/Alpenrebet-Langarm-2026-new_Default-Colorway_2-768x768.jpg\" class=\"wpce-image\" alt=\"\" data-css-locator=\"\" srcset=\"https:\/\/alpenbrevet.ch\/wp-content\/uploads\/Alpenrebet-Langarm-2026-new_Default-Colorway_2-768x768.jpg 768w, https:\/\/alpenbrevet.ch\/wp-content\/uploads\/Alpenrebet-Langarm-2026-new_Default-Colorway_2-300x300.jpg 300w, https:\/\/alpenbrevet.ch\/wp-content\/uploads\/Alpenrebet-Langarm-2026-new_Default-Colorway_2-1024x1024.jpg 1024w, https:\/\/alpenbrevet.ch\/wp-content\/uploads\/Alpenrebet-Langarm-2026-new_Default-Colorway_2-150x150.jpg 150w, https:\/\/alpenbrevet.ch\/wp-content\/uploads\/Alpenrebet-Langarm-2026-new_Default-Colorway_2-1536x1536.jpg 1536w, https:\/\/alpenbrevet.ch\/wp-content\/uploads\/Alpenrebet-Langarm-2026-new_Default-Colorway_2.jpg 1920w\" sizes=\"auto, (max-width: 768px) 100vw, 768px\" \/>\n\n<h3>Maillot \u00e0 manches longues<\/h3>\n<p>CHF 113.00<\/p>\n\n\n<div class=\"buttons\">\n\t<div class=\"button-group\">\n\n\t\t\t<a\n\t\t\t\thref=\"https:\/\/shop.giordana.ch\/pages\/alpenbrevet\" class=\"button style-text with-arrow\"\n\t\t\t>\n\t\t\t\tAcheter\n\t\t\t<\/a>\n\t<\/div>\n<\/div>\t\t\t<\/div>\n\t\t<\/div>\n\t\t<\/div>\n\t<\/div>\n<\/div>\n\n\n\n\n<div class=\"box-wrapper\">\n\t<div class=\"box content-box highlight-box\"\n\t>\n\t\t<div class=\"box-inner\">\n\n\t\t<div class=\"highlight-box-layout\">\n\t\t\t<div class=\"highlight-box-icon\" style=\"--icon: url(&quot;https:\/\/alpenbrevet.ch\/wp-content\/uploads\/Trikot.png&quot;); --width: 2560; --height: 2560\"><\/div>\n\t\t\t<div class=\"highlight-box-content\">\n\n\t\t<img loading=\"lazy\" decoding=\"async\" width=\"768\" height=\"768\" src=\"https:\/\/alpenbrevet.ch\/wp-content\/uploads\/Alpenbrevet-Gilet-new_Default-Colorway_1-768x768.jpg\" class=\"wpce-image\" alt=\"\" data-css-locator=\"\" srcset=\"https:\/\/alpenbrevet.ch\/wp-content\/uploads\/Alpenbrevet-Gilet-new_Default-Colorway_1-768x768.jpg 768w, https:\/\/alpenbrevet.ch\/wp-content\/uploads\/Alpenbrevet-Gilet-new_Default-Colorway_1-300x300.jpg 300w, https:\/\/alpenbrevet.ch\/wp-content\/uploads\/Alpenbrevet-Gilet-new_Default-Colorway_1-1024x1024.jpg 1024w, https:\/\/alpenbrevet.ch\/wp-content\/uploads\/Alpenbrevet-Gilet-new_Default-Colorway_1-150x150.jpg 150w, https:\/\/alpenbrevet.ch\/wp-content\/uploads\/Alpenbrevet-Gilet-new_Default-Colorway_1-1536x1536.jpg 1536w, https:\/\/alpenbrevet.ch\/wp-content\/uploads\/Alpenbrevet-Gilet-new_Default-Colorway_1.jpg 1920w\" sizes=\"auto, (max-width: 768px) 100vw, 768px\" \/>\n\n<h3>gilet vent<\/h3>\n<p>CHF 113.00<\/p>\n\n\n<div class=\"buttons\">\n\t<div class=\"button-group\">\n\n\t\t\t<a\n\t\t\t\thref=\"https:\/\/shop.giordana.ch\/pages\/alpenbrevet\" class=\"button style-text with-arrow\"\n\t\t\t>\n\t\t\t\tAcheter\n\t\t\t<\/a>\n\t<\/div>\n<\/div>\t\t\t<\/div>\n\t\t<\/div>\n\t\t<\/div>\n\t<\/div>\n<\/div>\n\n\n\n\n<div class=\"box-wrapper\">\n\t<div class=\"box content-box highlight-box\"\n\t>\n\t\t<div class=\"box-inner\">\n\n\t\t<div class=\"highlight-box-layout\">\n\t\t\t<div class=\"highlight-box-icon\" style=\"--icon: url(&quot;https:\/\/alpenbrevet.ch\/wp-content\/uploads\/Trikot.png&quot;); --width: 2560; --height: 2560\"><\/div>\n\t\t\t<div class=\"highlight-box-content\">\n\n\t\t<img loading=\"lazy\" decoding=\"async\" width=\"768\" height=\"768\" src=\"https:\/\/alpenbrevet.ch\/wp-content\/uploads\/Alpenbrevet-Baselayer-new_Default-Colorway_1-768x768.jpg\" class=\"wpce-image\" alt=\"\" data-css-locator=\"\" srcset=\"https:\/\/alpenbrevet.ch\/wp-content\/uploads\/Alpenbrevet-Baselayer-new_Default-Colorway_1-768x768.jpg 768w, https:\/\/alpenbrevet.ch\/wp-content\/uploads\/Alpenbrevet-Baselayer-new_Default-Colorway_1-300x300.jpg 300w, https:\/\/alpenbrevet.ch\/wp-content\/uploads\/Alpenbrevet-Baselayer-new_Default-Colorway_1-1024x1024.jpg 1024w, https:\/\/alpenbrevet.ch\/wp-content\/uploads\/Alpenbrevet-Baselayer-new_Default-Colorway_1-150x150.jpg 150w, https:\/\/alpenbrevet.ch\/wp-content\/uploads\/Alpenbrevet-Baselayer-new_Default-Colorway_1-1536x1536.jpg 1536w, https:\/\/alpenbrevet.ch\/wp-content\/uploads\/Alpenbrevet-Baselayer-new_Default-Colorway_1.jpg 1920w\" sizes=\"auto, (max-width: 768px) 100vw, 768px\" \/>\n\n<h3>SOUS-MAILLOT<\/h3>\n<p>CHF 51.00<\/p>\n\n\n<div class=\"buttons\">\n\t<div class=\"button-group\">\n\n\t\t\t<a\n\t\t\t\thref=\"https:\/\/shop.giordana.ch\/pages\/alpenbrevet\" class=\"button style-text with-arrow\"\n\t\t\t>\n\t\t\t\tAcheter\n\t\t\t<\/a>\n\t<\/div>\n<\/div>\t\t\t<\/div>\n\t\t<\/div>\n\t\t<\/div>\n\t<\/div>\n<\/div>\n\n\n\n\n<div class=\"box-wrapper\">\n\t<div class=\"box content-box highlight-box\"\n\t>\n\t\t<div class=\"box-inner\">\n\n\t\t<div class=\"highlight-box-layout\">\n\t\t\t<div class=\"highlight-box-icon\" style=\"--icon: url(&quot;https:\/\/alpenbrevet.ch\/wp-content\/uploads\/Trikot.png&quot;); --width: 2560; --height: 2560\"><\/div>\n\t\t\t<div class=\"highlight-box-content\">\n\n\t\t<img loading=\"lazy\" decoding=\"async\" width=\"768\" height=\"768\" src=\"https:\/\/alpenbrevet.ch\/wp-content\/uploads\/Alpenrevet-Regenjacke-2026-new_Default-Colorway_3-768x768.jpg\" class=\"wpce-image\" alt=\"\" data-css-locator=\"\" srcset=\"https:\/\/alpenbrevet.ch\/wp-content\/uploads\/Alpenrevet-Regenjacke-2026-new_Default-Colorway_3-768x768.jpg 768w, https:\/\/alpenbrevet.ch\/wp-content\/uploads\/Alpenrevet-Regenjacke-2026-new_Default-Colorway_3-300x300.jpg 300w, https:\/\/alpenbrevet.ch\/wp-content\/uploads\/Alpenrevet-Regenjacke-2026-new_Default-Colorway_3-1024x1024.jpg 1024w, https:\/\/alpenbrevet.ch\/wp-content\/uploads\/Alpenrevet-Regenjacke-2026-new_Default-Colorway_3-150x150.jpg 150w, https:\/\/alpenbrevet.ch\/wp-content\/uploads\/Alpenrevet-Regenjacke-2026-new_Default-Colorway_3-1536x1536.jpg 1536w, https:\/\/alpenbrevet.ch\/wp-content\/uploads\/Alpenrevet-Regenjacke-2026-new_Default-Colorway_3.jpg 1920w\" sizes=\"auto, (max-width: 768px) 100vw, 768px\" \/>\n\n<h3>veste de pluie<\/h3>\n<p>CHF 159.00<\/p>\n\n\n<div class=\"buttons\">\n\t<div class=\"button-group\">\n\n\t\t\t<a\n\t\t\t\thref=\"https:\/\/shop.giordana.ch\/pages\/alpenbrevet\" class=\"button style-text with-arrow\"\n\t\t\t>\n\t\t\t\tAcheter\n\t\t\t<\/a>\n\t<\/div>\n<\/div>\t\t\t<\/div>\n\t\t<\/div>\n\t\t<\/div>\n\t<\/div>\n<\/div>\n\n\n\n\n<div class=\"box-wrapper\">\n\t<div class=\"box content-box highlight-box\"\n\t>\n\t\t<div class=\"box-inner\">\n\n\t\t<div class=\"highlight-box-layout\">\n\t\t\t<div class=\"highlight-box-icon\" style=\"--icon: url(&quot;https:\/\/alpenbrevet.ch\/wp-content\/uploads\/Trikot.png&quot;); --width: 2560; --height: 2560\"><\/div>\n\t\t\t<div class=\"highlight-box-content\">\n\n\t\t<img loading=\"lazy\" decoding=\"async\" width=\"768\" height=\"768\" src=\"https:\/\/alpenbrevet.ch\/wp-content\/uploads\/TechTee-Alpenrevet-2026-new_Default-Colorway_4-768x768.jpg\" class=\"wpce-image\" alt=\"\" data-css-locator=\"\" srcset=\"https:\/\/alpenbrevet.ch\/wp-content\/uploads\/TechTee-Alpenrevet-2026-new_Default-Colorway_4-768x768.jpg 768w, https:\/\/alpenbrevet.ch\/wp-content\/uploads\/TechTee-Alpenrevet-2026-new_Default-Colorway_4-300x300.jpg 300w, https:\/\/alpenbrevet.ch\/wp-content\/uploads\/TechTee-Alpenrevet-2026-new_Default-Colorway_4-1024x1024.jpg 1024w, https:\/\/alpenbrevet.ch\/wp-content\/uploads\/TechTee-Alpenrevet-2026-new_Default-Colorway_4-150x150.jpg 150w, https:\/\/alpenbrevet.ch\/wp-content\/uploads\/TechTee-Alpenrevet-2026-new_Default-Colorway_4-1536x1536.jpg 1536w, https:\/\/alpenbrevet.ch\/wp-content\/uploads\/TechTee-Alpenrevet-2026-new_Default-Colorway_4.jpg 1920w\" sizes=\"auto, (max-width: 768px) 100vw, 768px\" \/>\n\n<h3>T-Shirt (NEW)<\/h3>\n<p>CHF 49.00<\/p>\n\n\n<div class=\"buttons\">\n\t<div class=\"button-group\">\n\n\t\t\t<a\n\t\t\t\thref=\"https:\/\/shop.giordana.ch\/pages\/alpenbrevet\" class=\"button style-text with-arrow\"\n\t\t\t>\n\t\t\t\tAcheter\n\t\t\t<\/a>\n\t<\/div>\n<\/div>\t\t\t<\/div>\n\t\t<\/div>\n\t\t<\/div>\n\t<\/div>\n<\/div>\n\n\n\n\n\n\n<div class=\"box-wrapper\">\n\t<div class=\"box content-box highlight-box\"\n\t>\n\t\t<div class=\"box-inner\">\n\n\t\t<div class=\"highlight-box-layout\">\n\t\t\t<div class=\"highlight-box-icon\" style=\"--icon: url(&quot;https:\/\/alpenbrevet.ch\/wp-content\/uploads\/Trikot.png&quot;); --width: 2560; --height: 2560\"><\/div>\n\t\t\t<div class=\"highlight-box-content\">\n\n\t\t<img loading=\"lazy\" decoding=\"async\" width=\"768\" height=\"768\" src=\"https:\/\/alpenbrevet.ch\/wp-content\/uploads\/Cycling-Cap_Colorway-A_2-768x768.jpg\" class=\"wpce-image\" alt=\"\" data-css-locator=\"\" srcset=\"https:\/\/alpenbrevet.ch\/wp-content\/uploads\/Cycling-Cap_Colorway-A_2-768x768.jpg 768w, https:\/\/alpenbrevet.ch\/wp-content\/uploads\/Cycling-Cap_Colorway-A_2-300x300.jpg 300w, https:\/\/alpenbrevet.ch\/wp-content\/uploads\/Cycling-Cap_Colorway-A_2-1024x1024.jpg 1024w, https:\/\/alpenbrevet.ch\/wp-content\/uploads\/Cycling-Cap_Colorway-A_2-150x150.jpg 150w, https:\/\/alpenbrevet.ch\/wp-content\/uploads\/Cycling-Cap_Colorway-A_2-1536x1536.jpg 1536w, https:\/\/alpenbrevet.ch\/wp-content\/uploads\/Cycling-Cap_Colorway-A_2.jpg 1920w\" sizes=\"auto, (max-width: 768px) 100vw, 768px\" \/>\n\n<h3>Casquette<\/h3>\n<p>CHF 30.00<\/p>\n\n\n<div class=\"buttons\">\n\t<div class=\"button-group\">\n\n\t\t\t<a\n\t\t\t\thref=\"https:\/\/shop.giordana.ch\/pages\/alpenbrevet\" class=\"button style-text with-arrow\"\n\t\t\t>\n\t\t\t\tAcheter\n\t\t\t<\/a>\n\t<\/div>\n<\/div>\t\t\t<\/div>\n\t\t<\/div>\n\t\t<\/div>\n\t<\/div>\n<\/div>\n\n\n\n\n<div class=\"box-wrapper\">\n\t<div class=\"box content-box highlight-box\"\n\t>\n\t\t<div class=\"box-inner\">\n\n\t\t<div class=\"highlight-box-layout\">\n\t\t\t<div class=\"highlight-box-icon\" style=\"--icon: url(&quot;https:\/\/alpenbrevet.ch\/wp-content\/uploads\/Trikot.png&quot;); --width: 2560; --height: 2560\"><\/div>\n\t\t\t<div class=\"highlight-box-content\">\n\n\t\t<img loading=\"lazy\" decoding=\"async\" width=\"768\" height=\"768\" src=\"https:\/\/alpenbrevet.ch\/wp-content\/uploads\/Socken-Alpenrevet-2026_Default-Colorway_1-768x768.jpg\" class=\"wpce-image\" alt=\"\" data-css-locator=\"\" srcset=\"https:\/\/alpenbrevet.ch\/wp-content\/uploads\/Socken-Alpenrevet-2026_Default-Colorway_1-768x768.jpg 768w, https:\/\/alpenbrevet.ch\/wp-content\/uploads\/Socken-Alpenrevet-2026_Default-Colorway_1-300x300.jpg 300w, https:\/\/alpenbrevet.ch\/wp-content\/uploads\/Socken-Alpenrevet-2026_Default-Colorway_1-1024x1024.jpg 1024w, https:\/\/alpenbrevet.ch\/wp-content\/uploads\/Socken-Alpenrevet-2026_Default-Colorway_1-150x150.jpg 150w, https:\/\/alpenbrevet.ch\/wp-content\/uploads\/Socken-Alpenrevet-2026_Default-Colorway_1-1536x1536.jpg 1536w, https:\/\/alpenbrevet.ch\/wp-content\/uploads\/Socken-Alpenrevet-2026_Default-Colorway_1.jpg 1920w\" sizes=\"auto, (max-width: 768px) 100vw, 768px\" \/>\n\n<h3>CHAUSSETTES<\/h3>\n<p>CHF 20.00<\/p>\n\n\n<div class=\"buttons\">\n\t<div class=\"button-group\">\n\n\t\t\t<a\n\t\t\t\thref=\"https:\/\/shop.giordana.ch\/pages\/alpenbrevet\" class=\"button style-text with-arrow\"\n\t\t\t>\n\t\t\t\tAcheter\n\t\t\t<\/a>\n\t<\/div>\n<\/div>\t\t\t<\/div>\n\t\t<\/div>\n\t\t<\/div>\n\t<\/div>\n<\/div>\n\n\n\n<\/div><\/div><\/div>\n<\/div>","protected":false},"excerpt":{"rendered":"<p>V\u00eatements Startseite V\u00eatements Ligne de v\u00eatements Swiss Cycling Alpenbrevet Nous sommes tr\u00e8s heureux de pr\u00e9senter, en collaboration avec notre partenaire vestimentaire GIORDANA, la nouvelle ligne de v\u00eatements Swiss Cycling Alpenbrevet. La collection de l&#8217;ann\u00e9e 2026 est \u00e0 nouveau plac\u00e9e sous le signe des magnifiques coulisses de la montagne \u00e0 Andermatt et des randonn\u00e9es Alpenbrevet. Les [&hellip;]<\/p>\n","protected":false},"author":2,"featured_media":0,"parent":0,"menu_order":0,"comment_status":"closed","ping_status":"closed","template":"","meta":{"_acf_changed":false,"inline_featured_image":false,"footnotes":""},"class_list":["post-6498","page","type-page","status-publish","hentry"],"acf":[],"_links":{"self":[{"href":"https:\/\/alpenbrevet.ch\/fr\/wp-json\/wp\/v2\/pages\/6498","targetHints":{"allow":["GET"]}}],"collection":[{"href":"https:\/\/alpenbrevet.ch\/fr\/wp-json\/wp\/v2\/pages"}],"about":[{"href":"https:\/\/alpenbrevet.ch\/fr\/wp-json\/wp\/v2\/types\/page"}],"author":[{"embeddable":true,"href":"https:\/\/alpenbrevet.ch\/fr\/wp-json\/wp\/v2\/users\/2"}],"replies":[{"embeddable":true,"href":"https:\/\/alpenbrevet.ch\/fr\/wp-json\/wp\/v2\/comments?post=6498"}],"version-history":[{"count":10,"href":"https:\/\/alpenbrevet.ch\/fr\/wp-json\/wp\/v2\/pages\/6498\/revisions"}],"predecessor-version":[{"id":10430,"href":"https:\/\/alpenbrevet.ch\/fr\/wp-json\/wp\/v2\/pages\/6498\/revisions\/10430"}],"wp:attachment":[{"href":"https:\/\/alpenbrevet.ch\/fr\/wp-json\/wp\/v2\/media?parent=6498"}],"curies":[{"name":"wp","href":"https:\/\/api.w.org\/{rel}","templated":true}]}}