{"id":6527,"date":"2024-08-19T13:39:56","date_gmt":"2024-08-19T11:39:56","guid":{"rendered":"https:\/\/alpenbrevet.ch\/services\/anreise\/"},"modified":"2026-02-20T08:40:07","modified_gmt":"2026-02-20T07:40:07","slug":"acces","status":"publish","type":"page","link":"https:\/\/alpenbrevet.ch\/fr\/services\/acces\/","title":{"rendered":"Acc\u00e8s"},"content":{"rendered":"<link data-name=\"until-s\" rel=\"preload\" as=\"style\" href=\"https:\/\/alpenbrevet.ch\/wp-content\/uploads\/Alpenbrevet-Anreise-540x960.jpg\" media=\"(max-width: 539px) and (max-height: 303.75px) and (max-resolution: 1.999dppx)\">\n<link data-name=\"until-s@2x\" rel=\"preload\" as=\"style\" href=\"https:\/\/alpenbrevet.ch\/wp-content\/uploads\/Alpenbrevet-Anreise-1080x1920.jpg\" media=\"(max-width: 539px) and (max-height: 303.75px) and (min-resolution: 2dppx)\">\n<link data-name=\"until-sm\" rel=\"preload\" as=\"style\" href=\"https:\/\/alpenbrevet.ch\/wp-content\/uploads\/Alpenbrevet-Anreise-768x1365.jpg\" media=\"(max-width: 767px) and (max-height: 432px) and (max-resolution: 1.999dppx)\">\n<link data-name=\"until-sm@2x\" rel=\"preload\" as=\"style\" href=\"https:\/\/alpenbrevet.ch\/wp-content\/uploads\/Alpenbrevet-Anreise-1536x2730.jpg\" media=\"(max-width: 767px) and (max-height: 432px) and (min-resolution: 2dppx)\">\n<link data-name=\"until-md\" rel=\"preload\" as=\"style\" href=\"https:\/\/alpenbrevet.ch\/wp-content\/uploads\/Alpenbrevet-Anreise-992x558.jpg\" media=\"(max-width: 991px) and (max-height: 558px) and (max-resolution: 1.999dppx)\">\n<link data-name=\"until-md@2x\" rel=\"preload\" as=\"style\" href=\"https:\/\/alpenbrevet.ch\/wp-content\/uploads\/Alpenbrevet-Anreise-1984x1116.jpg\" media=\"(max-width: 991px) and (max-height: 558px) and (min-resolution: 2dppx)\">\n<link data-name=\"until-lg\" rel=\"preload\" as=\"style\" href=\"https:\/\/alpenbrevet.ch\/wp-content\/uploads\/Alpenbrevet-Anreise-1200x675.jpg\" media=\"(max-width: 1199px) and (max-height: 675px) and (max-resolution: 1.999dppx)\">\n<link data-name=\"until-lg@2x\" rel=\"preload\" as=\"style\" href=\"https:\/\/alpenbrevet.ch\/wp-content\/uploads\/Alpenbrevet-Anreise-2400x1350.jpg\" media=\"(max-width: 1199px) and (max-height: 675px) and (min-resolution: 2dppx)\">\n<link data-name=\"until-xl\" rel=\"preload\" as=\"style\" href=\"https:\/\/alpenbrevet.ch\/wp-content\/uploads\/Alpenbrevet-Anreise-1425x802.jpg\" media=\"(max-width: 1424px) and (max-height: 801.5625px) and (max-resolution: 1.999dppx)\">\n<link data-name=\"until-xl@2x\" rel=\"preload\" as=\"style\" href=\"https:\/\/alpenbrevet.ch\/wp-content\/uploads\/Alpenbrevet-Anreise-2850x1604.jpg\" media=\"(max-width: 1424px) and (max-height: 801.5625px) and (min-resolution: 2dppx)\">\n<link data-name=\"full\" rel=\"preload\" as=\"style\" href=\"https:\/\/alpenbrevet.ch\/wp-content\/uploads\/Alpenbrevet-Anreise.jpg\" media=\"(min-width: 1425px)\">\n<div class=\"hero-section hero-is-image hero-align-end hero-size-narrow\" style=\"--hero-image-full: url('https:\/\/alpenbrevet.ch\/wp-content\/uploads\/Alpenbrevet-Anreise.jpg'); --hero-image-aspect-ratio: 1.5005861664713; --hero-image-until-s: url('https:\/\/alpenbrevet.ch\/wp-content\/uploads\/Alpenbrevet-Anreise-540x960.jpg'); --hero-image-until-s-2x: url('https:\/\/alpenbrevet.ch\/wp-content\/uploads\/Alpenbrevet-Anreise-1080x1920.jpg'); --hero-image-until-sm: url('https:\/\/alpenbrevet.ch\/wp-content\/uploads\/Alpenbrevet-Anreise-768x1365.jpg'); --hero-image-until-sm-2x: url('https:\/\/alpenbrevet.ch\/wp-content\/uploads\/Alpenbrevet-Anreise-1536x2730.jpg'); --hero-image-until-md: url('https:\/\/alpenbrevet.ch\/wp-content\/uploads\/Alpenbrevet-Anreise-992x558.jpg'); --hero-image-until-md-2x: url('https:\/\/alpenbrevet.ch\/wp-content\/uploads\/Alpenbrevet-Anreise-1984x1116.jpg'); --hero-image-until-lg: url('https:\/\/alpenbrevet.ch\/wp-content\/uploads\/Alpenbrevet-Anreise-1200x675.jpg'); --hero-image-until-lg-2x: url('https:\/\/alpenbrevet.ch\/wp-content\/uploads\/Alpenbrevet-Anreise-2400x1350.jpg'); --hero-image-until-xl: url('https:\/\/alpenbrevet.ch\/wp-content\/uploads\/Alpenbrevet-Anreise-1425x802.jpg'); --hero-image-until-xl-2x: url('https:\/\/alpenbrevet.ch\/wp-content\/uploads\/Alpenbrevet-Anreise-2850x1604.jpg'); --hero-image-position: 50% 50%\"\n>\n\t<div class=\"hero-media\">\n\t\t<div class=\"hero-media-overlay\"><\/div>\n\t\t<div class=\"hero-content-wrapper\">\n\t\t\t<div class=\"hero-content\">\n\t\t\t\t<h1>Acc\u00e8s<\/h1>\n\n\t\t\t<\/div>\n\t\t<\/div>\n\t<\/div>\n<\/div><nav class=\"breadcrumb\" aria-label=\"Navigation en fil d&apos;Ariane\">\n\t<ol>\n\t\t<li>\n\t\t\t<a href=\"https:\/\/alpenbrevet.ch\/fr\/\" class=\"breadcrumb-link\">Startseite<\/a>\n\t\t<\/li>\n\t\t<li>\n\t\t\t<a href=\"https:\/\/alpenbrevet.ch\/fr\/services\/\" class=\"breadcrumb-link\">Services<\/a>\n\t\t<\/li>\n\t\t<li>\n\t\t\t<a href=\"https:\/\/alpenbrevet.ch\/fr\/services\/acces\/\" class=\"breadcrumb-link\" aria-current=\"page\">Acc\u00e8s<\/a>\n\t\t<\/li>\n\t<\/ol>\n<\/nav><div  class=\"page-section style-default layout-default align-default\">\n\t<div class=\"section-grid grid-layout container\"><div  style=\"--grid-layout-index: 1\" class=\"section-item layout-default layout-margin-default\"><p>Pour un voyage sans encombre vers l&#8217;Alpenbrevet Swiss Cycling, nous offrons de nombreuses options pour atteindre facilement Andermatt et Ulrichen. Que ce soit par les transports publics ou en voiture, nous avons rassembl\u00e9 tous les d\u00e9tails pour une arriv\u00e9e sans stress. Profitez de nos connexions ferroviaires sp\u00e9ciales ou trouvez le meilleur itin\u00e9raire en voiture, y compris les options de stationnement.<\/p>\n\n<div class=\"accordion-wrapper\">\n\t<div class=\"accordion-group\">\n\n\n\n\n<div class=\"wpce-accordion accordion\" id=\"avec-les-transports-publics-vers-andermatt\">\n\t<div class=\"accordion-heading-wrapper\" role=\"heading\" aria-level=\"3\">\n\t\t<button\n\t\t\ttype=\"button\"\n\t\t\tclass=\"accordion-heading\"\n\t\t\tid=\"accordion-header-400075db-1201-4933-beaa-c831f7bc5f11\"\n\t\t\taria-controls=\"accordion-content-400075db-1201-4933-beaa-c831f7bc5f11\"\n\t\t>\n\t\t\tAvec les transports publics vers Andermatt\n\n\t\t\t<div class=\"accordion-icon-wrapper toggle-wrapper\">\n\t\t\t\t<svg class=\"toggle-icon\" width=\"22\" height=\"22\" viewBox=\"0 0 22 22\" xmlns=\"http:\/\/www.w3.org\/2000\/svg\">\n\t\t\t\t\t<g fill=\"currentColor\" fill-rule=\"evenodd\">\n\t\t\t\t\t\t<rect y=\"10\" width=\"22\" height=\"2\"><\/rect>\n\t\t\t\t\t\t<polygon class=\"toggle-icon-vertical\" points=\"12 0 12 22 10 22 10 0\"><\/polygon>\n\t\t\t\t\t<\/g>\n\t\t\t\t<\/svg>\n\t\t\t<\/div>\n\t\t<\/button>\n\t<\/div>\n\t<div\n\t\tclass=\"accordion-inner\"\n\t\tid=\"accordion-content-400075db-1201-4933-beaa-c831f7bc5f11\"\n\t\trole=\"region\"\n\t\taria-labelledby=\"accordion-header-400075db-1201-4933-beaa-c831f7bc5f11\"\n\t>\n<p>Le vendredi <strong>4 septembre 2026<\/strong>, deux trains de la S\u00fcdostbahn partiront de la gare centrale de Zurich avec des capacit\u00e9s suppl\u00e9mentaires sp\u00e9cialement r\u00e9serv\u00e9es aux participants de l&#8217;Alpenbrevet. Nous prions toutes les personnes qui voyagent en train le vendredi d&#8217;utiliser ces correspondances :<\/p>\n<p><strong>1\u00e8re liaison : 12h05 (Zurich HB) \u2013 12h54 (Arth-Goldau) \u2013 14h06 (Andermatt)<\/strong><\/p>\n<p><strong>2e liaison : 16h05 (Zurich HB) \u2013 16h54 (Arth-Goldau) \u2013 18h06 (Andermatt)<\/strong><\/p>\n<p>Sur place, veuillez suivre les instructions du personnel du train. Pour ces liaisons, vous devez \u00e9galement \u00eatre en possession d&#8217;un billet normal pour vous et votre v\u00e9lo.<\/p>\n<p><em>L&#8217;arriv\u00e9e en transports publics le samedi matin n&#8217;est pas possible en raison de l&#8217;heure de d\u00e9part matinale.<\/em><\/p>\n\t<\/div>\n<\/div>\n\n\n\n\n<div class=\"wpce-accordion accordion\" id=\"trainspecial\">\n\t<div class=\"accordion-heading-wrapper\" role=\"heading\" aria-level=\"3\">\n\t\t<button\n\t\t\ttype=\"button\"\n\t\t\tclass=\"accordion-heading\"\n\t\t\tid=\"accordion-header-312e6d2e-d7fe-41a7-8446-a28e4e7eb07d\"\n\t\t\taria-controls=\"accordion-content-312e6d2e-d7fe-41a7-8446-a28e4e7eb07d\"\n\t\t>\n\t\t\tTrain sp\u00e9cial Fiesch-Andermatt\n\n\t\t\t<div class=\"accordion-icon-wrapper toggle-wrapper\">\n\t\t\t\t<svg class=\"toggle-icon\" width=\"22\" height=\"22\" viewBox=\"0 0 22 22\" xmlns=\"http:\/\/www.w3.org\/2000\/svg\">\n\t\t\t\t\t<g fill=\"currentColor\" fill-rule=\"evenodd\">\n\t\t\t\t\t\t<rect y=\"10\" width=\"22\" height=\"2\"><\/rect>\n\t\t\t\t\t\t<polygon class=\"toggle-icon-vertical\" points=\"12 0 12 22 10 22 10 0\"><\/polygon>\n\t\t\t\t\t<\/g>\n\t\t\t\t<\/svg>\n\t\t\t<\/div>\n\t\t<\/button>\n\t<\/div>\n\t<div\n\t\tclass=\"accordion-inner\"\n\t\tid=\"accordion-content-312e6d2e-d7fe-41a7-8446-a28e4e7eb07d\"\n\t\trole=\"region\"\n\t\taria-labelledby=\"accordion-header-312e6d2e-d7fe-41a7-8446-a28e4e7eb07d\"\n\t>\n<p>En collaboration avec Obergoms Tourisme et le Matterhorn Gotthard Bahn, nous proposons un train sp\u00e9cial le samedi t\u00f4t le matin de Fiesch \u00e0 Andermatt. L\u2019Obergoms offre suffisamment d\u2019h\u00e9bergements, ce qui permet d\u2019\u00e9viter un long trajet le jour du d\u00e9part. Le train sp\u00e9cial part de Fiesch \u00e0 4h00 et arrive \u00e0 Andermatt \u00e0 5h02. Vous serez ainsi \u00e0 l\u2019heure pour le d\u00e9part de toutes les \u00e9preuves \u00e0 Andermatt.<\/p>\n<p><strong>Le billet co\u00fbte CHF 29.\u2013 pour une personne et un v\u00e9lo. Il doit \u00eatre achet\u00e9 \u00e0 l\u2019avance et ne peut pas \u00eatre achet\u00e9 le jour du voyage. De plus, la capacit\u00e9 du train sp\u00e9cial est limit\u00e9e \u00e0 120 personnes.<\/strong><\/p>\n\n\n<div class=\"buttons\">\n\t<div class=\"button-group\">\n\n\t\t\t<a\n\t\t\t\thref=\"https:\/\/trackmaxx.ch\/registration\/?race=AB26U&amp;pl=rt&amp;contest=21&amp;l=fr\" target=\"_blank\" rel=\"noopener\" class=\"button style-default with-arrow\"\n\t\t\t>\n\t\t\t\tAcheter un billet\n\t\t\t<\/a>\n\t<\/div>\n<\/div>\n<p>Horaire Samedi 6 septembre 2025 (sous r\u00e9serve de modifications) :<\/p>\n\n\n<div class=\"table-container\">\n\t<table class=\"table\">\n\t\t<tbody>\n\t\t\t<tr>\n\t\t\t\t\t<td><p><strong>Departure time<\/strong><\/p><\/td>\n\t\t\t\t\t<td><p><strong>Location<\/strong><\/p><\/td>\n\t\t\t<\/tr>\n\t\t\t<tr>\n\t\t\t\t\t<td><p>04:00<\/p><\/td>\n\t\t\t\t\t<td><p>Fiesch<\/p><\/td>\n\t\t\t<\/tr>\n\t\t\t<tr>\n\t\t\t\t\t<td><p>04:05<\/p><\/td>\n\t\t\t\t\t<td><p>F\u00fcrgangen-Bellwald<\/p><\/td>\n\t\t\t<\/tr>\n\t\t\t<tr>\n\t\t\t\t\t<td><p>04:10<\/p><\/td>\n\t\t\t\t\t<td><p>Niederwald<\/p><\/td>\n\t\t\t<\/tr>\n\t\t\t<tr>\n\t\t\t\t\t<td><p>04:12<\/p><\/td>\n\t\t\t\t\t<td><p>Blitzingen<\/p><\/td>\n\t\t\t<\/tr>\n\t\t\t<tr>\n\t\t\t\t\t<td><p>04:14<\/p><\/td>\n\t\t\t\t\t<td><p>Biel (Goms)<\/p><\/td>\n\t\t\t<\/tr>\n\t\t\t<tr>\n\t\t\t\t\t<td><p>04:16<\/p><\/td>\n\t\t\t\t\t<td><p>Gluringen<\/p><\/td>\n\t\t\t<\/tr>\n\t\t\t<tr>\n\t\t\t\t\t<td><p>04:18<\/p><\/td>\n\t\t\t\t\t<td><p>Reckingen VS<\/p><\/td>\n\t\t\t<\/tr>\n\t\t\t<tr>\n\t\t\t\t\t<td><p>04:21<\/p><\/td>\n\t\t\t\t\t<td><p>M\u00fcnster VS<\/p><\/td>\n\t\t\t<\/tr>\n\t\t\t<tr>\n\t\t\t\t\t<td><p>04:23<\/p><\/td>\n\t\t\t\t\t<td><p>Geschinen<\/p><\/td>\n\t\t\t<\/tr>\n\t\t\t<tr>\n\t\t\t\t\t<td><p>04:26<\/p><\/td>\n\t\t\t\t\t<td><p>Ulrichen<\/p><\/td>\n\t\t\t<\/tr>\n\t\t\t<tr>\n\t\t\t\t\t<td><p>04:28<\/p><\/td>\n\t\t\t\t\t<td><p>Obergesteln<\/p><\/td>\n\t\t\t<\/tr>\n\t\t\t<tr>\n\t\t\t\t\t<td><p>04:35<\/p><\/td>\n\t\t\t\t\t<td><p>Oberwald<\/p><\/td>\n\t\t\t<\/tr>\n\t\t\t<tr>\n\t\t\t\t\t<td><p>04:50<\/p><\/td>\n\t\t\t\t\t<td><p>Realp<\/p><\/td>\n\t\t\t<\/tr>\n\t\t\t<tr>\n\t\t\t\t\t<td><p>04:57<\/p><\/td>\n\t\t\t\t\t<td><p>Hospental<\/p><\/td>\n\t\t\t<\/tr>\n\t\t\t<tr>\n\t\t\t\t\t<td><p>05:02<\/p><\/td>\n\t\t\t\t\t<td><p>Andermatt<\/p><\/td>\n\t\t\t<\/tr>\n\t\t<\/tbody>\n\t<\/table>\n<\/div>\t<\/div>\n<\/div>\n\n\n\n\n<div class=\"wpce-accordion accordion\" id=\"extrazug\">\n\t<div class=\"accordion-heading-wrapper\" role=\"heading\" aria-level=\"3\">\n\t\t<button\n\t\t\ttype=\"button\"\n\t\t\tclass=\"accordion-heading\"\n\t\t\tid=\"accordion-header-b9bb38a7-98fe-416e-8b35-d75c342bb3d5\"\n\t\t\taria-controls=\"accordion-content-b9bb38a7-98fe-416e-8b35-d75c342bb3d5\"\n\t\t>\n\t\t\tExtrazug Andermatt \u2013 Ulrichen\n\n\t\t\t<div class=\"accordion-icon-wrapper toggle-wrapper\">\n\t\t\t\t<svg class=\"toggle-icon\" width=\"22\" height=\"22\" viewBox=\"0 0 22 22\" xmlns=\"http:\/\/www.w3.org\/2000\/svg\">\n\t\t\t\t\t<g fill=\"currentColor\" fill-rule=\"evenodd\">\n\t\t\t\t\t\t<rect y=\"10\" width=\"22\" height=\"2\"><\/rect>\n\t\t\t\t\t\t<polygon class=\"toggle-icon-vertical\" points=\"12 0 12 22 10 22 10 0\"><\/polygon>\n\t\t\t\t\t<\/g>\n\t\t\t\t<\/svg>\n\t\t\t<\/div>\n\t\t<\/button>\n\t<\/div>\n\t<div\n\t\tclass=\"accordion-inner\"\n\t\tid=\"accordion-content-b9bb38a7-98fe-416e-8b35-d75c342bb3d5\"\n\t\trole=\"region\"\n\t\taria-labelledby=\"accordion-header-b9bb38a7-98fe-416e-8b35-d75c342bb3d5\"\n\t>\n<p>Zusammen mit unseren Partnern bieten wir am Samstagmorgen einen Extrazug von Andermatt nach Ulrichen an. So kannst Du bequem ins Obergoms reisen und Deine Tour ohne zus\u00e4tzliche Organisation starten.<\/p>\n<p>Der Extrazug f\u00e4hrt am Samstag, 05. September ab 06:52 Uhr in Andermatt ab.<\/p>\n<p><strong>Das Ticket kostet CHF 19.\u2013 pro Person inkl. Fahrrad. Das Ticket muss im Voraus gekauft werden und kann nicht am Tag der Anreise gel\u00f6st werden. Die Kapazit\u00e4t ist auf maximal 120 Personen beschr\u00e4nkt.<\/strong><\/p>\n\n\n<div class=\"buttons\">\n\t<div class=\"button-group\">\n\n\t\t\t<a\n\t\t\t\thref=\"https:\/\/trackmaxx.ch\/registration\/?race=AB26U&amp;pl=rt&amp;contest=22&amp;l=fr\" target=\"_blank\" rel=\"noopener\" class=\"button style-default with-arrow\"\n\t\t\t>\n\t\t\t\tTicket kaufen\n\t\t\t<\/a>\n\t<\/div>\n<\/div>\n<p>Fahrplan Samstag, 5. September 2026 (\u00c4nderungen vorbehalten):<\/p>\n\n\n<div class=\"table-container\">\n\t<table class=\"table\">\n\t\t<tbody>\n\t\t\t<tr>\n\t\t\t\t\t<td><p><strong>Abfahrtszeit<\/strong><\/p>\n<\/td>\n\t\t\t\t\t<td><p><strong>Ort<\/strong><\/p><\/td>\n\t\t\t<\/tr>\n\t\t\t<tr>\n\t\t\t\t\t<td><p>06:52<\/p>\n<\/td>\n\t\t\t\t\t<td><p>Andermatt<\/p>\n<\/td>\n\t\t\t<\/tr>\n\t\t\t<tr>\n\t\t\t\t\t<td><p>06:56<\/p>\n<\/td>\n\t\t\t\t\t<td><p>Hospental<\/p>\n<\/td>\n\t\t\t<\/tr>\n\t\t\t<tr>\n\t\t\t\t\t<td><p>07:10<\/p>\n<\/td>\n\t\t\t\t\t<td><p>Realp<\/p>\n<\/td>\n\t\t\t<\/tr>\n\t\t\t<tr>\n\t\t\t\t\t<td><p>07:38<\/p>\n<\/td>\n\t\t\t\t\t<td><p>Oberwald<\/p>\n<\/td>\n\t\t\t<\/tr>\n\t\t\t<tr>\n\t\t\t\t\t<td><p>07:41<\/p>\n<\/td>\n\t\t\t\t\t<td><p>Obergesteln<\/p>\n<\/td>\n\t\t\t<\/tr>\n\t\t\t<tr>\n\t\t\t\t\t<td><p>07:44<\/p>\n<\/td>\n\t\t\t\t\t<td><p>Ulrichen<\/p>\n<\/td>\n\t\t\t<\/tr>\n\t\t<\/tbody>\n\t<\/table>\n<\/div>\t<\/div>\n<\/div>\n\n\n\n\n<div class=\"wpce-accordion accordion\" id=\"se-rendre-a-andermatt-en-voiture\">\n\t<div class=\"accordion-heading-wrapper\" role=\"heading\" aria-level=\"3\">\n\t\t<button\n\t\t\ttype=\"button\"\n\t\t\tclass=\"accordion-heading\"\n\t\t\tid=\"accordion-header-fa021f3e-963d-46c3-a430-b3ba3564f3ce\"\n\t\t\taria-controls=\"accordion-content-fa021f3e-963d-46c3-a430-b3ba3564f3ce\"\n\t\t>\n\t\t\tSe rendre \u00e0 Andermatt en voiture\n\n\t\t\t<div class=\"accordion-icon-wrapper toggle-wrapper\">\n\t\t\t\t<svg class=\"toggle-icon\" width=\"22\" height=\"22\" viewBox=\"0 0 22 22\" xmlns=\"http:\/\/www.w3.org\/2000\/svg\">\n\t\t\t\t\t<g fill=\"currentColor\" fill-rule=\"evenodd\">\n\t\t\t\t\t\t<rect y=\"10\" width=\"22\" height=\"2\"><\/rect>\n\t\t\t\t\t\t<polygon class=\"toggle-icon-vertical\" points=\"12 0 12 22 10 22 10 0\"><\/polygon>\n\t\t\t\t\t<\/g>\n\t\t\t\t<\/svg>\n\t\t\t<\/div>\n\t\t<\/button>\n\t<\/div>\n\t<div\n\t\tclass=\"accordion-inner\"\n\t\tid=\"accordion-content-fa021f3e-963d-46c3-a430-b3ba3564f3ce\"\n\t\trole=\"region\"\n\t\taria-labelledby=\"accordion-header-fa021f3e-963d-46c3-a430-b3ba3564f3ce\"\n\t>\n<p>Sur l\u2019autoroute A2 jusqu\u2019\u00e0 la sortie de G\u00f6schenen et de l\u00e0 en environ 10 minutes apr\u00e8s Andermatt.<\/p>\n<p><strong>Parking payant \u00e0 Andermatt:<\/strong><br \/>\nEnviron 800 places de parking sont \u00e0 la disposition des participants de l\u2019Alpenbrevet sur les parkings\u00a0P1 et B\u00e4z\u00a0lors de l\u2019\u00e9v\u00e9nement.\u00a0(places de parking marqu\u00e9es en rouge sur le plan suivant). Ils sont payants toute la journ\u00e9e. Le ticket de parking doit \u00eatre achet\u00e9 sur place via l\u2019application\u00a0Parkingpay ou Twint.<\/p>\n<p>L\u2019application Parkingpay peut \u00eatre t\u00e9l\u00e9charg\u00e9e dans les principaux stores :<\/p>\n\n\n<div class=\"buttons\">\n\t<div class=\"button-group\">\n\n\t\t\t<a\n\t\t\t\thref=\"https:\/\/play.google.com\/store\/apps\/details?id=ch.parkingcard.customer\" class=\"button style-default with-arrow\"\n\t\t\t>\n\t\t\t\tGoogle Play Store\n\t\t\t<\/a>\n\n\t\t\t<a\n\t\t\t\thref=\"https:\/\/apps.apple.com\/ch\/app\/parkingpay\/id1104202443\" class=\"button style-default with-arrow\"\n\t\t\t>\n\t\t\t\tApple Store\n\t\t\t<\/a>\n\t<\/div>\n<\/div>\n\n\t\t<img loading=\"lazy\" decoding=\"async\" width=\"900\" height=\"342\" src=\"https:\/\/alpenbrevet.ch\/wp-content\/uploads\/Parkplatztarife.png\" class=\"wpce-image\" alt=\"\" data-css-locator=\"\" srcset=\"https:\/\/alpenbrevet.ch\/wp-content\/uploads\/Parkplatztarife.png 900w, https:\/\/alpenbrevet.ch\/wp-content\/uploads\/Parkplatztarife-300x114.png 300w, https:\/\/alpenbrevet.ch\/wp-content\/uploads\/Parkplatztarife-768x292.png 768w\" sizes=\"auto, (max-width: 900px) 100vw, 900px\" \/>\n\n\n\t\t<img loading=\"lazy\" decoding=\"async\" width=\"724\" height=\"1024\" src=\"https:\/\/alpenbrevet.ch\/wp-content\/uploads\/Alpenbrevet-2025-Car-Bike-Parking-724x1024.jpg\" class=\"wpce-image\" alt=\"\" data-css-locator=\"\" srcset=\"https:\/\/alpenbrevet.ch\/wp-content\/uploads\/Alpenbrevet-2025-Car-Bike-Parking-724x1024.jpg 724w, https:\/\/alpenbrevet.ch\/wp-content\/uploads\/Alpenbrevet-2025-Car-Bike-Parking-212x300.jpg 212w, https:\/\/alpenbrevet.ch\/wp-content\/uploads\/Alpenbrevet-2025-Car-Bike-Parking-768x1086.jpg 768w, https:\/\/alpenbrevet.ch\/wp-content\/uploads\/Alpenbrevet-2025-Car-Bike-Parking.jpg 794w\" sizes=\"auto, (max-width: 724px) 100vw, 724px\" \/>\n\t<\/div>\n<\/div>\n\n\n\n\n<div class=\"wpce-accordion accordion\" id=\"se-rendre-a-ulrichen-en-transports-publics\">\n\t<div class=\"accordion-heading-wrapper\" role=\"heading\" aria-level=\"3\">\n\t\t<button\n\t\t\ttype=\"button\"\n\t\t\tclass=\"accordion-heading\"\n\t\t\tid=\"accordion-header-b31484ef-e619-40e0-8a67-501e516ba260\"\n\t\t\taria-controls=\"accordion-content-b31484ef-e619-40e0-8a67-501e516ba260\"\n\t\t>\n\t\t\tSe rendre \u00e0 Ulrichen en transports publics\n\n\t\t\t<div class=\"accordion-icon-wrapper toggle-wrapper\">\n\t\t\t\t<svg class=\"toggle-icon\" width=\"22\" height=\"22\" viewBox=\"0 0 22 22\" xmlns=\"http:\/\/www.w3.org\/2000\/svg\">\n\t\t\t\t\t<g fill=\"currentColor\" fill-rule=\"evenodd\">\n\t\t\t\t\t\t<rect y=\"10\" width=\"22\" height=\"2\"><\/rect>\n\t\t\t\t\t\t<polygon class=\"toggle-icon-vertical\" points=\"12 0 12 22 10 22 10 0\"><\/polygon>\n\t\t\t\t\t<\/g>\n\t\t\t\t<\/svg>\n\t\t\t<\/div>\n\t\t<\/button>\n\t<\/div>\n\t<div\n\t\tclass=\"accordion-inner\"\n\t\tid=\"accordion-content-b31484ef-e619-40e0-8a67-501e516ba260\"\n\t\trole=\"region\"\n\t\taria-labelledby=\"accordion-header-b31484ef-e619-40e0-8a67-501e516ba260\"\n\t>\n<p>En train jusqu\u2019\u00e0 Vi\u00e8ge et de l\u00e0 avec la Matterhorn Gotthard Bahn jusqu\u2019\u00e0 Ulrichen ou par le tunnel de la Furka d\u2019Andermatt jusqu\u2019\u00e0 Ulrichen.S<\/p>\n<h3>Se rendre \u00e0 Ulrichen en voiture<\/h3>\n<p>Par le Grimsel-, la Furka ou le Nufenenpass, vous atteignez directement la vall\u00e9e de Conches. Ou de Vi\u00e8ge, suivre la route principale via Fiesch jusqu\u2019\u00e0 Ulrichen.<\/p>\n<p>A Ulrichen, des places de parking gratuit seront disponibles sur l\u2019a\u00e9rodrome d\u00e8s le samedi matin pour les participants au Alpenbrevet\u00a0(places de parking marqu\u00e9es en rouge sur le plan suivant).<\/p>\n\n\n\t\t<img loading=\"lazy\" decoding=\"async\" width=\"1024\" height=\"724\" src=\"https:\/\/alpenbrevet.ch\/wp-content\/uploads\/Alpenbrevet-2025-Parking-Ulrichen-1024x724.jpg\" class=\"wpce-image\" alt=\"\" data-css-locator=\"\" srcset=\"https:\/\/alpenbrevet.ch\/wp-content\/uploads\/Alpenbrevet-2025-Parking-Ulrichen-1024x724.jpg 1024w, https:\/\/alpenbrevet.ch\/wp-content\/uploads\/Alpenbrevet-2025-Parking-Ulrichen-300x212.jpg 300w, https:\/\/alpenbrevet.ch\/wp-content\/uploads\/Alpenbrevet-2025-Parking-Ulrichen-768x543.jpg 768w, https:\/\/alpenbrevet.ch\/wp-content\/uploads\/Alpenbrevet-2025-Parking-Ulrichen.jpg 1123w\" sizes=\"auto, (max-width: 1024px) 100vw, 1024px\" \/>\n\t<\/div>\n<\/div>\t<\/div>\n<\/div>\n<\/div><\/div>\n<\/div>","protected":false},"excerpt":{"rendered":"<p>Acc\u00e8s Startseite Services Acc\u00e8s Pour un voyage sans encombre vers l&#8217;Alpenbrevet Swiss Cycling, nous offrons de nombreuses options pour atteindre facilement Andermatt et Ulrichen. Que ce soit par les transports publics ou en voiture, nous avons rassembl\u00e9 tous les d\u00e9tails pour une arriv\u00e9e sans stress. Profitez de nos connexions ferroviaires sp\u00e9ciales ou trouvez le meilleur [&hellip;]<\/p>\n","protected":false},"author":2,"featured_media":0,"parent":6518,"menu_order":0,"comment_status":"closed","ping_status":"closed","template":"","meta":{"_acf_changed":false,"inline_featured_image":false,"footnotes":""},"class_list":["post-6527","page","type-page","status-publish","hentry"],"acf":[],"_links":{"self":[{"href":"https:\/\/alpenbrevet.ch\/fr\/wp-json\/wp\/v2\/pages\/6527","targetHints":{"allow":["GET"]}}],"collection":[{"href":"https:\/\/alpenbrevet.ch\/fr\/wp-json\/wp\/v2\/pages"}],"about":[{"href":"https:\/\/alpenbrevet.ch\/fr\/wp-json\/wp\/v2\/types\/page"}],"author":[{"embeddable":true,"href":"https:\/\/alpenbrevet.ch\/fr\/wp-json\/wp\/v2\/users\/2"}],"replies":[{"embeddable":true,"href":"https:\/\/alpenbrevet.ch\/fr\/wp-json\/wp\/v2\/comments?post=6527"}],"version-history":[{"count":10,"href":"https:\/\/alpenbrevet.ch\/fr\/wp-json\/wp\/v2\/pages\/6527\/revisions"}],"predecessor-version":[{"id":10527,"href":"https:\/\/alpenbrevet.ch\/fr\/wp-json\/wp\/v2\/pages\/6527\/revisions\/10527"}],"up":[{"embeddable":true,"href":"https:\/\/alpenbrevet.ch\/fr\/wp-json\/wp\/v2\/pages\/6518"}],"wp:attachment":[{"href":"https:\/\/alpenbrevet.ch\/fr\/wp-json\/wp\/v2\/media?parent=6527"}],"curies":[{"name":"wp","href":"https:\/\/api.w.org\/{rel}","templated":true}]}}