{"id":6543,"date":"2024-08-19T16:40:09","date_gmt":"2024-08-19T14:40:09","guid":{"rendered":"https:\/\/alpenbrevet.ch\/services\/swiss-cycling-top-tour\/"},"modified":"2025-02-26T09:43:25","modified_gmt":"2025-02-26T08:43:25","slug":"swiss-cycling-top-tour","status":"publish","type":"page","link":"https:\/\/alpenbrevet.ch\/fr\/services\/swiss-cycling-top-tour\/","title":{"rendered":"Swiss Cycling Top Tour"},"content":{"rendered":"<link data-name=\"until-s\" rel=\"preload\" as=\"style\" href=\"https:\/\/alpenbrevet.ch\/wp-content\/uploads\/Swiss-Cycling-Top-Tour-Alpenbrevet-540x960.jpg\" media=\"(max-width: 539px) and (max-height: 303.75px) and (max-resolution: 1.999dppx)\">\n<link data-name=\"until-s@2x\" rel=\"preload\" as=\"style\" href=\"https:\/\/alpenbrevet.ch\/wp-content\/uploads\/Swiss-Cycling-Top-Tour-Alpenbrevet-1080x1920.jpg\" media=\"(max-width: 539px) and (max-height: 303.75px) and (min-resolution: 2dppx)\">\n<link data-name=\"until-sm\" rel=\"preload\" as=\"style\" href=\"https:\/\/alpenbrevet.ch\/wp-content\/uploads\/Swiss-Cycling-Top-Tour-Alpenbrevet-768x1365.jpg\" media=\"(max-width: 767px) and (max-height: 432px) and (max-resolution: 1.999dppx)\">\n<link data-name=\"until-sm@2x\" rel=\"preload\" as=\"style\" href=\"https:\/\/alpenbrevet.ch\/wp-content\/uploads\/Swiss-Cycling-Top-Tour-Alpenbrevet-1536x2730.jpg\" media=\"(max-width: 767px) and (max-height: 432px) and (min-resolution: 2dppx)\">\n<link data-name=\"until-md\" rel=\"preload\" as=\"style\" href=\"https:\/\/alpenbrevet.ch\/wp-content\/uploads\/Swiss-Cycling-Top-Tour-Alpenbrevet-992x558.jpg\" media=\"(max-width: 991px) and (max-height: 558px) and (max-resolution: 1.999dppx)\">\n<link data-name=\"until-md@2x\" rel=\"preload\" as=\"style\" href=\"https:\/\/alpenbrevet.ch\/wp-content\/uploads\/Swiss-Cycling-Top-Tour-Alpenbrevet-1984x1116.jpg\" media=\"(max-width: 991px) and (max-height: 558px) and (min-resolution: 2dppx)\">\n<link data-name=\"until-lg\" rel=\"preload\" as=\"style\" href=\"https:\/\/alpenbrevet.ch\/wp-content\/uploads\/Swiss-Cycling-Top-Tour-Alpenbrevet-1200x675.jpg\" media=\"(max-width: 1199px) and (max-height: 675px) and (max-resolution: 1.999dppx)\">\n<link data-name=\"until-lg@2x\" rel=\"preload\" as=\"style\" href=\"https:\/\/alpenbrevet.ch\/wp-content\/uploads\/Swiss-Cycling-Top-Tour-Alpenbrevet-2400x1350.jpg\" media=\"(max-width: 1199px) and (max-height: 675px) and (min-resolution: 2dppx)\">\n<link data-name=\"until-xl\" rel=\"preload\" as=\"style\" href=\"https:\/\/alpenbrevet.ch\/wp-content\/uploads\/Swiss-Cycling-Top-Tour-Alpenbrevet-1425x802.jpg\" media=\"(max-width: 1424px) and (max-height: 801.5625px) and (max-resolution: 1.999dppx)\">\n<link data-name=\"until-xl@2x\" rel=\"preload\" as=\"style\" href=\"https:\/\/alpenbrevet.ch\/wp-content\/uploads\/Swiss-Cycling-Top-Tour-Alpenbrevet-2850x1604.jpg\" media=\"(max-width: 1424px) and (max-height: 801.5625px) and (min-resolution: 2dppx)\">\n<link data-name=\"full\" rel=\"preload\" as=\"style\" href=\"https:\/\/alpenbrevet.ch\/wp-content\/uploads\/Swiss-Cycling-Top-Tour-Alpenbrevet.jpg\" media=\"(min-width: 1425px)\">\n<div class=\"hero-section hero-is-image hero-align-end hero-size-narrow\" style=\"--hero-image-full: url('https:\/\/alpenbrevet.ch\/wp-content\/uploads\/Swiss-Cycling-Top-Tour-Alpenbrevet.jpg'); --hero-image-aspect-ratio: 1.7777777777778; --hero-image-until-s: url('https:\/\/alpenbrevet.ch\/wp-content\/uploads\/Swiss-Cycling-Top-Tour-Alpenbrevet-540x960.jpg'); --hero-image-until-s-2x: url('https:\/\/alpenbrevet.ch\/wp-content\/uploads\/Swiss-Cycling-Top-Tour-Alpenbrevet-1080x1920.jpg'); --hero-image-until-sm: url('https:\/\/alpenbrevet.ch\/wp-content\/uploads\/Swiss-Cycling-Top-Tour-Alpenbrevet-768x1365.jpg'); --hero-image-until-sm-2x: url('https:\/\/alpenbrevet.ch\/wp-content\/uploads\/Swiss-Cycling-Top-Tour-Alpenbrevet-1536x2730.jpg'); --hero-image-until-md: url('https:\/\/alpenbrevet.ch\/wp-content\/uploads\/Swiss-Cycling-Top-Tour-Alpenbrevet-992x558.jpg'); --hero-image-until-md-2x: url('https:\/\/alpenbrevet.ch\/wp-content\/uploads\/Swiss-Cycling-Top-Tour-Alpenbrevet-1984x1116.jpg'); --hero-image-until-lg: url('https:\/\/alpenbrevet.ch\/wp-content\/uploads\/Swiss-Cycling-Top-Tour-Alpenbrevet-1200x675.jpg'); --hero-image-until-lg-2x: url('https:\/\/alpenbrevet.ch\/wp-content\/uploads\/Swiss-Cycling-Top-Tour-Alpenbrevet-2400x1350.jpg'); --hero-image-until-xl: url('https:\/\/alpenbrevet.ch\/wp-content\/uploads\/Swiss-Cycling-Top-Tour-Alpenbrevet-1425x802.jpg'); --hero-image-until-xl-2x: url('https:\/\/alpenbrevet.ch\/wp-content\/uploads\/Swiss-Cycling-Top-Tour-Alpenbrevet-2850x1604.jpg'); --hero-image-position: 50% 50%\"\n>\n\t<div class=\"hero-media\">\n\t\t<div class=\"hero-media-overlay\"><\/div>\n\t\t<div class=\"hero-content-wrapper\">\n\t\t\t<div class=\"hero-content\">\n\t\t\t\t<h1>Swiss Cycling Top Tour<\/h1>\n\n\t\t\t<\/div>\n\t\t<\/div>\n\t<\/div>\n<\/div><nav class=\"breadcrumb\" aria-label=\"Navigation en fil d&apos;Ariane\">\n\t<ol>\n\t\t<li>\n\t\t\t<a href=\"https:\/\/alpenbrevet.ch\/fr\/\" class=\"breadcrumb-link\">Startseite<\/a>\n\t\t<\/li>\n\t\t<li>\n\t\t\t<a href=\"https:\/\/alpenbrevet.ch\/fr\/services\/\" class=\"breadcrumb-link\">Services<\/a>\n\t\t<\/li>\n\t\t<li>\n\t\t\t<a href=\"https:\/\/alpenbrevet.ch\/fr\/services\/swiss-cycling-top-tour\/\" class=\"breadcrumb-link\" aria-current=\"page\">Swiss Cycling Top Tour<\/a>\n\t\t<\/li>\n\t<\/ol>\n<\/nav><div  class=\"page-section style-default layout-default align-default\">\n\t<div class=\"section-grid grid-layout container\"><div  style=\"--grid-layout-index: 1\" class=\"section-item layout-default layout-margin-default\"><h3>P\u00c9DALER, VIVRE, PROFITER \u2013 DANS UNE DIVERSIT\u00c9 FASCINANTE : LES DATES DES \u00c9V\u00c9NEMENTS TOP TOUR 2025 SONT FIX\u00c9ES.<\/h3>\n<p>Le v\u00e9lo conna\u00eet une croissance continue depuis un certain temps, et la pand\u00e9mie a acc\u00e9l\u00e9r\u00e9 cette \u00e9volution. La Swiss Cycling Top Tour est la s\u00e9rie d&#8217;\u00e9v\u00e9nements qui refl\u00e8te la diversit\u00e9 topographique et culturelle de la Suisse, avec des offres adapt\u00e9es \u00e0 tous les cyclistes. La gamme d&#8217;\u00e9v\u00e9nements va de la balade dominicale tranquille au circuit alpin exigeant. Ce qui unit ces \u00e9v\u00e9nements, c&#8217;est leur organisation ; le label Swiss Cycling Top Tour garantit une qualit\u00e9 sup\u00e9rieure.<\/p>\n\n\n\t\t<img loading=\"lazy\" decoding=\"async\" width=\"1024\" height=\"576\" src=\"https:\/\/alpenbrevet.ch\/wp-content\/uploads\/SwissCycling_TopTour2025_1920x1080_16zu9-2-2048x1152-1-1024x576.jpg\" class=\"wpce-image\" alt=\"\" data-css-locator=\"\" srcset=\"https:\/\/alpenbrevet.ch\/wp-content\/uploads\/SwissCycling_TopTour2025_1920x1080_16zu9-2-2048x1152-1-1024x576.jpg 1024w, https:\/\/alpenbrevet.ch\/wp-content\/uploads\/SwissCycling_TopTour2025_1920x1080_16zu9-2-2048x1152-1-300x169.jpg 300w, https:\/\/alpenbrevet.ch\/wp-content\/uploads\/SwissCycling_TopTour2025_1920x1080_16zu9-2-2048x1152-1-768x432.jpg 768w, https:\/\/alpenbrevet.ch\/wp-content\/uploads\/SwissCycling_TopTour2025_1920x1080_16zu9-2-2048x1152-1-1536x864.jpg 1536w, https:\/\/alpenbrevet.ch\/wp-content\/uploads\/SwissCycling_TopTour2025_1920x1080_16zu9-2-2048x1152-1.jpg 2048w\" sizes=\"auto, (max-width: 1024px) 100vw, 1024px\" \/>\n<\/div><\/div>\n<\/div><div  id class=\"page-section style-default layout-default align-default\">\n\t<div class=\"section-grid grid-layout container\"><div  style=\"--grid-layout-index: 1; --col-xs: 12; --col-sm: 12; --col-md: 4; --col-lg: 4; --col-xl: 4\" class=\"section-item layout-default layout-margin-default\">\n\t\t<img loading=\"lazy\" decoding=\"async\" width=\"768\" height=\"981\" src=\"https:\/\/alpenbrevet.ch\/wp-content\/uploads\/TopTourTrikot-2023-Visualisierung_final-768x981.gif\" class=\"wpce-image\" alt=\"\" data-css-locator=\"\" srcset=\"https:\/\/alpenbrevet.ch\/wp-content\/uploads\/TopTourTrikot-2023-Visualisierung_final-768x981.gif 768w, https:\/\/alpenbrevet.ch\/wp-content\/uploads\/TopTourTrikot-2023-Visualisierung_final-235x300.gif 235w, https:\/\/alpenbrevet.ch\/wp-content\/uploads\/TopTourTrikot-2023-Visualisierung_final-802x1024.gif 802w\" sizes=\"auto, (max-width: 768px) 100vw, 768px\" \/>\n<\/div><div  style=\"--grid-layout-index: 2; --col-xs: 12; --col-sm: 12; --col-md: 8; --col-lg: 8; --col-xl: 8\" class=\"section-item layout-default layout-margin-default\"><h2>Swiss Cycling Top Tour Maillot<\/h2>\n<p>Participe \u00e0 quatre \u00e9v\u00e9nements Top Tour de Swiss Cycling sur une m\u00eame saison et re\u00e7ois en cadeau un maillot Top Tour.<\/p>\n<p>Contacte-nous simplement \u00e0 l\u2019adresse\u00a0breitensport@swiss-cycling.ch\u00a0apr\u00e8s avoir particip\u00e9 \u00e0 quatre Top Tours et nous t\u2019enverrons le maillot.<\/p>\n<\/div><\/div>\n<\/div>","protected":false},"excerpt":{"rendered":"<p>Swiss Cycling Top Tour Startseite Services Swiss Cycling Top Tour P\u00c9DALER, VIVRE, PROFITER \u2013 DANS UNE DIVERSIT\u00c9 FASCINANTE : LES DATES DES \u00c9V\u00c9NEMENTS TOP TOUR 2025 SONT FIX\u00c9ES. Le v\u00e9lo conna\u00eet une croissance continue depuis un certain temps, et la pand\u00e9mie a acc\u00e9l\u00e9r\u00e9 cette \u00e9volution. La Swiss Cycling Top Tour est la s\u00e9rie d&#8217;\u00e9v\u00e9nements qui [&hellip;]<\/p>\n","protected":false},"author":2,"featured_media":0,"parent":6518,"menu_order":0,"comment_status":"closed","ping_status":"closed","template":"","meta":{"_acf_changed":false,"inline_featured_image":false,"footnotes":""},"class_list":["post-6543","page","type-page","status-publish","hentry"],"acf":[],"_links":{"self":[{"href":"https:\/\/alpenbrevet.ch\/fr\/wp-json\/wp\/v2\/pages\/6543","targetHints":{"allow":["GET"]}}],"collection":[{"href":"https:\/\/alpenbrevet.ch\/fr\/wp-json\/wp\/v2\/pages"}],"about":[{"href":"https:\/\/alpenbrevet.ch\/fr\/wp-json\/wp\/v2\/types\/page"}],"author":[{"embeddable":true,"href":"https:\/\/alpenbrevet.ch\/fr\/wp-json\/wp\/v2\/users\/2"}],"replies":[{"embeddable":true,"href":"https:\/\/alpenbrevet.ch\/fr\/wp-json\/wp\/v2\/comments?post=6543"}],"version-history":[{"count":2,"href":"https:\/\/alpenbrevet.ch\/fr\/wp-json\/wp\/v2\/pages\/6543\/revisions"}],"predecessor-version":[{"id":9196,"href":"https:\/\/alpenbrevet.ch\/fr\/wp-json\/wp\/v2\/pages\/6543\/revisions\/9196"}],"up":[{"embeddable":true,"href":"https:\/\/alpenbrevet.ch\/fr\/wp-json\/wp\/v2\/pages\/6518"}],"wp:attachment":[{"href":"https:\/\/alpenbrevet.ch\/fr\/wp-json\/wp\/v2\/media?parent=6543"}],"curies":[{"name":"wp","href":"https:\/\/api.w.org\/{rel}","templated":true}]}}