{"id":6547,"date":"2024-08-19T14:42:46","date_gmt":"2024-08-19T12:42:46","guid":{"rendered":"https:\/\/alpenbrevet.ch\/services\/volunteers\/"},"modified":"2025-01-27T15:18:52","modified_gmt":"2025-01-27T14:18:52","slug":"volunteers","status":"publish","type":"page","link":"https:\/\/alpenbrevet.ch\/fr\/services\/volunteers\/","title":{"rendered":"Volunteers"},"content":{"rendered":"<div class=\"hero-section hero-is-image hero-align-end hero-size-narrow\" style=\"--hero-image-full: url(&apos;https:\/\/alpenbrevet.ch\/wp-content\/uploads\/alpenbrevet24_25von69.jpg&apos;); --hero-image-aspect-ratio: 1.4996059889677; --hero-image-until-s: url(&apos;https:\/\/alpenbrevet.ch\/wp-content\/uploads\/alpenbrevet24_25von69-540x960.jpg&apos;); --hero-image-until-s-2x: url(&apos;https:\/\/alpenbrevet.ch\/wp-content\/uploads\/alpenbrevet24_25von69-1080x1920.jpg&apos;); --hero-image-until-sm: url(&apos;https:\/\/alpenbrevet.ch\/wp-content\/uploads\/alpenbrevet24_25von69.jpg&apos;); --hero-image-until-sm-2x: url(&apos;https:\/\/alpenbrevet.ch\/wp-content\/uploads\/alpenbrevet24_25von69.jpg&apos;); --hero-image-until-md: url(&apos;https:\/\/alpenbrevet.ch\/wp-content\/uploads\/alpenbrevet24_25von69-992x558.jpg&apos;); --hero-image-until-md-2x: url(&apos;https:\/\/alpenbrevet.ch\/wp-content\/uploads\/alpenbrevet24_25von69-1984x1116.jpg&apos;); --hero-image-until-lg: url(&apos;https:\/\/alpenbrevet.ch\/wp-content\/uploads\/alpenbrevet24_25von69-1200x675.jpg&apos;); --hero-image-until-lg-2x: url(&apos;https:\/\/alpenbrevet.ch\/wp-content\/uploads\/alpenbrevet24_25von69-2400x1350.jpg&apos;); --hero-image-until-xl: url(&apos;https:\/\/alpenbrevet.ch\/wp-content\/uploads\/alpenbrevet24_25von69-1425x802.jpg&apos;); --hero-image-until-xl-2x: url(&apos;https:\/\/alpenbrevet.ch\/wp-content\/uploads\/alpenbrevet24_25von69-2850x1604.jpg&apos;); --hero-image-position: 50% 50%\"\n>\n\t<div class=\"hero-media\">\n\t\t<div class=\"hero-media-overlay\"><\/div>\n\t\t<div class=\"hero-content-wrapper\">\n\t\t\t<div class=\"hero-content\">\n\t\t\t\t<h1>b\u00e9n\u00e9voles<\/h1>\n\n\t\t\t<\/div>\n\t\t<\/div>\n\t<\/div>\n<\/div><nav class=\"breadcrumb\" aria-label=\"Navigation en fil d&apos;Ariane\">\n\t<ol>\n\t\t<li>\n\t\t\t<a href=\"https:\/\/alpenbrevet.ch\/fr\/\" class=\"breadcrumb-link\">Startseite<\/a>\n\t\t<\/li>\n\t\t<li>\n\t\t\t<a href=\"https:\/\/alpenbrevet.ch\/fr\/services\/\" class=\"breadcrumb-link\">Services<\/a>\n\t\t<\/li>\n\t\t<li>\n\t\t\t<a href=\"https:\/\/alpenbrevet.ch\/fr\/services\/volunteers\/\" class=\"breadcrumb-link\" aria-current=\"page\">Volunteers<\/a>\n\t\t<\/li>\n\t<\/ol>\n<\/nav><div  class=\"page-section style-default layout-default align-default\">\n\t<div class=\"section-grid grid-layout container\"><div  style=\"--grid-layout-index: 1\" class=\"section-item layout-default layout-margin-default\"><h3>EN TANT QUE B\u00c9N\u00c9VOLE AU PLUS BEAU MARATHON CYCLISTE D\u2019EUROPE<\/h3>\n<p>Le Swiss Cycling Alpenbrevet fait partie des classiques des marathons cyclistes dans les Alpes et ses parcours exigeants mais pittoresques m\u00e8nent \u00e0 travers les plus beaux cols de Suisse. Cette ann\u00e9e, il aura lieu le 5 septembre 2025 et est consid\u00e9r\u00e9 par beaucoup comme le point culminant de la saison. Avec ses 3&#8217;000 participants venant du monde entier, cet \u00e9v\u00e9nement riche en traditions affiche complet chaque ann\u00e9e.<\/p>\n<\/div><\/div>\n<\/div><div  id class=\"page-section style-default layout-default align-default\">\n\t<div class=\"section-grid grid-layout container\"><div  style=\"--grid-layout-index: 1; --col-xs: 12; --col-sm: 12; --col-md: 8; --col-lg: 8; --col-xl: 8\" class=\"section-item layout-default layout-margin-default\"><p><strong>Nous recherchons:<\/strong> Nous sommes \u00e0 la recherche de personnes motiv\u00e9es, efficaces et responsables qui, par leur formidable engagement et leur joie, permettront aux cyclistes participants* et \u00e0 eux-m\u00eames de vivre une exp\u00e9rience inoubliable.<\/p>\n<p><strong>Lieux d&#8217;intervention possibles:<\/strong> lieu d&#8217;\u00e9v\u00e9nement Andermatt (UR) ou lieu de d\u00e9part Ulrichen (VS)<\/p>\n<p><strong>Dates d&#8217;engagement:<\/strong> du 5 au 7 septembre 2025 (possibilit\u00e9 de jours isol\u00e9s)<\/p>\n<p><strong>Ressorts:<\/strong><br \/>\n&#8211; Distribution des num\u00e9ros de d\u00e9part<br \/>\n&#8211; Restauration<br \/>\n&#8211; Poste de ravitaillement<br \/>\n&#8211; Montage et d\u00e9montage du d\u00e9part et de l&#8217;arriv\u00e9e<br \/>\n&#8211; Logistique<br \/>\n&#8211; Signalisation<br \/>\n&#8211; Accueil des h\u00e9bergements<br \/>\n&#8211; Etc.<\/p>\n<\/div><div  style=\"--grid-layout-index: 2; --col-xs: 12; --col-sm: 12; --col-md: 4; --col-lg: 4; --col-xl: 4\" class=\"section-item layout-default layout-margin-default\">\n\t\t<img loading=\"lazy\" decoding=\"async\" width=\"300\" height=\"207\" src=\"https:\/\/alpenbrevet.ch\/wp-content\/uploads\/logo-SV-300x207.png\" class=\"wpce-image\" alt=\"\" data-css-locator=\"\" srcset=\"https:\/\/alpenbrevet.ch\/wp-content\/uploads\/logo-SV-300x207.png 300w, https:\/\/alpenbrevet.ch\/wp-content\/uploads\/logo-SV-768x531.png 768w, https:\/\/alpenbrevet.ch\/wp-content\/uploads\/logo-SV.png 1000w\" sizes=\"auto, (max-width: 300px) 100vw, 300px\" \/>\n\n\n<div class=\"buttons\">\n\t<div class=\"button-group\">\n\n\t\t\t<a\n\t\t\t\thref=\"https:\/\/go.swissvolunteers.ch\/discover-events\/link\/7cacd0492cc12c02d7bd449c80fb98210ac875e5\" target=\"_blank\" rel=\"noopener\" class=\"button style-default with-arrow\"\n\t\t\t>\n\t\t\t\tInscrire ici\n\t\t\t<\/a>\n\t<\/div>\n<\/div><\/div><\/div>\n<\/div><div  class=\"page-section style-default layout-default align-default\">\n\t<div class=\"section-grid grid-layout container\"><div  style=\"--grid-layout-index: 1\" class=\"section-item layout-default layout-margin-default\"><p><strong>Ce que tu re\u00e7ois en \u00e9change de ton aide:<\/strong><br \/>\n&#8211; T-shirt de b\u00e9n\u00e9vole et veste softshell<br \/>\n&#8211; 45 CHF d\u00e9dommagement pour le voyage (ind\u00e9pendamment de la dur\u00e9e de l&#8217;intervention)<br \/>\n&#8211; Nourriture pendant l&#8217;aide<br \/>\n-H\u00e9bergement en chambre \u00e0 plusieurs lits (si vous n&#8217;habitez pas dans la r\u00e9gion et que vous \u00eates en mission pendant plusieurs jours).<br \/>\n&#8211; Invitation \u00e0 la f\u00eate des b\u00e9n\u00e9voles en automne\/hiver 2025<br \/>\n&#8211; Goodiebag avec de superbes give-aways des partenaires de l&#8217;Alpenbrevet<br \/>\n&#8211; Gratitude \u00e9ternelle! Car sans toi, un tel \u00e9v\u00e9nement ne pourrait pas avoir lieu<br \/>\n&#8211; Une super exp\u00e9rience avec une super \u00e9quipe!<\/p>\n<p><strong>Informations importantes:<\/strong><br \/>\n&#8211; En cas de missions t\u00f4t le matin (p.ex. le jour m\u00eame de l&#8217;\u00e9v\u00e9nement), l&#8217;arriv\u00e9e se fait d\u00e9j\u00e0 la veille.<br \/>\n&#8211; Le d\u00e9but de la mission le samedi est d\u00e9j\u00e0 t\u00f4t le matin (valeur indicative : 4h00 du matin)<br \/>\n&#8211; La pr\u00e9f\u00e9rence est donn\u00e9e aux personnes qui peuvent aider sur plusieurs jours.<br \/>\n&#8211; Le travail doit \u00eatre un plaisir ! Mais il doit aussi \u00eatre effectu\u00e9 correctement et avec envie. C&#8217;est pourquoi il est important que nous puissions faire enti\u00e8rement confiance aux b\u00e9n\u00e9voles. En tant que b\u00e9n\u00e9vole, on s&#8217;engage \u00e0 effectuer le travail en toute conscience et dans l&#8217;esprit d&#8217;un \u00e9v\u00e9nement r\u00e9ussi.<\/p>\n\n<div\n\tclass=\"wpce-gallery\"\n\tx-data=\"{\n\t\tuid: &quot;gallery-72ae359a-da5b-406d-ac06-b304456160b9&quot;,\n\t\t_previewEl: null,\n\t\tloading: false,\n\t\tnoPush: false,\n\t\trefs: null,\n\t\tinit() {\n\t\t\tconst refs = this.$refs\n\t\t\tthis.refs = {\n\t\t\t\tget grid() { return refs.grid },\n\t\t\t\tget image() { return refs.image },\n\t\t\t\tget content() { return refs.content },\n\t\t\t}\n\n\t\t\t\/\/ Update from Hash\n\t\t\tlet evaluateHash = () =&gt; {\n\t\t\t\tthis.noPush = true\n\n\t\t\t\tif (!this.$hash.startsWith('\/' + this.uid + '\/')) {\n\t\t\t\t\tthis.previewEl = null\n\t\t\t\t\tthis.noPush = false\n\t\t\t\t\treturn\n\t\t\t\t}\n\n\t\t\t\tlet index = Number(this.$hash.slice(this.uid.length + 2))\n\t\t\t\tif (isNaN(index)) {\n\t\t\t\t\tthis.previewEl = null\n\t\t\t\t\tthis.noPush = false\n\t\t\t\t\treturn\n\t\t\t\t}\n\n\t\t\t\tlet element = this.refs.grid.children[index - 1]\n\t\t\t\tif (!element) {\n\t\t\t\t\tthis.previewEl = null\n\t\t\t\t\tthis.noPush = false\n\t\t\t\t\treturn\n\t\t\t\t}\n\n\t\t\t\tif (element === this._previewEl) {\n\t\t\t\t\tthis.noPush = false\n\t\t\t\t\treturn\n\t\t\t\t}\n\n\t\t\t\tthis.previewEl = element\n\t\t\t\tthis.noPush = false\n\t\t\t}\n\n\t\t\tthis.$watch('$hash', evaluateHash)\n\t\t\tsetTimeout(evaluateHash, 0)\n\t\t},\n\t\tonKeydown(event) {\n\t\t\tif (!this.previewEl) return\n\t\t\tif (event.metaKey || event.altKey || event.ctrlKey || event.shiftKey) return\n\n\t\t\tswitch (event.key) {\n\t\t\t\tcase 'ArrowLeft':\n\t\t\t\t\tthis.previous()\n\t\t\t\t\tbreak\n\n\t\t\t\tcase 'ArrowRight':\n\t\t\t\t\tthis.next()\n\t\t\t\t\tbreak\n\n\t\t\t\tcase 'Escape':\n\t\t\t\t\tthis.close()\n\t\t\t\t\tbreak\n\t\t\t}\n\t\t},\n\t\tget previewEl() {\n\t\t\treturn this._previewEl\n\t\t},\n\t\tset previewEl(el) {\n\t\t\tthis.loading = true\n\n\t\t\tif (!this.noPush) {\n\t\t\t\tlet index = [...this.refs.grid.children].indexOf(el) + 1\n\t\t\t\tlet hash = el ? `#\/${ this.uid }\/${ index }` : ''\n\t\t\t\tlet url = location.pathname + hash\n\t\t\t\thistory.pushState(null, null, url)\n\t\t\t\twindow.dispatchEvent(new HashChangeEvent('hashchange'))\n\t\t\t}\n\n\t\t\tthis._previewEl = el\n\n\t\t\t\n\t\t\tsetTimeout(() =&gt; {\n\t\t\t\tif (el &#038;&#038; this.refs.image.naturalWidth &gt; 0) {\n\t\t\t\t\tthis.loading = false\n\t\t\t\t}\n\t\t\t})\n\t\t},\n\t\tget caption() {\n\t\t\t\n\t\t\treturn this.previewEl\n\t\t\t\t&#038;&#038; (\n\t\t\t\t\tthis.previewEl.dataset.caption\n\t\t\t\t)\n\t\t\t\t|| undefined\n\t\t},\n\t\tpreloadPrevious() {\n\t\t\tlet img = new Image()\n\t\t\timg.src = this.refs.grid.children[this.previewEl.dataset.prevIndex]\n\t\t},\n\t\tpreloadNext() {\n\t\t\tlet img = new Image()\n\t\t\timg.src = this.refs.grid.children[this.previewEl.dataset.nextIndex]\n\t\t},\n\t\tprevious() {\n\t\t\tif (this.previewEl) {\n\t\t\t\tthis.previewEl = this.refs.grid.children[this.previewEl.dataset.prevIndex]\n\t\t\t}\n\t\t},\n\t\tnext() {\n\t\t\tif (this.previewEl) {\n\t\t\t\tthis.previewEl = this.refs.grid.children[this.previewEl.dataset.nextIndex]\n\t\t\t}\n\t\t},\n\t\tclose() {\n\t\t\t\n\t\t\tthis.hide()\n\t\t\tsetTimeout(() =&gt; {\n\t\t\t\tthis.previewEl = null\n\t\t\t}, 400)\n\t\t},\n\n\t\t\n\t\t...transition({\n\t\t\tcss: {\n\t\t\t\topacity: 0,\n\t\t\t\ttransform: 'scale(1.05)',\n\t\t\t},\n\t\t\tduration: 400,\n\t\t}),\n\t}\"\n\tx-effect=\"toggle(previewEl !== null)\"\n\t:class=\"{ active: previewEl !== null }\"\n\t@keydown.document=\"onKeydown\"\n>\n\t<template x-teleport=\"body\">\n\t\t<div\n\t\t\trole=\"dialog\"\n\t\t\tclass=\"gallery-overlay\"\n\t\t\tstyle=\"display: none\"\n\t\t\tx-bind=\"target\"\n\t\t\tx-trap=\"previewEl !== null\"\n\t\t>\n\t\t\t<p class=\"sr-only\">Bienvenue dans la galerie. Appuyez sur Echap pour fermer ou sur les fl\u00e8ches gauche\/droite pour naviguer.<\/p>\n\t\t\t<button type=\"button\" class=\"gallery-control icon-button control-close\" @click=\"close\">\n\t\t\t\t<svg aria-hidden=\"true\" focusable=\"false\" width=\"10\" height=\"10\" viewBox=\"0 0 10 10\" xmlns=\"http:\/\/www.w3.org\/2000\/svg\"><path d=\"M8.75 0 10 1.25 6.25 5 10 8.75 8.75 10 5 6.25 1.25 10 0 8.75 3.75 5 0 1.25 1.25 0 5 3.75z\" fill=\"currentColor\" fill-rule=\"nonzero\"><\/path><\/svg>\n\t\t\t\t<span class=\"sr-only\">Fermer la galerie<\/span>\n\t\t\t<\/button>\n\t\t\t<button type=\"button\" class=\"gallery-control icon-button control-prev\" @click=\"previous\">\n\t\t\t\t<svg aria-hidden=\"true\" focusable=\"false\" width=\"6\" height=\"10\" viewBox=\"0 0 6 10\" xmlns=\"http:\/\/www.w3.org\/2000\/svg\"><path d=\"M4.667 10 6 8.571 2.667 5 6 1.429 4.667 0 0 5z\" fill=\"currentColor\" fill-rule=\"evenodd\"><\/path><\/svg>\n\t\t\t\t<span class=\"sr-only\">Image pr\u00e9c\u00e9dente<\/span>\n\t\t\t<\/button>\n\t\t\t<button type=\"button\" class=\"gallery-control icon-button control-next\" @click=\"next\">\n\t\t\t\t<svg aria-hidden=\"true\" focusable=\"false\" width=\"6\" height=\"10\" viewBox=\"0 0 6 10\" xmlns=\"http:\/\/www.w3.org\/2000\/svg\"><path d=\"M1.333 10 0 8.571 3.333 5 0 1.429 1.333 0 6 5z\" fill=\"currentColor\" fill-rule=\"evenodd\"><\/path><\/svg>\n\t\t\t\t<span class=\"sr-only\">Image suivante<\/span>\n\t\t\t<\/button>\n\t\t\t<div class=\"caption-container\" :class=\"{ active: !loading &#038;&#038; caption }\">\n\t\t\t\t<div id=\"gallery-72ae359a-da5b-406d-ac06-b304456160b9-caption\" class=\"control-caption\" x-text=\"caption\"><\/div>\n\t\t\t<\/div>\n\t\t\t<figure class=\"content\" x-ref=\"content\" :aria-labelledby=\"previewEl &#038;&#038; previewEl.dataset.alt ? &quot;gallery-72ae359a-da5b-406d-ac06-b304456160b9-caption&quot; : null\">\n\t\t\t\t<img\n\t\t\t\t\tx-ref=\"image\"\n\t\t\t\t\t:alt=\"previewEl &#038;&#038; previewEl.dataset.alt\"\n\t\t\t\t\t:src=\"previewEl &#038;&#038; previewEl.dataset.fullSrc\"\n\t\t\t\t\t:class=\"{ 'with-caption': !loading &#038;&#038; caption }\"\n\t\t\t\t\t:style=\"{ opacity: loading ? 0 : 1 }\"\n\t\t\t\t\t@load=\"loading = false; preloadNext(); preloadPrevious()\"\n\t\t\t\t>\n\t\t\t<\/figure>\n\t\t<\/div>\n\t<\/template>\n\t<div class=\"gallery-grid grid-layout\" x-ref=\"grid\">\n\t\t\t<a\n\t\t\t\thref=\"https:\/\/alpenbrevet.ch\/wp-content\/uploads\/alpenbrevet242von162-1350x900.jpg\"\n\t\t\t\t@click.prevent=\"previewEl = $el\"\n\t\t\t\tdata-alt=\"\"\n\t\t\t\tdata-caption=\"\"\n\t\t\t\tdata-next-index=\"1\"\n\t\t\t\tdata-prev-index=\"4\"\n\t\t\t\tdata-full-src=\"https:\/\/alpenbrevet.ch\/wp-content\/uploads\/alpenbrevet242von162-1350x900.jpg\"\n\t\t\t>\n\t\t\t\t<img loading=\"lazy\" decoding=\"async\" width=\"316\" height=\"316\" src=\"https:\/\/alpenbrevet.ch\/wp-content\/uploads\/alpenbrevet242von162-316x316.jpg\" class=\"gallery-image tile\" alt=\"\" srcset=\"https:\/\/alpenbrevet.ch\/wp-content\/uploads\/alpenbrevet242von162-316x316.jpg 316w, https:\/\/alpenbrevet.ch\/wp-content\/uploads\/alpenbrevet242von162-150x150.jpg 150w, https:\/\/alpenbrevet.ch\/wp-content\/uploads\/alpenbrevet242von162-632x632.jpg 632w\" sizes=\"auto, (max-width: 316px) 100vw, 316px\" \/>\n\t\t\t<\/a>\n\t\t\t<a\n\t\t\t\thref=\"https:\/\/alpenbrevet.ch\/wp-content\/uploads\/alpenbrevet2422von162-1350x900.jpg\"\n\t\t\t\t@click.prevent=\"previewEl = $el\"\n\t\t\t\tdata-alt=\"\"\n\t\t\t\tdata-caption=\"\"\n\t\t\t\tdata-next-index=\"2\"\n\t\t\t\tdata-prev-index=\"0\"\n\t\t\t\tdata-full-src=\"https:\/\/alpenbrevet.ch\/wp-content\/uploads\/alpenbrevet2422von162-1350x900.jpg\"\n\t\t\t>\n\t\t\t\t<img loading=\"lazy\" decoding=\"async\" width=\"316\" height=\"316\" src=\"https:\/\/alpenbrevet.ch\/wp-content\/uploads\/alpenbrevet2422von162-316x316.jpg\" class=\"gallery-image tile\" alt=\"\" srcset=\"https:\/\/alpenbrevet.ch\/wp-content\/uploads\/alpenbrevet2422von162-316x316.jpg 316w, https:\/\/alpenbrevet.ch\/wp-content\/uploads\/alpenbrevet2422von162-150x150.jpg 150w, https:\/\/alpenbrevet.ch\/wp-content\/uploads\/alpenbrevet2422von162-632x632.jpg 632w\" sizes=\"auto, (max-width: 316px) 100vw, 316px\" \/>\n\t\t\t<\/a>\n\t\t\t<a\n\t\t\t\thref=\"https:\/\/alpenbrevet.ch\/wp-content\/uploads\/alpenbrevet24_23von69-1349x900.jpg\"\n\t\t\t\t@click.prevent=\"previewEl = $el\"\n\t\t\t\tdata-alt=\"\"\n\t\t\t\tdata-caption=\"\"\n\t\t\t\tdata-next-index=\"3\"\n\t\t\t\tdata-prev-index=\"1\"\n\t\t\t\tdata-full-src=\"https:\/\/alpenbrevet.ch\/wp-content\/uploads\/alpenbrevet24_23von69-1349x900.jpg\"\n\t\t\t>\n\t\t\t\t<img loading=\"lazy\" decoding=\"async\" width=\"316\" height=\"316\" src=\"https:\/\/alpenbrevet.ch\/wp-content\/uploads\/alpenbrevet24_23von69-316x316.jpg\" class=\"gallery-image tile\" alt=\"\" srcset=\"https:\/\/alpenbrevet.ch\/wp-content\/uploads\/alpenbrevet24_23von69-316x316.jpg 316w, https:\/\/alpenbrevet.ch\/wp-content\/uploads\/alpenbrevet24_23von69-150x150.jpg 150w, https:\/\/alpenbrevet.ch\/wp-content\/uploads\/alpenbrevet24_23von69-632x632.jpg 632w\" sizes=\"auto, (max-width: 316px) 100vw, 316px\" \/>\n\t\t\t<\/a>\n\t\t\t<a\n\t\t\t\thref=\"https:\/\/alpenbrevet.ch\/wp-content\/uploads\/alpenbrevet24_25von69-1-1350x900.jpg\"\n\t\t\t\t@click.prevent=\"previewEl = $el\"\n\t\t\t\tdata-alt=\"\"\n\t\t\t\tdata-caption=\"\"\n\t\t\t\tdata-next-index=\"4\"\n\t\t\t\tdata-prev-index=\"2\"\n\t\t\t\tdata-full-src=\"https:\/\/alpenbrevet.ch\/wp-content\/uploads\/alpenbrevet24_25von69-1-1350x900.jpg\"\n\t\t\t>\n\t\t\t\t<img loading=\"lazy\" decoding=\"async\" width=\"316\" height=\"316\" src=\"https:\/\/alpenbrevet.ch\/wp-content\/uploads\/alpenbrevet24_25von69-1-316x316.jpg\" class=\"gallery-image tile\" alt=\"\" srcset=\"https:\/\/alpenbrevet.ch\/wp-content\/uploads\/alpenbrevet24_25von69-1-316x316.jpg 316w, https:\/\/alpenbrevet.ch\/wp-content\/uploads\/alpenbrevet24_25von69-1-150x150.jpg 150w, https:\/\/alpenbrevet.ch\/wp-content\/uploads\/alpenbrevet24_25von69-1-632x632.jpg 632w\" sizes=\"auto, (max-width: 316px) 100vw, 316px\" \/>\n\t\t\t<\/a>\n\t\t\t<a\n\t\t\t\thref=\"https:\/\/alpenbrevet.ch\/wp-content\/uploads\/alpenbrevet24_217von69-1350x900.jpg\"\n\t\t\t\t@click.prevent=\"previewEl = $el\"\n\t\t\t\tdata-alt=\"\"\n\t\t\t\tdata-caption=\"\"\n\t\t\t\tdata-next-index=\"0\"\n\t\t\t\tdata-prev-index=\"3\"\n\t\t\t\tdata-full-src=\"https:\/\/alpenbrevet.ch\/wp-content\/uploads\/alpenbrevet24_217von69-1350x900.jpg\"\n\t\t\t>\n\t\t\t\t<img loading=\"lazy\" decoding=\"async\" width=\"316\" height=\"316\" src=\"https:\/\/alpenbrevet.ch\/wp-content\/uploads\/alpenbrevet24_217von69-316x316.jpg\" class=\"gallery-image tile\" alt=\"\" srcset=\"https:\/\/alpenbrevet.ch\/wp-content\/uploads\/alpenbrevet24_217von69-316x316.jpg 316w, https:\/\/alpenbrevet.ch\/wp-content\/uploads\/alpenbrevet24_217von69-150x150.jpg 150w, https:\/\/alpenbrevet.ch\/wp-content\/uploads\/alpenbrevet24_217von69-632x632.jpg 632w\" sizes=\"auto, (max-width: 316px) 100vw, 316px\" \/>\n\t\t\t<\/a>\n\t<\/div>\n<\/div>\n\n<div class=\"buttons\">\n\t<div class=\"button-group\">\n\n\t\t\t<a\n\t\t\t\thref=\"https:\/\/go.swissvolunteers.ch\/discover-events\/link\/7cacd0492cc12c02d7bd449c80fb98210ac875e5\" target=\"_blank\" rel=\"noopener\" class=\"button style-default with-arrow\"\n\t\t\t>\n\t\t\t\tInscrire ici\n\t\t\t<\/a>\n\t<\/div>\n<\/div><\/div><\/div>\n<\/div>","protected":false},"excerpt":{"rendered":"<p>b\u00e9n\u00e9voles Startseite Services Volunteers EN TANT QUE B\u00c9N\u00c9VOLE AU PLUS BEAU MARATHON CYCLISTE D\u2019EUROPE Le Swiss Cycling Alpenbrevet fait partie des classiques des marathons cyclistes dans les Alpes et ses parcours exigeants mais pittoresques m\u00e8nent \u00e0 travers les plus beaux cols de Suisse. Cette ann\u00e9e, il aura lieu le 5 septembre 2025 et est consid\u00e9r\u00e9 [&hellip;]<\/p>\n","protected":false},"author":2,"featured_media":0,"parent":6518,"menu_order":0,"comment_status":"closed","ping_status":"closed","template":"","meta":{"_acf_changed":false,"inline_featured_image":false,"footnotes":""},"class_list":["post-6547","page","type-page","status-publish","hentry"],"acf":[],"_links":{"self":[{"href":"https:\/\/alpenbrevet.ch\/fr\/wp-json\/wp\/v2\/pages\/6547","targetHints":{"allow":["GET"]}}],"collection":[{"href":"https:\/\/alpenbrevet.ch\/fr\/wp-json\/wp\/v2\/pages"}],"about":[{"href":"https:\/\/alpenbrevet.ch\/fr\/wp-json\/wp\/v2\/types\/page"}],"author":[{"embeddable":true,"href":"https:\/\/alpenbrevet.ch\/fr\/wp-json\/wp\/v2\/users\/2"}],"replies":[{"embeddable":true,"href":"https:\/\/alpenbrevet.ch\/fr\/wp-json\/wp\/v2\/comments?post=6547"}],"version-history":[{"count":3,"href":"https:\/\/alpenbrevet.ch\/fr\/wp-json\/wp\/v2\/pages\/6547\/revisions"}],"predecessor-version":[{"id":9062,"href":"https:\/\/alpenbrevet.ch\/fr\/wp-json\/wp\/v2\/pages\/6547\/revisions\/9062"}],"up":[{"embeddable":true,"href":"https:\/\/alpenbrevet.ch\/fr\/wp-json\/wp\/v2\/pages\/6518"}],"wp:attachment":[{"href":"https:\/\/alpenbrevet.ch\/fr\/wp-json\/wp\/v2\/media?parent=6547"}],"curies":[{"name":"wp","href":"https:\/\/api.w.org\/{rel}","templated":true}]}}