{"id":8292,"date":"2024-09-10T11:47:32","date_gmt":"2024-09-10T09:47:32","guid":{"rendered":"https:\/\/alpenbrevet.ch\/services\/training\/"},"modified":"2026-02-20T08:52:51","modified_gmt":"2026-02-20T07:52:51","slug":"formation","status":"publish","type":"page","link":"https:\/\/alpenbrevet.ch\/fr\/services\/formation\/","title":{"rendered":"Formation"},"content":{"rendered":"<link data-name=\"until-s\" rel=\"preload\" as=\"style\" href=\"https:\/\/alpenbrevet.ch\/wp-content\/uploads\/11873_20240907_140033_399778718_original-540x960.jpg\" media=\"(max-width: 539px) and (max-height: 303.75px) and (max-resolution: 1.999dppx)\">\n<link data-name=\"until-s@2x\" rel=\"preload\" as=\"style\" href=\"https:\/\/alpenbrevet.ch\/wp-content\/uploads\/11873_20240907_140033_399778718_original-1080x1920.jpg\" media=\"(max-width: 539px) and (max-height: 303.75px) and (min-resolution: 2dppx)\">\n<link data-name=\"until-sm\" rel=\"preload\" as=\"style\" href=\"https:\/\/alpenbrevet.ch\/wp-content\/uploads\/11873_20240907_140033_399778718_original-768x1365.jpg\" media=\"(max-width: 767px) and (max-height: 432px) and (max-resolution: 1.999dppx)\">\n<link data-name=\"until-sm@2x\" rel=\"preload\" as=\"style\" href=\"https:\/\/alpenbrevet.ch\/wp-content\/uploads\/11873_20240907_140033_399778718_original-1536x2730.jpg\" media=\"(max-width: 767px) and (max-height: 432px) and (min-resolution: 2dppx)\">\n<link data-name=\"until-md\" rel=\"preload\" as=\"style\" href=\"https:\/\/alpenbrevet.ch\/wp-content\/uploads\/11873_20240907_140033_399778718_original-992x558.jpg\" media=\"(max-width: 991px) and (max-height: 558px) and (max-resolution: 1.999dppx)\">\n<link data-name=\"until-md@2x\" rel=\"preload\" as=\"style\" href=\"https:\/\/alpenbrevet.ch\/wp-content\/uploads\/11873_20240907_140033_399778718_original-1984x1116.jpg\" media=\"(max-width: 991px) and (max-height: 558px) and (min-resolution: 2dppx)\">\n<link data-name=\"until-lg\" rel=\"preload\" as=\"style\" href=\"https:\/\/alpenbrevet.ch\/wp-content\/uploads\/11873_20240907_140033_399778718_original-1200x675.jpg\" media=\"(max-width: 1199px) and (max-height: 675px) and (max-resolution: 1.999dppx)\">\n<link data-name=\"until-lg@2x\" rel=\"preload\" as=\"style\" href=\"https:\/\/alpenbrevet.ch\/wp-content\/uploads\/11873_20240907_140033_399778718_original-2400x1350.jpg\" media=\"(max-width: 1199px) and (max-height: 675px) and (min-resolution: 2dppx)\">\n<link data-name=\"until-xl\" rel=\"preload\" as=\"style\" href=\"https:\/\/alpenbrevet.ch\/wp-content\/uploads\/11873_20240907_140033_399778718_original-1425x802.jpg\" media=\"(max-width: 1424px) and (max-height: 801.5625px) and (max-resolution: 1.999dppx)\">\n<link data-name=\"until-xl@2x\" rel=\"preload\" as=\"style\" href=\"https:\/\/alpenbrevet.ch\/wp-content\/uploads\/11873_20240907_140033_399778718_original-2850x1604.jpg\" media=\"(max-width: 1424px) and (max-height: 801.5625px) and (min-resolution: 2dppx)\">\n<link data-name=\"full\" rel=\"preload\" as=\"style\" href=\"https:\/\/alpenbrevet.ch\/wp-content\/uploads\/11873_20240907_140033_399778718_original.jpg\" media=\"(min-width: 1425px)\">\n<div class=\"hero-section hero-is-image hero-align-end hero-size-narrow\" style=\"--hero-image-full: url('https:\/\/alpenbrevet.ch\/wp-content\/uploads\/11873_20240907_140033_399778718_original.jpg'); --hero-image-aspect-ratio: 1.5005861664713; --hero-image-until-s: url('https:\/\/alpenbrevet.ch\/wp-content\/uploads\/11873_20240907_140033_399778718_original-540x960.jpg'); --hero-image-until-s-2x: url('https:\/\/alpenbrevet.ch\/wp-content\/uploads\/11873_20240907_140033_399778718_original-1080x1920.jpg'); --hero-image-until-sm: url('https:\/\/alpenbrevet.ch\/wp-content\/uploads\/11873_20240907_140033_399778718_original-768x1365.jpg'); --hero-image-until-sm-2x: url('https:\/\/alpenbrevet.ch\/wp-content\/uploads\/11873_20240907_140033_399778718_original-1536x2730.jpg'); --hero-image-until-md: url('https:\/\/alpenbrevet.ch\/wp-content\/uploads\/11873_20240907_140033_399778718_original-992x558.jpg'); --hero-image-until-md-2x: url('https:\/\/alpenbrevet.ch\/wp-content\/uploads\/11873_20240907_140033_399778718_original-1984x1116.jpg'); --hero-image-until-lg: url('https:\/\/alpenbrevet.ch\/wp-content\/uploads\/11873_20240907_140033_399778718_original-1200x675.jpg'); --hero-image-until-lg-2x: url('https:\/\/alpenbrevet.ch\/wp-content\/uploads\/11873_20240907_140033_399778718_original-2400x1350.jpg'); --hero-image-until-xl: url('https:\/\/alpenbrevet.ch\/wp-content\/uploads\/11873_20240907_140033_399778718_original-1425x802.jpg'); --hero-image-until-xl-2x: url('https:\/\/alpenbrevet.ch\/wp-content\/uploads\/11873_20240907_140033_399778718_original-2850x1604.jpg'); --hero-image-position: 50% 50%\"\n>\n\t<div class=\"hero-media\">\n\t\t<div class=\"hero-media-overlay\"><\/div>\n\t\t<div class=\"hero-content-wrapper\">\n\t\t\t<div class=\"hero-content\">\n\t\t\t\t<h1>Entra\u00eenement<\/h1>\n\n\t\t\t<\/div>\n\t\t<\/div>\n\t<\/div>\n<\/div><nav class=\"breadcrumb\" aria-label=\"Navigation en fil d&apos;Ariane\">\n\t<ol>\n\t\t<li>\n\t\t\t<a href=\"https:\/\/alpenbrevet.ch\/fr\/\" class=\"breadcrumb-link\">Startseite<\/a>\n\t\t<\/li>\n\t\t<li>\n\t\t\t<a href=\"https:\/\/alpenbrevet.ch\/fr\/services\/\" class=\"breadcrumb-link\">Services<\/a>\n\t\t<\/li>\n\t\t<li>\n\t\t\t<a href=\"https:\/\/alpenbrevet.ch\/fr\/services\/formation\/\" class=\"breadcrumb-link\" aria-current=\"page\">Formation<\/a>\n\t\t<\/li>\n\t<\/ol>\n<\/nav><div  class=\"page-section style-default layout-default align-default\">\n\t<div class=\"section-grid grid-layout container\"><div  style=\"--grid-layout-index: 1\" class=\"section-item layout-default layout-margin-default\"><h2>Entra\u00eene-toi correctement &amp; atteins ton objectif \u00e0 Andermatt !<\/h2>\n<p>Es-tu un cycliste passionn\u00e9 et souhaites-tu te pr\u00e9parer parfaitement pour l\u2019Alpenbrevet 2026 ? Alors nous avons l\u2019offre id\u00e9ale pour toi ! Avec notre partenaire MYsport, tu b\u00e9n\u00e9ficies d\u2019un accompagnement professionnel en mati\u00e8re de planification de l\u2019entra\u00eenement, de bikefitting et de nutrition. Notre \u00e9quipe t\u2019accompagne jusqu\u2019\u00e0 la ligne d\u2019arriv\u00e9e \u00e0 Andermatt.<\/p>\n<\/div><\/div>\n<\/div>\n<div class=\"background style-light\">\n<div  id class=\"page-section style-default layout-default align-default\">\n\t<div class=\"section-grid grid-layout container\"><div  style=\"--grid-layout-index: 1; --col-xs: 12; --col-sm: 12; --col-md: 6; --col-lg: 6; --col-xl: 6\" class=\"section-item layout-default layout-margin-default\"><h3>Ton head-coach: Dan Aeschlimann<\/h3>\n<p>Dan Aeschlimann, fondateur de MYsport, exerce en tant que coach sportif professionnel depuis 2001. Avant cela, il a lui-m\u00eame \u00e9volu\u00e9 comme cycliste professionnel sur les routes et sait exactement ce qu\u2019il faut pour atteindre de grands objectifs.<\/p>\n<p>Avec Dan Aeschlimann et son \u00e9quipe de MYsport, nous avons trouv\u00e9 un partenaire qui t\u2019aide \u00e0 te pr\u00e9parer de mani\u00e8re optimale pour ton aventure. Nous avons cr\u00e9\u00e9 pour toi trois offres parfaitement adapt\u00e9es \u00e0 ta pr\u00e9paration en montagne. Tu trouveras d\u2019autres offres de coaching sportif sur mysport.ch.<\/p>\n\n\n<div class=\"buttons\">\n\t<div class=\"button-group\">\n\n\t\t\t<a\n\t\t\t\thref=\"https:\/\/mysport.ch\/dan-aeschlimann\/\" target=\"_blank\" rel=\"noopener\" class=\"button style-default with-arrow\"\n\t\t\t>\n\t\t\t\tSavoir plus\n\t\t\t<\/a>\n\t<\/div>\n<\/div><\/div><div  style=\"--grid-layout-index: 2; --col-xs: 12; --col-sm: 12; --col-md: 6; --col-lg: 6; --col-xl: 6\" class=\"section-item layout-default layout-margin-default\">\n<div class=\"youtube-video\">\n\t<iframe loading=\"lazy\" title=\"Schummeln am Alpenbrevet? - Alpenbrevet-Ride mit Dan Aeschlimann\" width=\"500\" height=\"281\" src=\"https:\/\/www.youtube.com\/embed\/erjSJH-D9Tc?start=27&#038;feature=oembed\" frameborder=\"0\" allow=\"accelerometer; autoplay; clipboard-write; encrypted-media; gyroscope; picture-in-picture; web-share\" referrerpolicy=\"strict-origin-when-cross-origin\" allowfullscreen><\/iframe>\n<\/div><\/div><\/div>\n<\/div><\/div><div  class=\"page-section style-default layout-default align-default\">\n\t<div class=\"section-grid grid-layout container\"><div  style=\"--grid-layout-index: 1\" class=\"section-item layout-default layout-margin-default\"><h3>LES OFFRES<\/h3>\n\n<div class=\"accordion-wrapper\">\n\t<div class=\"accordion-group\">\n\n\n\n\n<div class=\"wpce-accordion accordion\" id=\"self-coaching-ton-plan-dentrainement-personnel\">\n\t<div class=\"accordion-heading-wrapper\" role=\"heading\" aria-level=\"3\">\n\t\t<button\n\t\t\ttype=\"button\"\n\t\t\tclass=\"accordion-heading\"\n\t\t\tid=\"accordion-header-54c74071-3b75-4488-b113-32b8bcbf93f2\"\n\t\t\taria-controls=\"accordion-content-54c74071-3b75-4488-b113-32b8bcbf93f2\"\n\t\t>\n\t\t\tSelf-coaching \u2013 ton plan d\u2019entra\u00eenement personnel\n\n\t\t\t<div class=\"accordion-icon-wrapper toggle-wrapper\">\n\t\t\t\t<svg class=\"toggle-icon\" width=\"22\" height=\"22\" viewBox=\"0 0 22 22\" xmlns=\"http:\/\/www.w3.org\/2000\/svg\">\n\t\t\t\t\t<g fill=\"currentColor\" fill-rule=\"evenodd\">\n\t\t\t\t\t\t<rect y=\"10\" width=\"22\" height=\"2\"><\/rect>\n\t\t\t\t\t\t<polygon class=\"toggle-icon-vertical\" points=\"12 0 12 22 10 22 10 0\"><\/polygon>\n\t\t\t\t\t<\/g>\n\t\t\t\t<\/svg>\n\t\t\t<\/div>\n\t\t<\/button>\n\t<\/div>\n\t<div\n\t\tclass=\"accordion-inner\"\n\t\tid=\"accordion-content-54c74071-3b75-4488-b113-32b8bcbf93f2\"\n\t\trole=\"region\"\n\t\taria-labelledby=\"accordion-header-54c74071-3b75-4488-b113-32b8bcbf93f2\"\n\t>\n<p>Manque-t-il \u00e0 ton entra\u00eenement la structure n\u00e9cessaire ? Ne laisse rien au hasard et pr\u00e9pare-toi de mani\u00e8re syst\u00e9matique aux d\u00e9nivel\u00e9s d\u2019Andermatt. Avec le produit de self-coaching \u00e9prouv\u00e9 de MYsport, tu re\u00e7ois un guide professionnel qui pilote ton entra\u00eenement de mani\u00e8re efficace et cibl\u00e9e.<\/p>\n<p><strong>Offre exclusive :<\/strong> En tant que participant\u00b7e \u00e0 l\u2019Alpenbrevet, tu b\u00e9n\u00e9ficies d\u2019un avantage de prix consid\u00e9rable. Tu obtiens ce pack de coaching complet pour seulement <strong>CHF 45.\u2013\/mois<\/strong> (au lieu de CHF 85.\u2013 au tarif r\u00e9gulier) !<\/p>\n<p>Utilise le code suivant lors de la r\u00e9servation : <strong>Alpenbrevet4501X <\/strong><a href=\"https:\/\/mysport.ch\/produkt\/trainingsplan-alpenbrevet\" target=\"_blank\" rel=\"noopener\">https:\/\/mysport.ch\/produkt\/trainingsplan-alpenbrevet<\/a><\/p>\n\t<\/div>\n<\/div>\n\n\n\n\n<div class=\"wpce-accordion accordion\" id=\"diagnostic-de-performance-savoir-ou-tu-en-es-pour-tentrainer-correctement\">\n\t<div class=\"accordion-heading-wrapper\" role=\"heading\" aria-level=\"3\">\n\t\t<button\n\t\t\ttype=\"button\"\n\t\t\tclass=\"accordion-heading\"\n\t\t\tid=\"accordion-header-df9ca33c-4a15-4dd9-9183-4fa724fe23df\"\n\t\t\taria-controls=\"accordion-content-df9ca33c-4a15-4dd9-9183-4fa724fe23df\"\n\t\t>\n\t\t\tDiagnostic de performance \u2013 Savoir o\u00f9 tu en es pour t\u2019entra\u00eener correctement.\n\n\t\t\t<div class=\"accordion-icon-wrapper toggle-wrapper\">\n\t\t\t\t<svg class=\"toggle-icon\" width=\"22\" height=\"22\" viewBox=\"0 0 22 22\" xmlns=\"http:\/\/www.w3.org\/2000\/svg\">\n\t\t\t\t\t<g fill=\"currentColor\" fill-rule=\"evenodd\">\n\t\t\t\t\t\t<rect y=\"10\" width=\"22\" height=\"2\"><\/rect>\n\t\t\t\t\t\t<polygon class=\"toggle-icon-vertical\" points=\"12 0 12 22 10 22 10 0\"><\/polygon>\n\t\t\t\t\t<\/g>\n\t\t\t\t<\/svg>\n\t\t\t<\/div>\n\t\t<\/button>\n\t<\/div>\n\t<div\n\t\tclass=\"accordion-inner\"\n\t\tid=\"accordion-content-df9ca33c-4a15-4dd9-9183-4fa724fe23df\"\n\t\trole=\"region\"\n\t\taria-labelledby=\"accordion-header-df9ca33c-4a15-4dd9-9183-4fa724fe23df\"\n\t>\n<p><strong>En laboratoire (analyse VO\u2082max et VLamax) :<\/strong> Obtiens des donn\u00e9es pr\u00e9cises sur ta physiologie et tes zones d\u2019entra\u00eenement individuelles. Id\u00e9al pour les cyclistes et ultra-cyclistes qui souhaitent amener leurs performances au niveau sup\u00e9rieur. Co\u00fbt : \u00e0 partir de CHF 310.\u2013 <a href=\"https:\/\/mysport.ch\/produkt\/leistungsdiagnostik-radfahrer\" target=\"_blank\" rel=\"noopener\"> https:\/\/mysport.ch\/produkt\/leistungsdiagnostik-radfahrer<\/a><\/p>\n<p><strong>\u00c0 domicile ou en ext\u00e9rieur (PPD) :<\/strong> Teste tes performances confortablement chez toi ou sur ton parcours habituel \u2013 pour un profil m\u00e9tabolique pr\u00e9cis incluant un appel avec un coach MYsport ! <a href=\"https:\/\/mysport.ch\/produkt\/ppd-leistungsdiagnostik\" target=\"_blank\" rel=\"noopener\">https:\/\/mysport.ch\/produkt\/ppd-leistungsdiagnostik<\/a> Co\u00fbt : CHF 190.00 TTC.<\/p>\n\t<\/div>\n<\/div>\n\n\n\n\n<div class=\"wpce-accordion accordion\" id=\"bikefitting-professionnel-ameliore-le-confort-et-la-performance\">\n\t<div class=\"accordion-heading-wrapper\" role=\"heading\" aria-level=\"3\">\n\t\t<button\n\t\t\ttype=\"button\"\n\t\t\tclass=\"accordion-heading\"\n\t\t\tid=\"accordion-header-05a7f556-cb9c-466d-adb2-3c2cf81a2db3\"\n\t\t\taria-controls=\"accordion-content-05a7f556-cb9c-466d-adb2-3c2cf81a2db3\"\n\t\t>\n\t\t\tBikefitting professionnel \u2013 Am\u00e9liore le confort et la performance\n\n\t\t\t<div class=\"accordion-icon-wrapper toggle-wrapper\">\n\t\t\t\t<svg class=\"toggle-icon\" width=\"22\" height=\"22\" viewBox=\"0 0 22 22\" xmlns=\"http:\/\/www.w3.org\/2000\/svg\">\n\t\t\t\t\t<g fill=\"currentColor\" fill-rule=\"evenodd\">\n\t\t\t\t\t\t<rect y=\"10\" width=\"22\" height=\"2\"><\/rect>\n\t\t\t\t\t\t<polygon class=\"toggle-icon-vertical\" points=\"12 0 12 22 10 22 10 0\"><\/polygon>\n\t\t\t\t\t<\/g>\n\t\t\t\t<\/svg>\n\t\t\t<\/div>\n\t\t<\/button>\n\t<\/div>\n\t<div\n\t\tclass=\"accordion-inner\"\n\t\tid=\"accordion-content-05a7f556-cb9c-466d-adb2-3c2cf81a2db3\"\n\t\trole=\"region\"\n\t\taria-labelledby=\"accordion-header-05a7f556-cb9c-466d-adb2-3c2cf81a2db3\"\n\t>\n<p>En cyclisme, la position sur le v\u00e9lo est d\u00e9terminante. Gr\u00e2ce \u00e0 un \u00ab Bikefitting Ultracycling \u00bb sur mesure, tu d\u00e9couvriras comment am\u00e9liorer ton endurance, maximiser ton confort et pr\u00e9venir les blessures.<\/p>\n<p>Trouve la position optimale et a\u00e9rodynamique pour parcourir les kilom\u00e8tres de mani\u00e8re plus efficace et avec moins d\u2019effort. <a href=\"https:\/\/mysport.ch\/produkt\/bikefitting-ultracycling\" target=\"_blank\" rel=\"noopener\">https:\/\/mysport.ch\/produkt\/bikefitting-ultracycling<\/a><br \/>\nCo\u00fbt : \u00e0 partir de CHF 190.\u2013\/h<\/p>\n\t<\/div>\n<\/div>\n\n\n\n\n<div class=\"wpce-accordion accordion\" id=\"support-exclusif-pour-les-participant%c2%b7e%c2%b7s\">\n\t<div class=\"accordion-heading-wrapper\" role=\"heading\" aria-level=\"3\">\n\t\t<button\n\t\t\ttype=\"button\"\n\t\t\tclass=\"accordion-heading\"\n\t\t\tid=\"accordion-header-77ab0f1f-87e2-4f17-8ed8-fe5a32e317b0\"\n\t\t\taria-controls=\"accordion-content-77ab0f1f-87e2-4f17-8ed8-fe5a32e317b0\"\n\t\t>\n\t\t\tSupport exclusif pour les participant\u00b7e\u00b7s\n\n\t\t\t<div class=\"accordion-icon-wrapper toggle-wrapper\">\n\t\t\t\t<svg class=\"toggle-icon\" width=\"22\" height=\"22\" viewBox=\"0 0 22 22\" xmlns=\"http:\/\/www.w3.org\/2000\/svg\">\n\t\t\t\t\t<g fill=\"currentColor\" fill-rule=\"evenodd\">\n\t\t\t\t\t\t<rect y=\"10\" width=\"22\" height=\"2\"><\/rect>\n\t\t\t\t\t\t<polygon class=\"toggle-icon-vertical\" points=\"12 0 12 22 10 22 10 0\"><\/polygon>\n\t\t\t\t\t<\/g>\n\t\t\t\t<\/svg>\n\t\t\t<\/div>\n\t\t<\/button>\n\t<\/div>\n\t<div\n\t\tclass=\"accordion-inner\"\n\t\tid=\"accordion-content-77ab0f1f-87e2-4f17-8ed8-fe5a32e317b0\"\n\t\trole=\"region\"\n\t\taria-labelledby=\"accordion-header-77ab0f1f-87e2-4f17-8ed8-fe5a32e317b0\"\n\t>\n<p><strong>Appel gratuit avec le coach<\/strong> En tant que participant\u00b7e \u00e0 l\u2019Alpenbrevet, tu disposes chaque mois d\u2019un appel de 15 minutes avec ton coach. Au lieu d\u2019un chatbot, tu b\u00e9n\u00e9ficies chez nous d\u2019un v\u00e9ritable coach \u00e0 tes c\u00f4t\u00e9s, qui t\u2019accompagne, te motive et te conseille de mani\u00e8re personnalis\u00e9e \u2013 parce que l\u2019\u00e9change humain a tout simplement plus d\u2019impact que des messages automatis\u00e9s.<br \/>\n<a href=\"https:\/\/calendly.com\/my-sport-coaching\/online-15-minuten-call\" target=\"_blank\" rel=\"noopener\">https:\/\/calendly.com\/my-sport-coaching\/online-15-minuten-call<\/a><\/p>\n\n\n<div class=\"buttons\">\n\t<div class=\"button-group\">\n\n\t\t\t<a\n\t\t\t\thref=\"https:\/\/mysport.ch\/produkt\/trainingsplan-alpenbrevet\/\" target=\"_blank\" rel=\"noopener\" class=\"button style-default with-arrow\"\n\t\t\t>\n\t\t\t\tConnecte-toi maintenant &amp; commence le self-coaching\n\t\t\t<\/a>\n\t<\/div>\n<\/div>\t<\/div>\n<\/div>\t<\/div>\n<\/div>\n\n<h3 dir=\"ltr\">PARTICIPEZ \u00c0 NOS WEBINAIRES (en Allmend)<\/h3>\n<p dir=\"ltr\">Commence ta pr\u00e9paration avec l&#8217;\u00e9quipe MYsport !<\/p>\n\n<div class=\"accordion-wrapper\">\n\t<div class=\"accordion-group\">\n\n\n\n\n<div class=\"wpce-accordion accordion\" id=\"26-fevrier-1900-2000-quest-ce-qui-est-essentiel-pour-reussir-ta-saison-cycliste\">\n\t<div class=\"accordion-heading-wrapper\" role=\"heading\" aria-level=\"3\">\n\t\t<button\n\t\t\ttype=\"button\"\n\t\t\tclass=\"accordion-heading\"\n\t\t\tid=\"accordion-header-df75e121-430a-4387-9e25-4796880779ef\"\n\t\t\taria-controls=\"accordion-content-df75e121-430a-4387-9e25-4796880779ef\"\n\t\t>\n\t\t\t26 f\u00e9vrier (19:00 \u2013 20:00) \u2013 Qu\u2019est-ce qui est essentiel pour r\u00e9ussir ta saison cycliste ?\n\n\t\t\t<div class=\"accordion-icon-wrapper toggle-wrapper\">\n\t\t\t\t<svg class=\"toggle-icon\" width=\"22\" height=\"22\" viewBox=\"0 0 22 22\" xmlns=\"http:\/\/www.w3.org\/2000\/svg\">\n\t\t\t\t\t<g fill=\"currentColor\" fill-rule=\"evenodd\">\n\t\t\t\t\t\t<rect y=\"10\" width=\"22\" height=\"2\"><\/rect>\n\t\t\t\t\t\t<polygon class=\"toggle-icon-vertical\" points=\"12 0 12 22 10 22 10 0\"><\/polygon>\n\t\t\t\t\t<\/g>\n\t\t\t\t<\/svg>\n\t\t\t<\/div>\n\t\t<\/button>\n\t<\/div>\n\t<div\n\t\tclass=\"accordion-inner\"\n\t\tid=\"accordion-content-df75e121-430a-4387-9e25-4796880779ef\"\n\t\trole=\"region\"\n\t\taria-labelledby=\"accordion-header-df75e121-430a-4387-9e25-4796880779ef\"\n\t>\n<p>Th\u00e8me : Qu\u2019est-ce qui est essentiel pour r\u00e9ussir ta saison cycliste ?<br \/>\nAvec : Dan Aeschlimann (pr\u00e9sentation de 20 min, suivie d\u2019une s\u00e9ance de questions-r\u00e9ponses)<\/p>\n<p><a href=\"https:\/\/my-sport.webinargeek.com\/erfolgreiche-radsport-saison\" target=\"_blank\" rel=\"noopener\"><strong>Inscription<\/strong><\/a><\/p>\n\t<\/div>\n<\/div>\n\n\n\n\n<div class=\"wpce-accordion accordion\" id=\"26-mars-1900-2000-women-only-sante-feminine-entrainement-base-sur-le-cycle\">\n\t<div class=\"accordion-heading-wrapper\" role=\"heading\" aria-level=\"3\">\n\t\t<button\n\t\t\ttype=\"button\"\n\t\t\tclass=\"accordion-heading\"\n\t\t\tid=\"accordion-header-b820eae0-6872-4b3f-b2dc-8b89b68adcac\"\n\t\t\taria-controls=\"accordion-content-b820eae0-6872-4b3f-b2dc-8b89b68adcac\"\n\t\t>\n\t\t\t26 mars (19:00 \u2013 20:00) \u2013 Women Only \u2013 Sant\u00e9 f\u00e9minine &amp; entra\u00eenement bas\u00e9 sur le cycle\n\n\t\t\t<div class=\"accordion-icon-wrapper toggle-wrapper\">\n\t\t\t\t<svg class=\"toggle-icon\" width=\"22\" height=\"22\" viewBox=\"0 0 22 22\" xmlns=\"http:\/\/www.w3.org\/2000\/svg\">\n\t\t\t\t\t<g fill=\"currentColor\" fill-rule=\"evenodd\">\n\t\t\t\t\t\t<rect y=\"10\" width=\"22\" height=\"2\"><\/rect>\n\t\t\t\t\t\t<polygon class=\"toggle-icon-vertical\" points=\"12 0 12 22 10 22 10 0\"><\/polygon>\n\t\t\t\t\t<\/g>\n\t\t\t\t<\/svg>\n\t\t\t<\/div>\n\t\t<\/button>\n\t<\/div>\n\t<div\n\t\tclass=\"accordion-inner\"\n\t\tid=\"accordion-content-b820eae0-6872-4b3f-b2dc-8b89b68adcac\"\n\t\trole=\"region\"\n\t\taria-labelledby=\"accordion-header-b820eae0-6872-4b3f-b2dc-8b89b68adcac\"\n\t>\n<p>Th\u00e8me : Sant\u00e9 f\u00e9minine &amp; entra\u00eenement bas\u00e9 sur le cycle<br \/>\nAvec : Kathrin Fuhrer<\/p>\n<p><a href=\"https:\/\/my-sport.webinargeek.com\/frauengesundheit\" target=\"_blank\" rel=\"noopener\"><strong>Inscription<\/strong><\/a><\/p>\n\t<\/div>\n<\/div>\n\n\n\n\n<div class=\"wpce-accordion accordion\" id=\"23-avril-1900-2000-debut-de-la-saison-outdoor-quest-ce-qui-est-important\">\n\t<div class=\"accordion-heading-wrapper\" role=\"heading\" aria-level=\"3\">\n\t\t<button\n\t\t\ttype=\"button\"\n\t\t\tclass=\"accordion-heading\"\n\t\t\tid=\"accordion-header-5aa5017d-fe69-4083-97ed-1059fe196402\"\n\t\t\taria-controls=\"accordion-content-5aa5017d-fe69-4083-97ed-1059fe196402\"\n\t\t>\n\t\t\t23 avril (19:00 \u2013 20:00) \u2013 D\u00e9but de la saison outdoor \u2013 Qu\u2019est-ce qui est important ?\n\n\t\t\t<div class=\"accordion-icon-wrapper toggle-wrapper\">\n\t\t\t\t<svg class=\"toggle-icon\" width=\"22\" height=\"22\" viewBox=\"0 0 22 22\" xmlns=\"http:\/\/www.w3.org\/2000\/svg\">\n\t\t\t\t\t<g fill=\"currentColor\" fill-rule=\"evenodd\">\n\t\t\t\t\t\t<rect y=\"10\" width=\"22\" height=\"2\"><\/rect>\n\t\t\t\t\t\t<polygon class=\"toggle-icon-vertical\" points=\"12 0 12 22 10 22 10 0\"><\/polygon>\n\t\t\t\t\t<\/g>\n\t\t\t\t<\/svg>\n\t\t\t<\/div>\n\t\t<\/button>\n\t<\/div>\n\t<div\n\t\tclass=\"accordion-inner\"\n\t\tid=\"accordion-content-5aa5017d-fe69-4083-97ed-1059fe196402\"\n\t\trole=\"region\"\n\t\taria-labelledby=\"accordion-header-5aa5017d-fe69-4083-97ed-1059fe196402\"\n\t>\n<p>Th\u00e8me : D\u00e9but de la saison outdoor \u2013 Qu\u2019est-ce qui est important ?<br \/>\nAvec : Dan Aeschlimann<\/p>\n<p><a href=\"https:\/\/my-sport.webinargeek.com\/start-radsport-saison\" target=\"_blank\" rel=\"noopener\"><strong>Inscription<\/strong><\/a><\/p>\n\t<\/div>\n<\/div>\n\n\n\n\n<div class=\"wpce-accordion accordion\" id=\"28-mai-1900-2000-nutrition-ce-que-tu-dois-savoir-pour-reussir-tes-sorties\">\n\t<div class=\"accordion-heading-wrapper\" role=\"heading\" aria-level=\"3\">\n\t\t<button\n\t\t\ttype=\"button\"\n\t\t\tclass=\"accordion-heading\"\n\t\t\tid=\"accordion-header-8972ab1b-0be5-416c-a366-fd329643cfa6\"\n\t\t\taria-controls=\"accordion-content-8972ab1b-0be5-416c-a366-fd329643cfa6\"\n\t\t>\n\t\t\t28 mai (19:00 \u2013 20:00) \u2013 Nutrition \u2013 Ce que tu dois savoir pour r\u00e9ussir tes sorties\n\n\t\t\t<div class=\"accordion-icon-wrapper toggle-wrapper\">\n\t\t\t\t<svg class=\"toggle-icon\" width=\"22\" height=\"22\" viewBox=\"0 0 22 22\" xmlns=\"http:\/\/www.w3.org\/2000\/svg\">\n\t\t\t\t\t<g fill=\"currentColor\" fill-rule=\"evenodd\">\n\t\t\t\t\t\t<rect y=\"10\" width=\"22\" height=\"2\"><\/rect>\n\t\t\t\t\t\t<polygon class=\"toggle-icon-vertical\" points=\"12 0 12 22 10 22 10 0\"><\/polygon>\n\t\t\t\t\t<\/g>\n\t\t\t\t<\/svg>\n\t\t\t<\/div>\n\t\t<\/button>\n\t<\/div>\n\t<div\n\t\tclass=\"accordion-inner\"\n\t\tid=\"accordion-content-8972ab1b-0be5-416c-a366-fd329643cfa6\"\n\t\trole=\"region\"\n\t\taria-labelledby=\"accordion-header-8972ab1b-0be5-416c-a366-fd329643cfa6\"\n\t>\n<p>Th\u00e8me : Nutrition \u2013 Ce que tu dois savoir pour r\u00e9ussir tes sorties.<\/p>\n<p><a href=\"https:\/\/my-sport.webinargeek.com\/ernaehrung-im-radsport\" target=\"_blank\" rel=\"noopener\"><strong>Inscription <\/strong><\/a><\/p>\n\t<\/div>\n<\/div>\t<\/div>\n<\/div>\n\n\n<div class=\"partner-grid-wrapper grid-layout\" data-style=\"minimal\">\n\n\t\t<div class=\"partner\">\n\t\t\t\t<div class=\"partner-category\">\n\t\t\t\t\tSupplier\n\t\t\t\t<\/div>\n\n\n\n\t<a class=\"box is-external partner-box can-hover \" href=\"https:\/\/mysport.ch\/\" target=\"_blank\" rel=\"noopener\"\n\t>\n\t\t<div class=\"box-image\"><img loading=\"lazy\" decoding=\"async\" width=\"160\" height=\"80\" src=\"https:\/\/alpenbrevet.ch\/wp-content\/uploads\/My-Sport-160x80.png\" class=\"attachment-partner-grid-logo--minimal size-partner-grid-logo--minimal wp-post-image\" alt=\"\" srcset=\"https:\/\/alpenbrevet.ch\/wp-content\/uploads\/My-Sport-160x80.png 160w, https:\/\/alpenbrevet.ch\/wp-content\/uploads\/My-Sport-300x150.png 300w, https:\/\/alpenbrevet.ch\/wp-content\/uploads\/My-Sport-280x140.png 280w, https:\/\/alpenbrevet.ch\/wp-content\/uploads\/My-Sport-140x70.png 140w, https:\/\/alpenbrevet.ch\/wp-content\/uploads\/My-Sport-320x160.png 320w, https:\/\/alpenbrevet.ch\/wp-content\/uploads\/My-Sport.png 600w\" sizes=\"auto, (max-width: 160px) 100vw, 160px\" \/><\/div>\n\t<\/a>\n\n\t\t<\/div>\n<\/div>\n<\/div><\/div>\n<\/div>","protected":false},"excerpt":{"rendered":"<p>Entra\u00eenement Startseite Services Formation Entra\u00eene-toi correctement &amp; atteins ton objectif \u00e0 Andermatt ! Es-tu un cycliste passionn\u00e9 et souhaites-tu te pr\u00e9parer parfaitement pour l\u2019Alpenbrevet 2026 ? Alors nous avons l\u2019offre id\u00e9ale pour toi ! Avec notre partenaire MYsport, tu b\u00e9n\u00e9ficies d\u2019un accompagnement professionnel en mati\u00e8re de planification de l\u2019entra\u00eenement, de bikefitting et de nutrition. Notre [&hellip;]<\/p>\n","protected":false},"author":2,"featured_media":0,"parent":6518,"menu_order":0,"comment_status":"closed","ping_status":"closed","template":"","meta":{"_acf_changed":false,"inline_featured_image":false,"footnotes":""},"class_list":["post-8292","page","type-page","status-publish","hentry"],"acf":[],"_links":{"self":[{"href":"https:\/\/alpenbrevet.ch\/fr\/wp-json\/wp\/v2\/pages\/8292","targetHints":{"allow":["GET"]}}],"collection":[{"href":"https:\/\/alpenbrevet.ch\/fr\/wp-json\/wp\/v2\/pages"}],"about":[{"href":"https:\/\/alpenbrevet.ch\/fr\/wp-json\/wp\/v2\/types\/page"}],"author":[{"embeddable":true,"href":"https:\/\/alpenbrevet.ch\/fr\/wp-json\/wp\/v2\/users\/2"}],"replies":[{"embeddable":true,"href":"https:\/\/alpenbrevet.ch\/fr\/wp-json\/wp\/v2\/comments?post=8292"}],"version-history":[{"count":10,"href":"https:\/\/alpenbrevet.ch\/fr\/wp-json\/wp\/v2\/pages\/8292\/revisions"}],"predecessor-version":[{"id":10541,"href":"https:\/\/alpenbrevet.ch\/fr\/wp-json\/wp\/v2\/pages\/8292\/revisions\/10541"}],"up":[{"embeddable":true,"href":"https:\/\/alpenbrevet.ch\/fr\/wp-json\/wp\/v2\/pages\/6518"}],"wp:attachment":[{"href":"https:\/\/alpenbrevet.ch\/fr\/wp-json\/wp\/v2\/media?parent=8292"}],"curies":[{"name":"wp","href":"https:\/\/api.w.org\/{rel}","templated":true}]}}