{"id":8837,"date":"2024-11-25T13:25:32","date_gmt":"2024-11-25T12:25:32","guid":{"rendered":"https:\/\/alpenbrevet.ch\/ueber-uns\/"},"modified":"2024-11-25T13:51:47","modified_gmt":"2024-11-25T12:51:47","slug":"equipe","status":"publish","type":"page","link":"https:\/\/alpenbrevet.ch\/fr\/equipe\/","title":{"rendered":"\u00c9quipe"},"content":{"rendered":"<link data-name=\"until-s\" rel=\"preload\" as=\"style\" href=\"https:\/\/alpenbrevet.ch\/wp-content\/uploads\/Silbertour-2-540x960.jpg\" media=\"(max-width: 539px) and (max-height: 303.75px) and (max-resolution: 1.999dppx)\">\n<link data-name=\"until-s@2x\" rel=\"preload\" as=\"style\" href=\"https:\/\/alpenbrevet.ch\/wp-content\/uploads\/Silbertour-2-1080x1920.jpg\" media=\"(max-width: 539px) and (max-height: 303.75px) and (min-resolution: 2dppx)\">\n<link data-name=\"until-sm\" rel=\"preload\" as=\"style\" href=\"https:\/\/alpenbrevet.ch\/wp-content\/uploads\/Silbertour-2-768x1365.jpg\" media=\"(max-width: 767px) and (max-height: 432px) and (max-resolution: 1.999dppx)\">\n<link data-name=\"until-sm@2x\" rel=\"preload\" as=\"style\" href=\"https:\/\/alpenbrevet.ch\/wp-content\/uploads\/Silbertour-2-1536x2730.jpg\" media=\"(max-width: 767px) and (max-height: 432px) and (min-resolution: 2dppx)\">\n<link data-name=\"until-md\" rel=\"preload\" as=\"style\" href=\"https:\/\/alpenbrevet.ch\/wp-content\/uploads\/Silbertour-2-992x558.jpg\" media=\"(max-width: 991px) and (max-height: 558px) and (max-resolution: 1.999dppx)\">\n<link data-name=\"until-md@2x\" rel=\"preload\" as=\"style\" href=\"https:\/\/alpenbrevet.ch\/wp-content\/uploads\/Silbertour-2-1984x1116.jpg\" media=\"(max-width: 991px) and (max-height: 558px) and (min-resolution: 2dppx)\">\n<link data-name=\"until-lg\" rel=\"preload\" as=\"style\" href=\"https:\/\/alpenbrevet.ch\/wp-content\/uploads\/Silbertour-2-1200x675.jpg\" media=\"(max-width: 1199px) and (max-height: 675px) and (max-resolution: 1.999dppx)\">\n<link data-name=\"until-lg@2x\" rel=\"preload\" as=\"style\" href=\"https:\/\/alpenbrevet.ch\/wp-content\/uploads\/Silbertour-2-2400x1350.jpg\" media=\"(max-width: 1199px) and (max-height: 675px) and (min-resolution: 2dppx)\">\n<link data-name=\"until-xl\" rel=\"preload\" as=\"style\" href=\"https:\/\/alpenbrevet.ch\/wp-content\/uploads\/Silbertour-2-1425x802.jpg\" media=\"(max-width: 1424px) and (max-height: 801.5625px) and (max-resolution: 1.999dppx)\">\n<link data-name=\"until-xl@2x\" rel=\"preload\" as=\"style\" href=\"https:\/\/alpenbrevet.ch\/wp-content\/uploads\/Silbertour-2-2850x1604.jpg\" media=\"(max-width: 1424px) and (max-height: 801.5625px) and (min-resolution: 2dppx)\">\n<link data-name=\"full\" rel=\"preload\" as=\"style\" href=\"https:\/\/alpenbrevet.ch\/wp-content\/uploads\/Silbertour-2.jpg\" media=\"(min-width: 1425px)\">\n<div class=\"hero-section hero-is-image hero-align-end hero-size-narrow\" style=\"--hero-image-full: url('https:\/\/alpenbrevet.ch\/wp-content\/uploads\/Silbertour-2.jpg'); --hero-image-aspect-ratio: 1.5005861664713; --hero-image-until-s: url('https:\/\/alpenbrevet.ch\/wp-content\/uploads\/Silbertour-2-540x960.jpg'); --hero-image-until-s-2x: url('https:\/\/alpenbrevet.ch\/wp-content\/uploads\/Silbertour-2-1080x1920.jpg'); --hero-image-until-sm: url('https:\/\/alpenbrevet.ch\/wp-content\/uploads\/Silbertour-2-768x1365.jpg'); --hero-image-until-sm-2x: url('https:\/\/alpenbrevet.ch\/wp-content\/uploads\/Silbertour-2-1536x2730.jpg'); --hero-image-until-md: url('https:\/\/alpenbrevet.ch\/wp-content\/uploads\/Silbertour-2-992x558.jpg'); --hero-image-until-md-2x: url('https:\/\/alpenbrevet.ch\/wp-content\/uploads\/Silbertour-2-1984x1116.jpg'); --hero-image-until-lg: url('https:\/\/alpenbrevet.ch\/wp-content\/uploads\/Silbertour-2-1200x675.jpg'); --hero-image-until-lg-2x: url('https:\/\/alpenbrevet.ch\/wp-content\/uploads\/Silbertour-2-2400x1350.jpg'); --hero-image-until-xl: url('https:\/\/alpenbrevet.ch\/wp-content\/uploads\/Silbertour-2-1425x802.jpg'); --hero-image-until-xl-2x: url('https:\/\/alpenbrevet.ch\/wp-content\/uploads\/Silbertour-2-2850x1604.jpg'); --hero-image-position: 60.307621671258% 39.669421487603%\"\n>\n\t<div class=\"hero-media\">\n\t\t<div class=\"hero-media-overlay\"><\/div>\n\t\t<div class=\"hero-content-wrapper\">\n\t\t\t<div class=\"hero-content\">\n\t\t\t\t<h1>\u00e9quipe<\/h1>\n\n\t\t\t<\/div>\n\t\t<\/div>\n\t<\/div>\n<\/div><nav class=\"breadcrumb\" aria-label=\"Navigation en fil d&apos;Ariane\">\n\t<ol>\n\t\t<li>\n\t\t\t<a href=\"https:\/\/alpenbrevet.ch\/fr\/\" class=\"breadcrumb-link\">Startseite<\/a>\n\t\t<\/li>\n\t\t<li>\n\t\t\t<a href=\"https:\/\/alpenbrevet.ch\/fr\/equipe\/\" class=\"breadcrumb-link\" aria-current=\"page\">\u00c9quipe<\/a>\n\t\t<\/li>\n\t<\/ol>\n<\/nav><div  class=\"page-section style-default layout-default align-default\">\n\t<div class=\"section-grid grid-layout container\"><div  style=\"--grid-layout-index: 1\" class=\"section-item layout-default layout-margin-default\"><p>Le Swiss Cycling Alpenbrevet est le marathon cycliste le plus important pour les sportifs amateurs en Suisse et enthousiasme chaque ann\u00e9e des milliers de passionn\u00e9s de cyclisme depuis sa cr\u00e9ation en 1978. Avec 3&#8217;250 places de d\u00e9part disponibles, qui sont g\u00e9n\u00e9ralement attribu\u00e9es en quelques jours, l&#8217;\u00e9v\u00e9nement attire les participants \u00e0 Andermatt (UR). Un parcours spectaculaire les y attend, passant par quelques-uns des cols alpins les plus impressionnants de la r\u00e9gion. Cette classique du cyclisme suisse est organis\u00e9e par une \u00e9quipe de base engag\u00e9e, compos\u00e9e de quatre collaborateurs seulement, qui est soutenue activement par de nombreux b\u00e9n\u00e9voles motiv\u00e9s de Swiss Volunteers pendant l&#8217;\u00e9v\u00e9nement en septembre.<\/p>\n\n<h2>Nos \u00e9quipe<\/h2>\n\n\n<div class=\"employees\">\n\t<div class=\"grid-layout employee-grid\">\n\n\n\n\n<div class=\"box-wrapper\">\n\t<div class=\"box employee\" x-data=\"{ active: false }\" :class=\"{ active }\"\n\t>\n\t\t<div class=\"box-image\"><img loading=\"lazy\" decoding=\"async\" width=\"316\" height=\"316\" src=\"https:\/\/alpenbrevet.ch\/wp-content\/uploads\/2-2-316x316.jpg\" class=\"attachment-employee-list-image size-employee-list-image wp-post-image\" alt=\"Portrait Philipp Avenell\" srcset=\"https:\/\/alpenbrevet.ch\/wp-content\/uploads\/2-2-316x316.jpg 316w, https:\/\/alpenbrevet.ch\/wp-content\/uploads\/2-2-300x300.jpg 300w, https:\/\/alpenbrevet.ch\/wp-content\/uploads\/2-2-1024x1024.jpg 1024w, https:\/\/alpenbrevet.ch\/wp-content\/uploads\/2-2-150x150.jpg 150w, https:\/\/alpenbrevet.ch\/wp-content\/uploads\/2-2-768x768.jpg 768w, https:\/\/alpenbrevet.ch\/wp-content\/uploads\/2-2-632x632.jpg 632w, https:\/\/alpenbrevet.ch\/wp-content\/uploads\/2-2.jpg 1280w\" sizes=\"auto, (max-width: 316px) 100vw, 316px\" \/>\t\t\t\t\t\t<div class=\"employee-since badge branded\">depuis 2020<\/div>\n<\/div>\n\t\t<div class=\"box-inner\">\n\n\t\t\t\t\t<h4 class=\"employee-name\">Philipp Avenell<\/h4>\n\t\t\t\t\t<div class=\"employee-position\" itemprop=\"jobTitle\">\n\t\t\t\t\t\tMarketing &amp; Kommunikation\n\t\t\t\t\t<\/div>\n\t\t<\/div>\n\t<\/div>\n<\/div>\n\n\n\n\n<div class=\"box-wrapper\">\n\t<div class=\"box employee\" x-data=\"{ active: false }\" :class=\"{ active }\"\n\t>\n\t\t<div class=\"box-image\"><img loading=\"lazy\" decoding=\"async\" width=\"316\" height=\"316\" src=\"https:\/\/alpenbrevet.ch\/wp-content\/uploads\/Portrait-Patrick-Huber-Alpenbrevet-316x316.jpg\" class=\"attachment-employee-list-image size-employee-list-image wp-post-image\" alt=\"Portrait Patrick Huber\" srcset=\"https:\/\/alpenbrevet.ch\/wp-content\/uploads\/Portrait-Patrick-Huber-Alpenbrevet-316x316.jpg 316w, https:\/\/alpenbrevet.ch\/wp-content\/uploads\/Portrait-Patrick-Huber-Alpenbrevet-300x300.jpg 300w, https:\/\/alpenbrevet.ch\/wp-content\/uploads\/Portrait-Patrick-Huber-Alpenbrevet-1024x1024.jpg 1024w, https:\/\/alpenbrevet.ch\/wp-content\/uploads\/Portrait-Patrick-Huber-Alpenbrevet-150x150.jpg 150w, https:\/\/alpenbrevet.ch\/wp-content\/uploads\/Portrait-Patrick-Huber-Alpenbrevet-768x768.jpg 768w, https:\/\/alpenbrevet.ch\/wp-content\/uploads\/Portrait-Patrick-Huber-Alpenbrevet-632x632.jpg 632w, https:\/\/alpenbrevet.ch\/wp-content\/uploads\/Portrait-Patrick-Huber-Alpenbrevet.jpg 1280w\" sizes=\"auto, (max-width: 316px) 100vw, 316px\" \/>\t\t\t\t\t\t<div class=\"employee-since badge branded\">depuis 2019<\/div>\n<\/div>\n\t\t<div class=\"box-inner\">\n\n\t\t\t\t\t<h4 class=\"employee-name\">Patrick Huber<\/h4>\n\t\t\t\t\t<div class=\"employee-position\" itemprop=\"jobTitle\">\n\t\t\t\t\t\tProjektleiter\n\t\t\t\t\t<\/div>\n\t\t<\/div>\n\t<\/div>\n<\/div>\n\n\n\n\n<div class=\"box-wrapper\">\n\t<div class=\"box employee\" x-data=\"{ active: false }\" :class=\"{ active }\"\n\t>\n\t\t<div class=\"box-image\"><img loading=\"lazy\" decoding=\"async\" width=\"316\" height=\"316\" src=\"https:\/\/alpenbrevet.ch\/wp-content\/uploads\/3-2-316x316.jpg\" class=\"attachment-employee-list-image size-employee-list-image wp-post-image\" alt=\"Portrait Caroline Jost\" srcset=\"https:\/\/alpenbrevet.ch\/wp-content\/uploads\/3-2-316x316.jpg 316w, https:\/\/alpenbrevet.ch\/wp-content\/uploads\/3-2-300x300.jpg 300w, https:\/\/alpenbrevet.ch\/wp-content\/uploads\/3-2-1024x1024.jpg 1024w, https:\/\/alpenbrevet.ch\/wp-content\/uploads\/3-2-150x150.jpg 150w, https:\/\/alpenbrevet.ch\/wp-content\/uploads\/3-2-768x768.jpg 768w, https:\/\/alpenbrevet.ch\/wp-content\/uploads\/3-2-632x632.jpg 632w, https:\/\/alpenbrevet.ch\/wp-content\/uploads\/3-2.jpg 1280w\" sizes=\"auto, (max-width: 316px) 100vw, 316px\" \/>\t\t\t\t\t\t<div class=\"employee-since badge branded\">depuis 2021<\/div>\n<\/div>\n\t\t<div class=\"box-inner\">\n\n\t\t\t\t\t<h4 class=\"employee-name\">Caroline Jost<\/h4>\n\t\t\t\t\t<div class=\"employee-position\" itemprop=\"jobTitle\">\n\t\t\t\t\t\tTeilnehmermanagement\n\t\t\t\t\t<\/div>\n\t\t<\/div>\n\t<\/div>\n<\/div>\n\n\n\n\n<div class=\"box-wrapper\">\n\t<div class=\"box employee\" x-data=\"{ active: false }\" :class=\"{ active }\"\n\t>\n\t\t<div class=\"box-image\"><img loading=\"lazy\" decoding=\"async\" width=\"316\" height=\"316\" src=\"https:\/\/alpenbrevet.ch\/wp-content\/uploads\/4-2-316x316.jpg\" class=\"attachment-employee-list-image size-employee-list-image wp-post-image\" alt=\"Portrait Mario Klaus\" srcset=\"https:\/\/alpenbrevet.ch\/wp-content\/uploads\/4-2-316x316.jpg 316w, https:\/\/alpenbrevet.ch\/wp-content\/uploads\/4-2-300x300.jpg 300w, https:\/\/alpenbrevet.ch\/wp-content\/uploads\/4-2-1024x1024.jpg 1024w, https:\/\/alpenbrevet.ch\/wp-content\/uploads\/4-2-150x150.jpg 150w, https:\/\/alpenbrevet.ch\/wp-content\/uploads\/4-2-768x768.jpg 768w, https:\/\/alpenbrevet.ch\/wp-content\/uploads\/4-2-632x632.jpg 632w, https:\/\/alpenbrevet.ch\/wp-content\/uploads\/4-2.jpg 1280w\" sizes=\"auto, (max-width: 316px) 100vw, 316px\" \/>\t\t\t\t\t\t<div class=\"employee-since badge branded\">depuis 2019<\/div>\n<\/div>\n\t\t<div class=\"box-inner\">\n\n\t\t\t\t\t<h4 class=\"employee-name\">Mario Klaus<\/h4>\n\t\t\t\t\t<div class=\"employee-position\" itemprop=\"jobTitle\">\n\t\t\t\t\t\tHead of Brand Managment\n\t\t\t\t\t<\/div>\n\t\t<\/div>\n\t<\/div>\n<\/div>\n\t<\/div>\n<\/div><\/div><\/div>\n<\/div>","protected":false},"excerpt":{"rendered":"<p>\u00e9quipe Startseite \u00c9quipe Le Swiss Cycling Alpenbrevet est le marathon cycliste le plus important pour les sportifs amateurs en Suisse et enthousiasme chaque ann\u00e9e des milliers de passionn\u00e9s de cyclisme depuis sa cr\u00e9ation en 1978. Avec 3&#8217;250 places de d\u00e9part disponibles, qui sont g\u00e9n\u00e9ralement attribu\u00e9es en quelques jours, l&#8217;\u00e9v\u00e9nement attire les participants \u00e0 Andermatt (UR). [&hellip;]<\/p>\n","protected":false},"author":2,"featured_media":0,"parent":0,"menu_order":0,"comment_status":"closed","ping_status":"closed","template":"","meta":{"_acf_changed":false,"inline_featured_image":false,"footnotes":""},"class_list":["post-8837","page","type-page","status-publish","hentry"],"acf":[],"_links":{"self":[{"href":"https:\/\/alpenbrevet.ch\/fr\/wp-json\/wp\/v2\/pages\/8837","targetHints":{"allow":["GET"]}}],"collection":[{"href":"https:\/\/alpenbrevet.ch\/fr\/wp-json\/wp\/v2\/pages"}],"about":[{"href":"https:\/\/alpenbrevet.ch\/fr\/wp-json\/wp\/v2\/types\/page"}],"author":[{"embeddable":true,"href":"https:\/\/alpenbrevet.ch\/fr\/wp-json\/wp\/v2\/users\/2"}],"replies":[{"embeddable":true,"href":"https:\/\/alpenbrevet.ch\/fr\/wp-json\/wp\/v2\/comments?post=8837"}],"version-history":[{"count":1,"href":"https:\/\/alpenbrevet.ch\/fr\/wp-json\/wp\/v2\/pages\/8837\/revisions"}],"predecessor-version":[{"id":8839,"href":"https:\/\/alpenbrevet.ch\/fr\/wp-json\/wp\/v2\/pages\/8837\/revisions\/8839"}],"wp:attachment":[{"href":"https:\/\/alpenbrevet.ch\/fr\/wp-json\/wp\/v2\/media?parent=8837"}],"curies":[{"name":"wp","href":"https:\/\/api.w.org\/{rel}","templated":true}]}}