{"id":9690,"date":"2025-08-19T10:43:10","date_gmt":"2025-08-19T08:43:10","guid":{"rendered":"https:\/\/alpenbrevet.ch\/event-village\/"},"modified":"2025-08-27T10:01:54","modified_gmt":"2025-08-27T08:01:54","slug":"event-village","status":"publish","type":"page","link":"https:\/\/alpenbrevet.ch\/fr\/event-village\/","title":{"rendered":"Event-Village"},"content":{"rendered":"<link data-name=\"until-s\" rel=\"preload\" as=\"style\" href=\"https:\/\/alpenbrevet.ch\/wp-content\/uploads\/Event-Village-4-540x960.jpg\" media=\"(max-width: 539px) and (max-height: 303.75px) and (max-resolution: 1.999dppx)\">\n<link data-name=\"until-s@2x\" rel=\"preload\" as=\"style\" href=\"https:\/\/alpenbrevet.ch\/wp-content\/uploads\/Event-Village-4-1080x1920.jpg\" media=\"(max-width: 539px) and (max-height: 303.75px) and (min-resolution: 2dppx)\">\n<link data-name=\"until-sm\" rel=\"preload\" as=\"style\" href=\"https:\/\/alpenbrevet.ch\/wp-content\/uploads\/Event-Village-4-768x1365.jpg\" media=\"(max-width: 767px) and (max-height: 432px) and (max-resolution: 1.999dppx)\">\n<link data-name=\"until-sm@2x\" rel=\"preload\" as=\"style\" href=\"https:\/\/alpenbrevet.ch\/wp-content\/uploads\/Event-Village-4-1536x2730.jpg\" media=\"(max-width: 767px) and (max-height: 432px) and (min-resolution: 2dppx)\">\n<link data-name=\"until-md\" rel=\"preload\" as=\"style\" href=\"https:\/\/alpenbrevet.ch\/wp-content\/uploads\/Event-Village-4-992x558.jpg\" media=\"(max-width: 991px) and (max-height: 558px) and (max-resolution: 1.999dppx)\">\n<link data-name=\"until-md@2x\" rel=\"preload\" as=\"style\" href=\"https:\/\/alpenbrevet.ch\/wp-content\/uploads\/Event-Village-4-1984x1116.jpg\" media=\"(max-width: 991px) and (max-height: 558px) and (min-resolution: 2dppx)\">\n<link data-name=\"until-lg\" rel=\"preload\" as=\"style\" href=\"https:\/\/alpenbrevet.ch\/wp-content\/uploads\/Event-Village-4-1200x675.jpg\" media=\"(max-width: 1199px) and (max-height: 675px) and (max-resolution: 1.999dppx)\">\n<link data-name=\"until-lg@2x\" rel=\"preload\" as=\"style\" href=\"https:\/\/alpenbrevet.ch\/wp-content\/uploads\/Event-Village-4-2400x1350.jpg\" media=\"(max-width: 1199px) and (max-height: 675px) and (min-resolution: 2dppx)\">\n<link data-name=\"until-xl\" rel=\"preload\" as=\"style\" href=\"https:\/\/alpenbrevet.ch\/wp-content\/uploads\/Event-Village-4-1425x802.jpg\" media=\"(max-width: 1424px) and (max-height: 801.5625px) and (max-resolution: 1.999dppx)\">\n<link data-name=\"until-xl@2x\" rel=\"preload\" as=\"style\" href=\"https:\/\/alpenbrevet.ch\/wp-content\/uploads\/Event-Village-4-2850x1604.jpg\" media=\"(max-width: 1424px) and (max-height: 801.5625px) and (min-resolution: 2dppx)\">\n<link data-name=\"full\" rel=\"preload\" as=\"style\" href=\"https:\/\/alpenbrevet.ch\/wp-content\/uploads\/Event-Village-4.jpg\" media=\"(min-width: 1425px)\">\n<div class=\"hero-section hero-is-image hero-align-end hero-size-narrow\" style=\"--hero-image-full: url('https:\/\/alpenbrevet.ch\/wp-content\/uploads\/Event-Village-4.jpg'); --hero-image-aspect-ratio: 1.4997070884593; --hero-image-until-s: url('https:\/\/alpenbrevet.ch\/wp-content\/uploads\/Event-Village-4-540x960.jpg'); --hero-image-until-s-2x: url('https:\/\/alpenbrevet.ch\/wp-content\/uploads\/Event-Village-4-1080x1920.jpg'); --hero-image-until-sm: url('https:\/\/alpenbrevet.ch\/wp-content\/uploads\/Event-Village-4-768x1365.jpg'); --hero-image-until-sm-2x: url('https:\/\/alpenbrevet.ch\/wp-content\/uploads\/Event-Village-4-1536x2730.jpg'); --hero-image-until-md: url('https:\/\/alpenbrevet.ch\/wp-content\/uploads\/Event-Village-4-992x558.jpg'); --hero-image-until-md-2x: url('https:\/\/alpenbrevet.ch\/wp-content\/uploads\/Event-Village-4-1984x1116.jpg'); --hero-image-until-lg: url('https:\/\/alpenbrevet.ch\/wp-content\/uploads\/Event-Village-4-1200x675.jpg'); --hero-image-until-lg-2x: url('https:\/\/alpenbrevet.ch\/wp-content\/uploads\/Event-Village-4-2400x1350.jpg'); --hero-image-until-xl: url('https:\/\/alpenbrevet.ch\/wp-content\/uploads\/Event-Village-4-1425x802.jpg'); --hero-image-until-xl-2x: url('https:\/\/alpenbrevet.ch\/wp-content\/uploads\/Event-Village-4-2850x1604.jpg'); --hero-image-position: 50% 50%\"\n>\n\t<div class=\"hero-media\">\n\t\t<div class=\"hero-media-overlay\"><\/div>\n\t\t<div class=\"hero-content-wrapper\">\n\t\t\t<div class=\"hero-content\">\n\t\t\t\t<h1>Event-Village<\/h1>\n\n\t\t\t<\/div>\n\t\t<\/div>\n\t<\/div>\n<\/div><nav class=\"breadcrumb\" aria-label=\"Navigation en fil d&apos;Ariane\">\n\t<ol>\n\t\t<li>\n\t\t\t<a href=\"https:\/\/alpenbrevet.ch\/fr\/\" class=\"breadcrumb-link\">Startseite<\/a>\n\t\t<\/li>\n\t\t<li>\n\t\t\t<a href=\"https:\/\/alpenbrevet.ch\/fr\/event-village\/\" class=\"breadcrumb-link\" aria-current=\"page\">Event-Village<\/a>\n\t\t<\/li>\n\t<\/ol>\n<\/nav><div  class=\"page-section style-default layout-default align-default\">\n\t<div class=\"section-grid grid-layout container\"><div  style=\"--grid-layout-index: 1\" class=\"section-item layout-default layout-margin-default\"><p>Le 6 septembre 2025, Andermatt sera au c\u0153ur de l&#8217;Alpenbrevet. Dans le village \u00e9v\u00e9nementiel, tout ce qui fait battre ton c\u0153ur de cycliste t&#8217;attend : enregistrement, d\u00e9part et arriv\u00e9e, exposants avec les meilleures marques, restauration et boissons, ainsi qu&#8217;une ambiance parfaite pour une journ\u00e9e inoubliable dans les Alpes, \u00e0 seulement 100 m\u00e8tres de la gare.<\/p>\n<h3><strong>HEURES D&#8217;OUVERTURE:<\/strong><\/h3>\n<p>Vendredi 5 septembre &#8211; 16h00 \u00e0 21h00<br \/>\nSamedi 6 septembre &#8211; D\u00e8s l&#8217;arriv\u00e9e des premiers participants<\/p>\n<\/div><\/div>\n<\/div><div  id class=\"page-section style-default layout-default align-default\">\n\t<div class=\"section-grid grid-layout container\"><div  style=\"--grid-layout-index: 1; --col-xs: 12; --col-sm: 12; --col-md: 4; --col-lg: 4; --col-xl: 4\" class=\"section-item layout-default layout-margin-default\"><h3>plan du site<\/h3>\n\n\n\t<div class=\"downloads-grid grid-layout\">\n\n\n\t\t\t<div\n\t\t\t\tclass=\"download-wrapper\"\n\t\t\t\tx-data=\"{\n\t\t\t\t\twrapper: $el,\n\t\t\t\t\tleadEndpoint: &quot;https:\\\/\\\/alpenbrevet.ch\\\/fr\\\/wp-json\\\/tds\\\/lead&quot;,\n\t\t\t\t\tleadGenerated: localStorage.getItem('leadGeneratedEmail'),\n\t\t\t\t\thidePopup() {\n\t\t\t\t\t\tif (!location.hash.startsWith('#file-')) return\n\t\t\t\t\t\tlet url = location.pathname\n\t\t\t\t\t\thistory.replaceState(null, null, url)\n\t\t\t\t\t\twindow.dispatchEvent(new HashChangeEvent('hashchange'))\n\t\t\t\t\t},\n\t\t\t\t\tgenerateLead(event) {\n\t\t\t\t\t\tevent.preventDefault()\n\t\t\t\t\t\tif (!event.target.checkValidity()) {\n\t\t\t\t\t\t\tevent.target.reportValidity()\n\t\t\t\t\t\t\treturn\n\t\t\t\t\t\t}\n\n\t\t\t\t\t\tconst data = Object.fromEntries(new FormData(event.target).entries())\n\n\t\t\t\t\t\tlocalStorage.setItem('leadGeneratedEmail', data.email)\n\t\t\t\t\t\tthis.leadGenerated = true\n\n\t\t\t\t\t\t$nextTick(() =&gt; {\n\t\t\t\t\t\t\tthis.wrapper\n\t\t\t\t\t\t\t\t.querySelector('a[data-file-id=&quot;' + event.target.dataset.fileId + '&quot;]')\n\t\t\t\t\t\t\t\t?.click()\n\t\t\t\t\t\t})\n\n\t\t\t\t\t\tthis.hidePopup()\n\n\t\t\t\t\t\tfetch(this.leadEndpoint, {\n\t\t\t\t\t\t\tmethod: 'POST',\n\t\t\t\t\t\t\theaders: {\n\t\t\t\t\t\t\t\t'Content-Type': 'application\/json',\n\t\t\t\t\t\t\t},\n\t\t\t\t\t\t\tbody: JSON.stringify(data),\n\t\t\t\t\t\t})\n\t\t\t\t\t},\n\t\t\t\t\tnotificationEndpoint: &quot;https:\\\/\\\/alpenbrevet.ch\\\/fr\\\/wp-json\\\/tds\\\/notify-download&quot;,\n\t\t\t\t\tonDownload(event) {\n\t\t\t\t\t\tif (event.currentTarget.getAttribute('href').startsWith('#')) return\n\t\t\t\t\t\tconst email = localStorage.getItem('leadGeneratedEmail')\n\t\t\t\t\t\tif (!email) return\n\n\t\t\t\t\t\tfetch(this.notificationEndpoint, {\n\t\t\t\t\t\t\tmethod: 'POST',\n\t\t\t\t\t\t\theaders: {\n\t\t\t\t\t\t\t\t'Content-Type': 'application\/json',\n\t\t\t\t\t\t\t},\n\t\t\t\t\t\t\tbody: JSON.stringify({ email, file: &quot;Lageplan&quot; }),\n\t\t\t\t\t\t})\n\t\t\t\t\t},\n\t\t\t\t}\"\n\t\t\t\tx-init=\"if (leadGenerated) hidePopup()\"\n\t\t\t>\n\n\n<div class=\"box-wrapper\">\n\t<a class=\"box download-box can-hover with-preview\" href=\"https:\/\/alpenbrevet.ch\/wp-content\/uploads\/Lageplan-Event-Village-Alpenbrevet-2025.pdf\" data-file-id=\"9680\" download\n\t>\n\t\t<div class=\"box-inner\">\n\t\t\t\t\t\t<div class=\"preview\">\n\t\t\t\t\t\t\t\t<div class=\"extension-badge\">\n\t\t\t\t\t\t\t\t\tPDF\n\t\t\t\t\t\t\t\t<\/div>\n\t\t\t\t\t\t\t\t<img loading=\"lazy\" decoding=\"async\" width=\"445\" height=\"250\" src=\"https:\/\/alpenbrevet.ch\/wp-content\/uploads\/lageplan-445x250.png\" class=\"attachment-download-preview size-download-preview\" alt=\"\" srcset=\"https:\/\/alpenbrevet.ch\/wp-content\/uploads\/lageplan-445x250.png 445w, https:\/\/alpenbrevet.ch\/wp-content\/uploads\/lageplan-890x500.png 890w\" sizes=\"auto, (max-width: 445px) 100vw, 445px\" \/>\n\t\t\t\t\t\t<\/div>\n\t\t\t\t\t\t<div class=\"download-label\">\n\t\t\t\t\t\t\t<div class=\"h5\">Lageplan<\/div>\n\t\t\t\t\t\t\t<span class=\"button style-text with-arrow\">T\u00e9l\u00e9charger<\/span>\n\t\t\t\t\t\t<\/div>\n\t\t<\/div>\n\t<\/a>\n<\/div>\n\t\t\t<\/div>\n\t<\/div>\n<\/div><div  style=\"--grid-layout-index: 2; --col-xs: 12; --col-sm: 12; --col-md: 8; --col-lg: 8; --col-xl: 8\" class=\"section-item layout-default layout-margin-default\"><h3>Impressions<\/h3>\n\n<div\n\tclass=\"wpce-gallery\"\n\tx-data=\"{\n\t\tuid: &quot;gallery-1afe3011-b671-4214-afbb-a537eaad1f1a&quot;,\n\t\t_previewEl: null,\n\t\tloading: false,\n\t\tnoPush: false,\n\t\trefs: null,\n\t\tinit() {\n\t\t\tconst refs = this.$refs\n\t\t\tthis.refs = {\n\t\t\t\tget grid() { return refs.grid },\n\t\t\t\tget image() { return refs.image },\n\t\t\t\tget content() { return refs.content },\n\t\t\t}\n\n\t\t\t\/\/ Update from Hash\n\t\t\tlet evaluateHash = () =&gt; {\n\t\t\t\tthis.noPush = true\n\n\t\t\t\tif (!this.$hash.startsWith('\/' + this.uid + '\/')) {\n\t\t\t\t\tthis.previewEl = null\n\t\t\t\t\tthis.noPush = false\n\t\t\t\t\treturn\n\t\t\t\t}\n\n\t\t\t\tlet index = Number(this.$hash.slice(this.uid.length + 2))\n\t\t\t\tif (isNaN(index)) {\n\t\t\t\t\tthis.previewEl = null\n\t\t\t\t\tthis.noPush = false\n\t\t\t\t\treturn\n\t\t\t\t}\n\n\t\t\t\tlet element = this.refs.grid.children[index - 1]\n\t\t\t\tif (!element) {\n\t\t\t\t\tthis.previewEl = null\n\t\t\t\t\tthis.noPush = false\n\t\t\t\t\treturn\n\t\t\t\t}\n\n\t\t\t\tif (element === this._previewEl) {\n\t\t\t\t\tthis.noPush = false\n\t\t\t\t\treturn\n\t\t\t\t}\n\n\t\t\t\tthis.previewEl = element\n\t\t\t\tthis.noPush = false\n\t\t\t}\n\n\t\t\tthis.$watch('$hash', evaluateHash)\n\t\t\tsetTimeout(evaluateHash, 0)\n\t\t},\n\t\tonKeydown(event) {\n\t\t\tif (!this.previewEl) return\n\t\t\tif (event.metaKey || event.altKey || event.ctrlKey || event.shiftKey) return\n\n\t\t\tswitch (event.key) {\n\t\t\t\tcase 'ArrowLeft':\n\t\t\t\t\tthis.previous()\n\t\t\t\t\tbreak\n\n\t\t\t\tcase 'ArrowRight':\n\t\t\t\t\tthis.next()\n\t\t\t\t\tbreak\n\n\t\t\t\tcase 'Escape':\n\t\t\t\t\tthis.close()\n\t\t\t\t\tbreak\n\t\t\t}\n\t\t},\n\t\tget previewEl() {\n\t\t\treturn this._previewEl\n\t\t},\n\t\tset previewEl(el) {\n\t\t\tthis.loading = true\n\n\t\t\tif (!this.noPush) {\n\t\t\t\tlet index = [...this.refs.grid.children].indexOf(el) + 1\n\t\t\t\tlet hash = el ? `#\/${ this.uid }\/${ index }` : ''\n\t\t\t\tlet url = location.pathname + hash\n\t\t\t\thistory.pushState(null, null, url)\n\t\t\t\twindow.dispatchEvent(new HashChangeEvent('hashchange'))\n\t\t\t}\n\n\t\t\tthis._previewEl = el\n\n\t\t\t\n\t\t\tsetTimeout(() =&gt; {\n\t\t\t\tif (el &#038;&#038; this.refs.image.naturalWidth &gt; 0) {\n\t\t\t\t\tthis.loading = false\n\t\t\t\t}\n\t\t\t})\n\t\t},\n\t\tget caption() {\n\t\t\t\n\t\t\treturn this.previewEl\n\t\t\t\t&#038;&#038; (\n\t\t\t\t\tthis.previewEl.dataset.caption\n\t\t\t\t)\n\t\t\t\t|| undefined\n\t\t},\n\t\tpreloadPrevious() {\n\t\t\tlet img = new Image()\n\t\t\timg.src = this.refs.grid.children[this.previewEl.dataset.prevIndex]\n\t\t},\n\t\tpreloadNext() {\n\t\t\tlet img = new Image()\n\t\t\timg.src = this.refs.grid.children[this.previewEl.dataset.nextIndex]\n\t\t},\n\t\tprevious() {\n\t\t\tif (this.previewEl) {\n\t\t\t\tthis.previewEl = this.refs.grid.children[this.previewEl.dataset.prevIndex]\n\t\t\t}\n\t\t},\n\t\tnext() {\n\t\t\tif (this.previewEl) {\n\t\t\t\tthis.previewEl = this.refs.grid.children[this.previewEl.dataset.nextIndex]\n\t\t\t}\n\t\t},\n\t\tclose() {\n\t\t\t\n\t\t\tthis.hide()\n\t\t\tsetTimeout(() =&gt; {\n\t\t\t\tthis.previewEl = null\n\t\t\t}, 400)\n\t\t},\n\n\t\t\n\t\t...transition({\n\t\t\tcss: {\n\t\t\t\topacity: 0,\n\t\t\t\ttransform: 'scale(1.05)',\n\t\t\t},\n\t\t\tduration: 400,\n\t\t}),\n\t}\"\n\tx-effect=\"toggle(previewEl !== null)\"\n\t:class=\"{ active: previewEl !== null }\"\n\t@keydown.document=\"onKeydown\"\n>\n\t<template x-teleport=\"body\">\n\t\t<div\n\t\t\trole=\"dialog\"\n\t\t\tclass=\"gallery-overlay\"\n\t\t\tstyle=\"display: none\"\n\t\t\tx-bind=\"target\"\n\t\t\tx-trap=\"previewEl !== null\"\n\t\t>\n\t\t\t<p class=\"sr-only\">Bienvenue dans la galerie. Appuyez sur Echap pour fermer ou sur les fl\u00e8ches gauche\/droite pour naviguer.<\/p>\n\t\t\t<button type=\"button\" class=\"gallery-control icon-button control-close\" @click=\"close\">\n\t\t\t\t<svg aria-hidden=\"true\" focusable=\"false\" width=\"10\" height=\"10\" viewBox=\"0 0 10 10\" xmlns=\"http:\/\/www.w3.org\/2000\/svg\"><path d=\"M8.75 0 10 1.25 6.25 5 10 8.75 8.75 10 5 6.25 1.25 10 0 8.75 3.75 5 0 1.25 1.25 0 5 3.75z\" fill=\"currentColor\" fill-rule=\"nonzero\"><\/path><\/svg>\n\t\t\t\t<span class=\"sr-only\">Fermer la galerie<\/span>\n\t\t\t<\/button>\n\t\t\t<button type=\"button\" class=\"gallery-control icon-button control-prev\" @click=\"previous\">\n\t\t\t\t<svg aria-hidden=\"true\" focusable=\"false\" width=\"6\" height=\"10\" viewBox=\"0 0 6 10\" xmlns=\"http:\/\/www.w3.org\/2000\/svg\"><path d=\"M4.667 10 6 8.571 2.667 5 6 1.429 4.667 0 0 5z\" fill=\"currentColor\" fill-rule=\"evenodd\"><\/path><\/svg>\n\t\t\t\t<span class=\"sr-only\">Image pr\u00e9c\u00e9dente<\/span>\n\t\t\t<\/button>\n\t\t\t<button type=\"button\" class=\"gallery-control icon-button control-next\" @click=\"next\">\n\t\t\t\t<svg aria-hidden=\"true\" focusable=\"false\" width=\"6\" height=\"10\" viewBox=\"0 0 6 10\" xmlns=\"http:\/\/www.w3.org\/2000\/svg\"><path d=\"M1.333 10 0 8.571 3.333 5 0 1.429 1.333 0 6 5z\" fill=\"currentColor\" fill-rule=\"evenodd\"><\/path><\/svg>\n\t\t\t\t<span class=\"sr-only\">Image suivante<\/span>\n\t\t\t<\/button>\n\t\t\t<div class=\"caption-container\" :class=\"{ active: !loading &#038;&#038; caption }\">\n\t\t\t\t<div id=\"gallery-1afe3011-b671-4214-afbb-a537eaad1f1a-caption\" class=\"control-caption\" x-text=\"caption\"><\/div>\n\t\t\t<\/div>\n\t\t\t<figure class=\"content\" x-ref=\"content\" :aria-labelledby=\"previewEl &#038;&#038; previewEl.dataset.alt ? &quot;gallery-1afe3011-b671-4214-afbb-a537eaad1f1a-caption&quot; : null\">\n\t\t\t\t<img\n\t\t\t\t\tx-ref=\"image\"\n\t\t\t\t\t:alt=\"previewEl &#038;&#038; previewEl.dataset.alt\"\n\t\t\t\t\t:src=\"previewEl &#038;&#038; previewEl.dataset.fullSrc\"\n\t\t\t\t\t:class=\"{ 'with-caption': !loading &#038;&#038; caption }\"\n\t\t\t\t\t:style=\"{ opacity: loading ? 0 : 1 }\"\n\t\t\t\t\t@load=\"loading = false; preloadNext(); preloadPrevious()\"\n\t\t\t\t>\n\t\t\t<\/figure>\n\t\t<\/div>\n\t<\/template>\n\t<div class=\"gallery-grid grid-layout\" x-ref=\"grid\">\n\t\t\t<a\n\t\t\t\thref=\"https:\/\/alpenbrevet.ch\/wp-content\/uploads\/Event-Village-5-1350x900.jpg\"\n\t\t\t\t@click.prevent=\"previewEl = $el\"\n\t\t\t\tdata-alt=\"\"\n\t\t\t\tdata-caption=\"\"\n\t\t\t\tdata-next-index=\"1\"\n\t\t\t\tdata-prev-index=\"6\"\n\t\t\t\tdata-full-src=\"https:\/\/alpenbrevet.ch\/wp-content\/uploads\/Event-Village-5-1350x900.jpg\"\n\t\t\t>\n\t\t\t\t<img loading=\"lazy\" decoding=\"async\" width=\"316\" height=\"316\" src=\"https:\/\/alpenbrevet.ch\/wp-content\/uploads\/Event-Village-5-316x316.jpg\" class=\"gallery-image tile\" alt=\"\" srcset=\"https:\/\/alpenbrevet.ch\/wp-content\/uploads\/Event-Village-5-316x316.jpg 316w, https:\/\/alpenbrevet.ch\/wp-content\/uploads\/Event-Village-5-150x150.jpg 150w, https:\/\/alpenbrevet.ch\/wp-content\/uploads\/Event-Village-5-632x632.jpg 632w\" sizes=\"auto, (max-width: 316px) 100vw, 316px\" \/>\n\t\t\t<\/a>\n\t\t\t<a\n\t\t\t\thref=\"https:\/\/alpenbrevet.ch\/wp-content\/uploads\/Event-Village-4-1350x900.jpg\"\n\t\t\t\t@click.prevent=\"previewEl = $el\"\n\t\t\t\tdata-alt=\"\"\n\t\t\t\tdata-caption=\"\"\n\t\t\t\tdata-next-index=\"2\"\n\t\t\t\tdata-prev-index=\"0\"\n\t\t\t\tdata-full-src=\"https:\/\/alpenbrevet.ch\/wp-content\/uploads\/Event-Village-4-1350x900.jpg\"\n\t\t\t>\n\t\t\t\t<img loading=\"lazy\" decoding=\"async\" width=\"316\" height=\"316\" src=\"https:\/\/alpenbrevet.ch\/wp-content\/uploads\/Event-Village-4-316x316.jpg\" class=\"gallery-image tile\" alt=\"\" srcset=\"https:\/\/alpenbrevet.ch\/wp-content\/uploads\/Event-Village-4-316x316.jpg 316w, https:\/\/alpenbrevet.ch\/wp-content\/uploads\/Event-Village-4-150x150.jpg 150w, https:\/\/alpenbrevet.ch\/wp-content\/uploads\/Event-Village-4-632x632.jpg 632w\" sizes=\"auto, (max-width: 316px) 100vw, 316px\" \/>\n\t\t\t<\/a>\n\t\t\t<a\n\t\t\t\thref=\"https:\/\/alpenbrevet.ch\/wp-content\/uploads\/Event-Village-3-1350x900.jpg\"\n\t\t\t\t@click.prevent=\"previewEl = $el\"\n\t\t\t\tdata-alt=\"\"\n\t\t\t\tdata-caption=\"\"\n\t\t\t\tdata-next-index=\"3\"\n\t\t\t\tdata-prev-index=\"1\"\n\t\t\t\tdata-full-src=\"https:\/\/alpenbrevet.ch\/wp-content\/uploads\/Event-Village-3-1350x900.jpg\"\n\t\t\t>\n\t\t\t\t<img loading=\"lazy\" decoding=\"async\" width=\"316\" height=\"316\" src=\"https:\/\/alpenbrevet.ch\/wp-content\/uploads\/Event-Village-3-316x316.jpg\" class=\"gallery-image tile\" alt=\"\" srcset=\"https:\/\/alpenbrevet.ch\/wp-content\/uploads\/Event-Village-3-316x316.jpg 316w, https:\/\/alpenbrevet.ch\/wp-content\/uploads\/Event-Village-3-150x150.jpg 150w, https:\/\/alpenbrevet.ch\/wp-content\/uploads\/Event-Village-3-632x632.jpg 632w\" sizes=\"auto, (max-width: 316px) 100vw, 316px\" \/>\n\t\t\t<\/a>\n\t\t\t<a\n\t\t\t\thref=\"https:\/\/alpenbrevet.ch\/wp-content\/uploads\/Event-Village-2-1350x900.jpg\"\n\t\t\t\t@click.prevent=\"previewEl = $el\"\n\t\t\t\tdata-alt=\"\"\n\t\t\t\tdata-caption=\"\"\n\t\t\t\tdata-next-index=\"4\"\n\t\t\t\tdata-prev-index=\"2\"\n\t\t\t\tdata-full-src=\"https:\/\/alpenbrevet.ch\/wp-content\/uploads\/Event-Village-2-1350x900.jpg\"\n\t\t\t>\n\t\t\t\t<img loading=\"lazy\" decoding=\"async\" width=\"316\" height=\"316\" src=\"https:\/\/alpenbrevet.ch\/wp-content\/uploads\/Event-Village-2-316x316.jpg\" class=\"gallery-image tile\" alt=\"\" srcset=\"https:\/\/alpenbrevet.ch\/wp-content\/uploads\/Event-Village-2-316x316.jpg 316w, https:\/\/alpenbrevet.ch\/wp-content\/uploads\/Event-Village-2-150x150.jpg 150w, https:\/\/alpenbrevet.ch\/wp-content\/uploads\/Event-Village-2-632x632.jpg 632w\" sizes=\"auto, (max-width: 316px) 100vw, 316px\" \/>\n\t\t\t<\/a>\n\t\t\t<a\n\t\t\t\thref=\"https:\/\/alpenbrevet.ch\/wp-content\/uploads\/Event-Village-1-1350x900.jpg\"\n\t\t\t\t@click.prevent=\"previewEl = $el\"\n\t\t\t\tdata-alt=\"\"\n\t\t\t\tdata-caption=\"\"\n\t\t\t\tdata-next-index=\"5\"\n\t\t\t\tdata-prev-index=\"3\"\n\t\t\t\tdata-full-src=\"https:\/\/alpenbrevet.ch\/wp-content\/uploads\/Event-Village-1-1350x900.jpg\"\n\t\t\t>\n\t\t\t\t<img loading=\"lazy\" decoding=\"async\" width=\"316\" height=\"316\" src=\"https:\/\/alpenbrevet.ch\/wp-content\/uploads\/Event-Village-1-316x316.jpg\" class=\"gallery-image tile\" alt=\"\" srcset=\"https:\/\/alpenbrevet.ch\/wp-content\/uploads\/Event-Village-1-316x316.jpg 316w, https:\/\/alpenbrevet.ch\/wp-content\/uploads\/Event-Village-1-150x150.jpg 150w, https:\/\/alpenbrevet.ch\/wp-content\/uploads\/Event-Village-1-632x632.jpg 632w\" sizes=\"auto, (max-width: 316px) 100vw, 316px\" \/>\n\t\t\t<\/a>\n\t\t\t<a\n\t\t\t\thref=\"https:\/\/alpenbrevet.ch\/wp-content\/uploads\/Event-Village-6-1350x900.jpg\"\n\t\t\t\t@click.prevent=\"previewEl = $el\"\n\t\t\t\tdata-alt=\"\"\n\t\t\t\tdata-caption=\"\"\n\t\t\t\tdata-next-index=\"6\"\n\t\t\t\tdata-prev-index=\"4\"\n\t\t\t\tdata-full-src=\"https:\/\/alpenbrevet.ch\/wp-content\/uploads\/Event-Village-6-1350x900.jpg\"\n\t\t\t>\n\t\t\t\t<img loading=\"lazy\" decoding=\"async\" width=\"316\" height=\"316\" src=\"https:\/\/alpenbrevet.ch\/wp-content\/uploads\/Event-Village-6-316x316.jpg\" class=\"gallery-image tile\" alt=\"\" srcset=\"https:\/\/alpenbrevet.ch\/wp-content\/uploads\/Event-Village-6-316x316.jpg 316w, https:\/\/alpenbrevet.ch\/wp-content\/uploads\/Event-Village-6-150x150.jpg 150w, https:\/\/alpenbrevet.ch\/wp-content\/uploads\/Event-Village-6-632x632.jpg 632w\" sizes=\"auto, (max-width: 316px) 100vw, 316px\" \/>\n\t\t\t<\/a>\n\t\t\t<a\n\t\t\t\thref=\"https:\/\/alpenbrevet.ch\/wp-content\/uploads\/Event-Village-7-1350x900.jpg\"\n\t\t\t\t@click.prevent=\"previewEl = $el\"\n\t\t\t\tdata-alt=\"\"\n\t\t\t\tdata-caption=\"\"\n\t\t\t\tdata-next-index=\"0\"\n\t\t\t\tdata-prev-index=\"5\"\n\t\t\t\tdata-full-src=\"https:\/\/alpenbrevet.ch\/wp-content\/uploads\/Event-Village-7-1350x900.jpg\"\n\t\t\t>\n\t\t\t\t<img loading=\"lazy\" decoding=\"async\" width=\"316\" height=\"316\" src=\"https:\/\/alpenbrevet.ch\/wp-content\/uploads\/Event-Village-7-316x316.jpg\" class=\"gallery-image tile\" alt=\"\" srcset=\"https:\/\/alpenbrevet.ch\/wp-content\/uploads\/Event-Village-7-316x316.jpg 316w, https:\/\/alpenbrevet.ch\/wp-content\/uploads\/Event-Village-7-150x150.jpg 150w, https:\/\/alpenbrevet.ch\/wp-content\/uploads\/Event-Village-7-632x632.jpg 632w\" sizes=\"auto, (max-width: 316px) 100vw, 316px\" \/>\n\t\t\t<\/a>\n\t<\/div>\n<\/div><\/div><\/div>\n<\/div>","protected":false},"excerpt":{"rendered":"<p>Event-Village Startseite Event-Village Le 6 septembre 2025, Andermatt sera au c\u0153ur de l&#8217;Alpenbrevet. Dans le village \u00e9v\u00e9nementiel, tout ce qui fait battre ton c\u0153ur de cycliste t&#8217;attend : enregistrement, d\u00e9part et arriv\u00e9e, exposants avec les meilleures marques, restauration et boissons, ainsi qu&#8217;une ambiance parfaite pour une journ\u00e9e inoubliable dans les Alpes, \u00e0 seulement 100 m\u00e8tres [&hellip;]<\/p>\n","protected":false},"author":2,"featured_media":9667,"parent":0,"menu_order":0,"comment_status":"closed","ping_status":"closed","template":"","meta":{"_acf_changed":false,"inline_featured_image":false,"footnotes":""},"class_list":["post-9690","page","type-page","status-publish","has-post-thumbnail","hentry"],"acf":[],"_links":{"self":[{"href":"https:\/\/alpenbrevet.ch\/fr\/wp-json\/wp\/v2\/pages\/9690","targetHints":{"allow":["GET"]}}],"collection":[{"href":"https:\/\/alpenbrevet.ch\/fr\/wp-json\/wp\/v2\/pages"}],"about":[{"href":"https:\/\/alpenbrevet.ch\/fr\/wp-json\/wp\/v2\/types\/page"}],"author":[{"embeddable":true,"href":"https:\/\/alpenbrevet.ch\/fr\/wp-json\/wp\/v2\/users\/2"}],"replies":[{"embeddable":true,"href":"https:\/\/alpenbrevet.ch\/fr\/wp-json\/wp\/v2\/comments?post=9690"}],"version-history":[{"count":2,"href":"https:\/\/alpenbrevet.ch\/fr\/wp-json\/wp\/v2\/pages\/9690\/revisions"}],"predecessor-version":[{"id":9773,"href":"https:\/\/alpenbrevet.ch\/fr\/wp-json\/wp\/v2\/pages\/9690\/revisions\/9773"}],"wp:featuredmedia":[{"embeddable":true,"href":"https:\/\/alpenbrevet.ch\/fr\/wp-json\/wp\/v2\/media\/9667"}],"wp:attachment":[{"href":"https:\/\/alpenbrevet.ch\/fr\/wp-json\/wp\/v2\/media?parent=9690"}],"curies":[{"name":"wp","href":"https:\/\/api.w.org\/{rel}","templated":true}]}}