{"id":9742,"date":"2025-08-21T15:07:44","date_gmt":"2025-08-21T13:07:44","guid":{"rendered":"https:\/\/alpenbrevet.ch\/routebook\/"},"modified":"2025-08-21T16:03:44","modified_gmt":"2025-08-21T14:03:44","slug":"routebook","status":"publish","type":"page","link":"https:\/\/alpenbrevet.ch\/fr\/routebook\/","title":{"rendered":"Routebook"},"content":{"rendered":"\n<div class=\"intro-section page-section style-default layout-default align-default with-content\">\n\t<div class=\"section-grid grid-layout container\">\n\t\t<div style=\"--grid-layout-index: 1; --col-xs: 12; --col-sm: 12; --col-md: 12; --col-lg: 12; --col-xl: 12\" class=\"section-item layout-default layout-margin-default\">\n\t\t\t<div class=\"intro-background-title\" data-content=\"2025\">2025<\/div>\n\t\t\t<div class=\"intro-title-wrapper\">\n\t\t\t\t<h1 class=\"intro-title\">Routebook<\/h1>\n\t\t\t<\/div>\n\t\t\t<div class=\"intro-content lead-text\">\n\t\t\t\t<p>Dans le Routebook, tu trouveras les horaires importants, des informations sur le lieu de l&#8217;\u00e9v\u00e9nement et ton parcours, ainsi que les r\u00e8gles essentielles \u00e0 respecter dans la circulation routi\u00e8re. Merci de lire attentivement le carnet de route avant l&#8217;Alpenbrevet. Cela r\u00e9pondra certainement \u00e0 beaucoup de tes questions \ud83d\ude09<\/p>\n\n\t\t\t<\/div>\n\t\t<\/div>\n\t<\/div>\n<\/div>\n\n<div  class=\"page-section style-default layout-default align-default\">\n\t<div class=\"section-grid grid-layout container\"><div  style=\"--grid-layout-index: 1\" class=\"section-item layout-default layout-margin-default\">\n\t<div class=\"downloads-grid grid-layout\">\n\n\n\t\t\t<div\n\t\t\t\tclass=\"download-wrapper\"\n\t\t\t\tx-data=\"{\n\t\t\t\t\twrapper: $el,\n\t\t\t\t\tleadEndpoint: &quot;https:\\\/\\\/alpenbrevet.ch\\\/fr\\\/wp-json\\\/tds\\\/lead&quot;,\n\t\t\t\t\tleadGenerated: localStorage.getItem('leadGeneratedEmail'),\n\t\t\t\t\thidePopup() {\n\t\t\t\t\t\tif (!location.hash.startsWith('#file-')) return\n\t\t\t\t\t\tlet url = location.pathname\n\t\t\t\t\t\thistory.replaceState(null, null, url)\n\t\t\t\t\t\twindow.dispatchEvent(new HashChangeEvent('hashchange'))\n\t\t\t\t\t},\n\t\t\t\t\tgenerateLead(event) {\n\t\t\t\t\t\tevent.preventDefault()\n\t\t\t\t\t\tif (!event.target.checkValidity()) {\n\t\t\t\t\t\t\tevent.target.reportValidity()\n\t\t\t\t\t\t\treturn\n\t\t\t\t\t\t}\n\n\t\t\t\t\t\tconst data = Object.fromEntries(new FormData(event.target).entries())\n\n\t\t\t\t\t\tlocalStorage.setItem('leadGeneratedEmail', data.email)\n\t\t\t\t\t\tthis.leadGenerated = true\n\n\t\t\t\t\t\t$nextTick(() =&gt; {\n\t\t\t\t\t\t\tthis.wrapper\n\t\t\t\t\t\t\t\t.querySelector('a[data-file-id=&quot;' + event.target.dataset.fileId + '&quot;]')\n\t\t\t\t\t\t\t\t?.click()\n\t\t\t\t\t\t})\n\n\t\t\t\t\t\tthis.hidePopup()\n\n\t\t\t\t\t\tfetch(this.leadEndpoint, {\n\t\t\t\t\t\t\tmethod: 'POST',\n\t\t\t\t\t\t\theaders: {\n\t\t\t\t\t\t\t\t'Content-Type': 'application\/json',\n\t\t\t\t\t\t\t},\n\t\t\t\t\t\t\tbody: JSON.stringify(data),\n\t\t\t\t\t\t})\n\t\t\t\t\t},\n\t\t\t\t\tnotificationEndpoint: &quot;https:\\\/\\\/alpenbrevet.ch\\\/fr\\\/wp-json\\\/tds\\\/notify-download&quot;,\n\t\t\t\t\tonDownload(event) {\n\t\t\t\t\t\tif (event.currentTarget.getAttribute('href').startsWith('#')) return\n\t\t\t\t\t\tconst email = localStorage.getItem('leadGeneratedEmail')\n\t\t\t\t\t\tif (!email) return\n\n\t\t\t\t\t\tfetch(this.notificationEndpoint, {\n\t\t\t\t\t\t\tmethod: 'POST',\n\t\t\t\t\t\t\theaders: {\n\t\t\t\t\t\t\t\t'Content-Type': 'application\/json',\n\t\t\t\t\t\t\t},\n\t\t\t\t\t\t\tbody: JSON.stringify({ email, file: &quot;Routebook (DE)&quot; }),\n\t\t\t\t\t\t})\n\t\t\t\t\t},\n\t\t\t\t}\"\n\t\t\t\tx-init=\"if (leadGenerated) hidePopup()\"\n\t\t\t>\n\n\n<div class=\"box-wrapper\">\n\t<a class=\"box download-box can-hover with-preview\" href=\"https:\/\/alpenbrevet.ch\/wp-content\/uploads\/SCAP2025_Routebook_DE.pdf\" data-file-id=\"9745\" download\n\t>\n\t\t<div class=\"box-inner\">\n\t\t\t\t\t\t<div class=\"preview\">\n\t\t\t\t\t\t\t\t<div class=\"extension-badge\">\n\t\t\t\t\t\t\t\t\tPDF\n\t\t\t\t\t\t\t\t<\/div>\n\t\t\t\t\t\t\t\t<img loading=\"lazy\" decoding=\"async\" width=\"445\" height=\"250\" src=\"https:\/\/alpenbrevet.ch\/wp-content\/uploads\/routebook-445x250.png\" class=\"attachment-download-preview size-download-preview\" alt=\"\" srcset=\"https:\/\/alpenbrevet.ch\/wp-content\/uploads\/routebook-445x250.png 445w, https:\/\/alpenbrevet.ch\/wp-content\/uploads\/routebook-890x500.png 890w\" sizes=\"auto, (max-width: 445px) 100vw, 445px\" \/>\n\t\t\t\t\t\t<\/div>\n\t\t\t\t\t\t<div class=\"download-label\">\n\t\t\t\t\t\t\t<div class=\"h5\">Routebook (DE)<\/div>\n\t\t\t\t\t\t\t<span class=\"button style-text with-arrow\">T\u00e9l\u00e9charger<\/span>\n\t\t\t\t\t\t<\/div>\n\t\t<\/div>\n\t<\/a>\n<\/div>\n\t\t\t<\/div>\n\n\n\t\t\t<div\n\t\t\t\tclass=\"download-wrapper\"\n\t\t\t\tx-data=\"{\n\t\t\t\t\twrapper: $el,\n\t\t\t\t\tleadEndpoint: &quot;https:\\\/\\\/alpenbrevet.ch\\\/fr\\\/wp-json\\\/tds\\\/lead&quot;,\n\t\t\t\t\tleadGenerated: localStorage.getItem('leadGeneratedEmail'),\n\t\t\t\t\thidePopup() {\n\t\t\t\t\t\tif (!location.hash.startsWith('#file-')) return\n\t\t\t\t\t\tlet url = location.pathname\n\t\t\t\t\t\thistory.replaceState(null, null, url)\n\t\t\t\t\t\twindow.dispatchEvent(new HashChangeEvent('hashchange'))\n\t\t\t\t\t},\n\t\t\t\t\tgenerateLead(event) {\n\t\t\t\t\t\tevent.preventDefault()\n\t\t\t\t\t\tif (!event.target.checkValidity()) {\n\t\t\t\t\t\t\tevent.target.reportValidity()\n\t\t\t\t\t\t\treturn\n\t\t\t\t\t\t}\n\n\t\t\t\t\t\tconst data = Object.fromEntries(new FormData(event.target).entries())\n\n\t\t\t\t\t\tlocalStorage.setItem('leadGeneratedEmail', data.email)\n\t\t\t\t\t\tthis.leadGenerated = true\n\n\t\t\t\t\t\t$nextTick(() =&gt; {\n\t\t\t\t\t\t\tthis.wrapper\n\t\t\t\t\t\t\t\t.querySelector('a[data-file-id=&quot;' + event.target.dataset.fileId + '&quot;]')\n\t\t\t\t\t\t\t\t?.click()\n\t\t\t\t\t\t})\n\n\t\t\t\t\t\tthis.hidePopup()\n\n\t\t\t\t\t\tfetch(this.leadEndpoint, {\n\t\t\t\t\t\t\tmethod: 'POST',\n\t\t\t\t\t\t\theaders: {\n\t\t\t\t\t\t\t\t'Content-Type': 'application\/json',\n\t\t\t\t\t\t\t},\n\t\t\t\t\t\t\tbody: JSON.stringify(data),\n\t\t\t\t\t\t})\n\t\t\t\t\t},\n\t\t\t\t\tnotificationEndpoint: &quot;https:\\\/\\\/alpenbrevet.ch\\\/fr\\\/wp-json\\\/tds\\\/notify-download&quot;,\n\t\t\t\t\tonDownload(event) {\n\t\t\t\t\t\tif (event.currentTarget.getAttribute('href').startsWith('#')) return\n\t\t\t\t\t\tconst email = localStorage.getItem('leadGeneratedEmail')\n\t\t\t\t\t\tif (!email) return\n\n\t\t\t\t\t\tfetch(this.notificationEndpoint, {\n\t\t\t\t\t\t\tmethod: 'POST',\n\t\t\t\t\t\t\theaders: {\n\t\t\t\t\t\t\t\t'Content-Type': 'application\/json',\n\t\t\t\t\t\t\t},\n\t\t\t\t\t\t\tbody: JSON.stringify({ email, file: &quot;Routebook (EN)&quot; }),\n\t\t\t\t\t\t})\n\t\t\t\t\t},\n\t\t\t\t}\"\n\t\t\t\tx-init=\"if (leadGenerated) hidePopup()\"\n\t\t\t>\n\n\n<div class=\"box-wrapper\">\n\t<a class=\"box download-box can-hover with-preview\" href=\"https:\/\/alpenbrevet.ch\/wp-content\/uploads\/SCAP2025_Routebook_EN.pdf\" data-file-id=\"9748\" download\n\t>\n\t\t<div class=\"box-inner\">\n\t\t\t\t\t\t<div class=\"preview\">\n\t\t\t\t\t\t\t\t<div class=\"extension-badge\">\n\t\t\t\t\t\t\t\t\tPDF\n\t\t\t\t\t\t\t\t<\/div>\n\t\t\t\t\t\t\t\t<img loading=\"lazy\" decoding=\"async\" width=\"445\" height=\"250\" src=\"https:\/\/alpenbrevet.ch\/wp-content\/uploads\/routebook-445x250.png\" class=\"attachment-download-preview size-download-preview\" alt=\"\" srcset=\"https:\/\/alpenbrevet.ch\/wp-content\/uploads\/routebook-445x250.png 445w, https:\/\/alpenbrevet.ch\/wp-content\/uploads\/routebook-890x500.png 890w\" sizes=\"auto, (max-width: 445px) 100vw, 445px\" \/>\n\t\t\t\t\t\t<\/div>\n\t\t\t\t\t\t<div class=\"download-label\">\n\t\t\t\t\t\t\t<div class=\"h5\">Routebook (EN)<\/div>\n\t\t\t\t\t\t\t<span class=\"button style-text with-arrow\">T\u00e9l\u00e9charger<\/span>\n\t\t\t\t\t\t<\/div>\n\t\t<\/div>\n\t<\/a>\n<\/div>\n\t\t\t<\/div>\n\t<\/div>\n\n<p>Status: 21.8.2025<\/p>\n<\/div><\/div>\n<\/div>","protected":false},"excerpt":{"rendered":"<p>2025 Routebook Dans le Routebook, tu trouveras les horaires importants, des informations sur le lieu de l&#8217;\u00e9v\u00e9nement et ton parcours, ainsi que les r\u00e8gles essentielles \u00e0 respecter dans la circulation routi\u00e8re. Merci de lire attentivement le carnet de route avant l&#8217;Alpenbrevet. Cela r\u00e9pondra certainement \u00e0 beaucoup de tes questions \ud83d\ude09 PDF Routebook (DE) T\u00e9l\u00e9charger PDF [&hellip;]<\/p>\n","protected":false},"author":2,"featured_media":0,"parent":0,"menu_order":0,"comment_status":"closed","ping_status":"closed","template":"","meta":{"_acf_changed":false,"inline_featured_image":false,"footnotes":""},"class_list":["post-9742","page","type-page","status-publish","hentry"],"acf":[],"_links":{"self":[{"href":"https:\/\/alpenbrevet.ch\/fr\/wp-json\/wp\/v2\/pages\/9742","targetHints":{"allow":["GET"]}}],"collection":[{"href":"https:\/\/alpenbrevet.ch\/fr\/wp-json\/wp\/v2\/pages"}],"about":[{"href":"https:\/\/alpenbrevet.ch\/fr\/wp-json\/wp\/v2\/types\/page"}],"author":[{"embeddable":true,"href":"https:\/\/alpenbrevet.ch\/fr\/wp-json\/wp\/v2\/users\/2"}],"replies":[{"embeddable":true,"href":"https:\/\/alpenbrevet.ch\/fr\/wp-json\/wp\/v2\/comments?post=9742"}],"version-history":[{"count":2,"href":"https:\/\/alpenbrevet.ch\/fr\/wp-json\/wp\/v2\/pages\/9742\/revisions"}],"predecessor-version":[{"id":9753,"href":"https:\/\/alpenbrevet.ch\/fr\/wp-json\/wp\/v2\/pages\/9742\/revisions\/9753"}],"wp:attachment":[{"href":"https:\/\/alpenbrevet.ch\/fr\/wp-json\/wp\/v2\/media?parent=9742"}],"curies":[{"name":"wp","href":"https:\/\/api.w.org\/{rel}","templated":true}]}}